{"id":22165,"date":"2026-02-03T23:32:18","date_gmt":"2026-02-03T20:32:18","guid":{"rendered":"https:\/\/a-pant.ee\/product\/krestovoy-lazer-bosch-gll-3-50\/"},"modified":"2026-02-22T12:50:48","modified_gmt":"2026-02-22T09:50:48","slug":"krestovoj-lazer-bosch-gll-3-50-krepleniya-chemodan","status":"publish","type":"product","link":"https:\/\/a-pant.ee\/ru\/product\/krestovoj-lazer-bosch-gll-3-50-krepleniya-chemodan\/","title":{"rendered":"\u041a\u0440\u0435\u0441\u0442\u043e\u0432\u043e\u0439 \u043b\u0430\u0437\u0435\u0440 Bosch GLL 3-50 + \u043a\u0440\u0435\u043f\u043b\u0435\u043d\u0438\u044f + \u0447\u0435\u043c\u043e\u0434\u0430\u043d"},"content":{"rendered":"\n<p> \u00a0Ristjoonlaser Bosch GLL 3-50 + kinnitus + kohver, heas seisu- ja t\u00f6\u00f6korras! <\/p><p> KIRJELDUS <\/p><p> TootjaBosch <\/p><p> Kaal0.965 kg <\/p><p> Kogukaal koos pakendiga1,805 kg <\/p><p> Pakendi m\u00f5\u00f5tmed337x210x130 mm <\/p><p> Professionaalidele \/ AsjaarmastajateleProfessionaalidele <\/p><p> Aku pinge1,5 V <\/p><p> Aku maht ja suurus4xAA <\/p><p> Laseri t\u00fc\u00fcpRistjoonlaser <\/p><p> Laseri klass2 <\/p><p> T\u00e4psus\u00b10,3 mm\/m <\/p><p> T\u00f6\u00f6ulatus10 m <\/p><p> Maksimaalne m\u00f5\u00f5tmiskaugus vastuv\u00f5tjaga50 m <\/p><p> Vertikaalne laserkiirJah <\/p><p> Horisontaalne laserkiirJah <\/p><p> Laserkiire v\u00e4rvusPunane <\/p><p> Komplektis jalgBS 150 <\/p>\n","protected":false},"excerpt":{"rendered":"<p>\u00a0Ristjoonlaser Bosch GLL 3-50 + kinnitus + kohver, heas seisu- ja t\u00f6\u00f6korras! KIRJELDUS TootjaBosch Kaal0.965 kg Kogukaal koos pakendiga1,805 kg Pakendi m\u00f5\u00f5tmed337x210x130 mm Professionaalidele \/ AsjaarmastajateleProfessionaalidele Aku pinge1,5 V Aku maht ja suurus4xAA Laseri t\u00fc\u00fcpRistjoonlaser Laseri klass2 T\u00e4psus\u00b10,3 mm\/m T\u00f6\u00f6ulatus10 m Maksimaalne m\u00f5\u00f5tmiskaugus vastuv\u00f5tjaga50 m Vertikaalne laserkiirJah Horisontaalne laserkiirJah Laserkiire v\u00e4rvusPunane Komplektis jalgBS 150<\/p>\n","protected":false},"featured_media":22166,"comment_status":"closed","ping_status":"open","template":"","meta":{"inline_featured_image":false},"product_brand":[],"product_cat":[232],"product_tag":[],"class_list":{"0":"post-22165","1":"product","2":"type-product","3":"status-publish","4":"has-post-thumbnail","6":"product_cat-lazernye-niveliry","7":"pa_asukoht-lasnamae","8":"pa_seisukord-ispolzovano","10":"first","11":"instock","12":"taxable","13":"shipping-taxable","14":"purchasable","15":"product-type-simple"},"_links":{"self":[{"href":"https:\/\/a-pant.ee\/ru\/wp-json\/wp\/v2\/product\/22165","targetHints":{"allow":["GET"]}}],"collection":[{"href":"https:\/\/a-pant.ee\/ru\/wp-json\/wp\/v2\/product"}],"about":[{"href":"https:\/\/a-pant.ee\/ru\/wp-json\/wp\/v2\/types\/product"}],"replies":[{"embeddable":true,"href":"https:\/\/a-pant.ee\/ru\/wp-json\/wp\/v2\/comments?post=22165"}],"wp:featuredmedia":[{"embeddable":true,"href":"https:\/\/a-pant.ee\/ru\/wp-json\/wp\/v2\/media\/22166"}],"wp:attachment":[{"href":"https:\/\/a-pant.ee\/ru\/wp-json\/wp\/v2\/media?parent=22165"}],"wp:term":[{"taxonomy":"product_brand","embeddable":true,"href":"https:\/\/a-pant.ee\/ru\/wp-json\/wp\/v2\/product_brand?post=22165"},{"taxonomy":"product_cat","embeddable":true,"href":"https:\/\/a-pant.ee\/ru\/wp-json\/wp\/v2\/product_cat?post=22165"},{"taxonomy":"product_tag","embeddable":true,"href":"https:\/\/a-pant.ee\/ru\/wp-json\/wp\/v2\/product_tag?post=22165"}],"curies":[{"name":"wp","href":"https:\/\/api.w.org\/{rel}","templated":true}]}}