{"id":22151,"date":"2026-02-03T23:32:18","date_gmt":"2026-02-03T20:32:18","guid":{"rendered":"https:\/\/a-pant.ee\/product\/akkumulyatornaya-otvertka-makita-dtd152\/"},"modified":"2026-02-22T12:50:47","modified_gmt":"2026-02-22T09:50:47","slug":"akkumulyatornaya-otvertka-makita-dtd152-bez-akum","status":"publish","type":"product","link":"https:\/\/a-pant.ee\/ru\/product\/akkumulyatornaya-otvertka-makita-dtd152-bez-akum\/","title":{"rendered":"\u0410\u043a\u043a\u0443\u043c\u0443\u043b\u044f\u0442\u043e\u0440\u043d\u0430\u044f \u041e\u0442\u0432\u0435\u0440\u0442\u043a\u0430 Makita DTD152 \u0411\u0435\u0437 \u0410\u043a\u0443\u043c"},"content":{"rendered":"\n<p> Akukruvikeeraja Makita DTD152 ilma akuta\u00a0, heas seisu- ja t\u00f6\u00f6korras! <\/p><p> KIRJELDUS <\/p><div><table><tbody><tr><td> Toote t\u00fc\u00fcp <\/td><td><a href=\"https:\/\/www.k-rauta.ee\/c\/tooriistad\/akutooriistad-tarvikud\/akutrellid-kruvikeerajad\/4h?f=4anz\" rel=\"nofollow noopener\" target=\"_blank\"> Kruvikeeraja <\/a><\/td><\/tr><tr><td> Kaubam\u00e4rk <\/td><td><a href=\"https:\/\/www.k-rauta.ee\/c\/tooriistad\/akutooriistad-tarvikud\/akutrellid-kruvikeerajad\/4h?f=402r\" rel=\"nofollow noopener\" target=\"_blank\"> Makita <\/a><\/td><\/tr><tr><td> Mudel <\/td><td> DTD152 <\/td><\/tr><tr><td> Kaal <\/td><td> 1.3 kg <\/td><\/tr><tr><td> Pikkus <\/td><td> 138 mm <\/td><\/tr><tr><td> Laius <\/td><td> 79 mm <\/td><\/tr><tr><td> P\u00f6\u00f6rete arv t\u00fchik\u00e4igul <\/td><td><a href=\"https:\/\/www.k-rauta.ee\/c\/tooriistad\/akutooriistad-tarvikud\/akutrellid-kruvikeerajad\/4h?f=4978\" rel=\"nofollow noopener\" target=\"_blank\"> 0-2900 <\/a><\/td><\/tr><\/tbody><\/table><\/div><div><table><tbody><tr><td> K\u00e4ikude arv <\/td><td> 1 <\/td><\/tr><tr><td> Maksimaalne p\u00f6\u00f6rdemoment, Nm <\/td><td> 165 <\/td><\/tr><tr><td> Haaratsi l\u00e4bim\u00f5\u00f5t <\/td><td> 6.35 mm <\/td><\/tr><tr><td> L\u00f6\u00f6kide arv minutis <\/td><td> 3500 <\/td><\/tr><tr><td> Aku t\u00fc\u00fcp <\/td><td> Li-ion <\/td><\/tr><\/tbody><\/table><\/div>\n","protected":false},"excerpt":{"rendered":"<p>Akukruvikeeraja Makita DTD152 ilma akuta\u00a0, heas seisu- ja t\u00f6\u00f6korras! KIRJELDUS Toote t\u00fc\u00fcp Kruvikeeraja Kaubam\u00e4rk Makita Mudel DTD152 Kaal 1.3 kg Pikkus 138 mm Laius 79 mm P\u00f6\u00f6rete arv t\u00fchik\u00e4igul 0-2900 K\u00e4ikude arv 1 Maksimaalne p\u00f6\u00f6rdemoment, Nm 165 Haaratsi l\u00e4bim\u00f5\u00f5t 6.35 mm L\u00f6\u00f6kide arv minutis 3500 Aku t\u00fc\u00fcp Li-ion<\/p>\n","protected":false},"featured_media":22152,"comment_status":"closed","ping_status":"open","template":"","meta":{"inline_featured_image":false},"product_brand":[],"product_cat":[221],"product_tag":[],"class_list":{"0":"post-22151","1":"product","2":"type-product","3":"status-publish","4":"has-post-thumbnail","6":"product_cat-akkumulyatornye-dreli","7":"pa_asukoht-mustamae","8":"pa_seisukord-ispolzovano","10":"first","11":"instock","12":"taxable","13":"shipping-taxable","14":"purchasable","15":"product-type-simple"},"_links":{"self":[{"href":"https:\/\/a-pant.ee\/ru\/wp-json\/wp\/v2\/product\/22151","targetHints":{"allow":["GET"]}}],"collection":[{"href":"https:\/\/a-pant.ee\/ru\/wp-json\/wp\/v2\/product"}],"about":[{"href":"https:\/\/a-pant.ee\/ru\/wp-json\/wp\/v2\/types\/product"}],"replies":[{"embeddable":true,"href":"https:\/\/a-pant.ee\/ru\/wp-json\/wp\/v2\/comments?post=22151"}],"wp:featuredmedia":[{"embeddable":true,"href":"https:\/\/a-pant.ee\/ru\/wp-json\/wp\/v2\/media\/22152"}],"wp:attachment":[{"href":"https:\/\/a-pant.ee\/ru\/wp-json\/wp\/v2\/media?parent=22151"}],"wp:term":[{"taxonomy":"product_brand","embeddable":true,"href":"https:\/\/a-pant.ee\/ru\/wp-json\/wp\/v2\/product_brand?post=22151"},{"taxonomy":"product_cat","embeddable":true,"href":"https:\/\/a-pant.ee\/ru\/wp-json\/wp\/v2\/product_cat?post=22151"},{"taxonomy":"product_tag","embeddable":true,"href":"https:\/\/a-pant.ee\/ru\/wp-json\/wp\/v2\/product_tag?post=22151"}],"curies":[{"name":"wp","href":"https:\/\/api.w.org\/{rel}","templated":true}]}}