{"id":22140,"date":"2026-02-03T23:32:18","date_gmt":"2026-02-03T20:32:18","guid":{"rendered":"https:\/\/a-pant.ee\/product\/bluetooth-naushniki-panasonic-rb-m700b\/"},"modified":"2026-02-22T12:50:47","modified_gmt":"2026-02-22T09:50:47","slug":"bluetooth-naushniki-panasonic-rb-m700b-korobka-kabel","status":"publish","type":"product","link":"https:\/\/a-pant.ee\/ru\/product\/bluetooth-naushniki-panasonic-rb-m700b-korobka-kabel\/","title":{"rendered":"Bluetooth \u041d\u0430\u0443\u0448\u043d\u0438\u043a\u0438 Panasonic RB-M700B + \u043a\u043e\u0440\u043e\u0431\u043a\u0430 + \u043a\u0430\u0431\u0435\u043b\u044c"},"content":{"rendered":"\n<p> Bluetooth K\u00f5rvaklapid Panasonic RB-M700B + karp + kaabel, heas seisu- ja t\u00f6\u00f6korras! <\/p><p> KIRJELDUS <\/p><p> Kauba ID:2056172 <\/p><p> Kategooria:K\u00f5rvaklapid <\/p><p> Tootepakendite arv:1 tk. <\/p><p> Paki suurus ja kaal (1): 0,55 x 0,217 x 0,262 m, 0,838 kg <\/p><p> Kaubam\u00e4rk: Panasonic <\/p><p> T\u00fc\u00fcp: Juhtmevabad k\u00f5rvaklapid <\/p><p> Kandmise viis: K\u00f5rvaklapid (On\/Over-Ear) <\/p><p> Eesm\u00e4rk:Universaalne <\/p><p> V\u00e4rv: Must <\/p><p> Liidese t\u00fc\u00fcp: Bluetooth, 3.5 mm jack <\/p><p> Juhtme pikkus:1.2 m <\/p><p> Sageduskaja: 20 &#8212; 20000 Hz <\/p><p> Tundlikkus: 100 dB <\/p><p> Takistus (\u03a9):27 \u03a9 <\/p><p> Mikrofon:Jah <\/p><p> Membraani l\u00e4bim\u00f5\u00f5t (mm): 40 mm <\/p><p> Pakendi sisu: Kaabel, K\u00f5rvaklapid <\/p>\n","protected":false},"excerpt":{"rendered":"<p>Bluetooth K\u00f5rvaklapid Panasonic RB-M700B + karp + kaabel, heas seisu- ja t\u00f6\u00f6korras! KIRJELDUS Kauba ID:2056172 Kategooria:K\u00f5rvaklapid Tootepakendite arv:1 tk. Paki suurus ja kaal (1): 0,55 x 0,217 x 0,262 m, 0,838 kg Kaubam\u00e4rk: Panasonic T\u00fc\u00fcp: Juhtmevabad k\u00f5rvaklapid Kandmise viis: K\u00f5rvaklapid (On\/Over-Ear) Eesm\u00e4rk:Universaalne V\u00e4rv: Must Liidese t\u00fc\u00fcp: Bluetooth, 3.5 mm jack Juhtme pikkus:1.2 m Sageduskaja: 20 [&hellip;]<\/p>\n","protected":false},"featured_media":22141,"comment_status":"closed","ping_status":"open","template":"","meta":{"inline_featured_image":false},"product_brand":[],"product_cat":[168],"product_tag":[],"class_list":{"0":"post-22140","1":"product","2":"type-product","3":"status-publish","4":"has-post-thumbnail","6":"product_cat-naushniki","7":"pa_asukoht-mustamae","8":"pa_seisukord-ispolzovano","10":"first","11":"instock","12":"taxable","13":"shipping-taxable","14":"purchasable","15":"product-type-simple"},"_links":{"self":[{"href":"https:\/\/a-pant.ee\/ru\/wp-json\/wp\/v2\/product\/22140","targetHints":{"allow":["GET"]}}],"collection":[{"href":"https:\/\/a-pant.ee\/ru\/wp-json\/wp\/v2\/product"}],"about":[{"href":"https:\/\/a-pant.ee\/ru\/wp-json\/wp\/v2\/types\/product"}],"replies":[{"embeddable":true,"href":"https:\/\/a-pant.ee\/ru\/wp-json\/wp\/v2\/comments?post=22140"}],"wp:featuredmedia":[{"embeddable":true,"href":"https:\/\/a-pant.ee\/ru\/wp-json\/wp\/v2\/media\/22141"}],"wp:attachment":[{"href":"https:\/\/a-pant.ee\/ru\/wp-json\/wp\/v2\/media?parent=22140"}],"wp:term":[{"taxonomy":"product_brand","embeddable":true,"href":"https:\/\/a-pant.ee\/ru\/wp-json\/wp\/v2\/product_brand?post=22140"},{"taxonomy":"product_cat","embeddable":true,"href":"https:\/\/a-pant.ee\/ru\/wp-json\/wp\/v2\/product_cat?post=22140"},{"taxonomy":"product_tag","embeddable":true,"href":"https:\/\/a-pant.ee\/ru\/wp-json\/wp\/v2\/product_tag?post=22140"}],"curies":[{"name":"wp","href":"https:\/\/api.w.org\/{rel}","templated":true}]}}