{"id":22134,"date":"2026-02-03T23:25:38","date_gmt":"2026-02-03T20:25:38","guid":{"rendered":"https:\/\/a-pant.ee\/product\/besprovodnye-naushniki-apple-airpods-1\/"},"modified":"2026-02-22T12:50:53","modified_gmt":"2026-02-22T09:50:53","slug":"besprovodnye-naushniki-apple-airpods-1-korobka-provod","status":"publish","type":"product","link":"https:\/\/a-pant.ee\/ru\/product\/besprovodnye-naushniki-apple-airpods-1-korobka-provod\/","title":{"rendered":"\u0411\u0435\u0441\u043f\u0440\u043e\u0432\u043e\u0434\u043d\u044b\u0435 \u043d\u0430\u0443\u0448\u043d\u0438\u043a\u0438 Apple AirPods 1 + \u043a\u043e\u0440\u043e\u0431\u043a\u0430 + \u043f\u0440\u043e\u0432\u043e\u0434"},"content":{"rendered":"\n<div id=\"description\"><div><p><b> K\u00f5rvaklappid Apple AirPods 1 + karp + juhe\u00a0 <\/b> , heas seisu- ja t\u00f6\u00f6korras! <\/p><p> Linerite ehitus (avatud) <br \/> Connect Bluetooth 5.0. <br \/> Case laadimisliigi v\u00e4lk <br \/> Mikrofonide arv 2. <br \/> D\u00fcnaamiliste heitmete t\u00fc\u00fcp <br \/> Juhtide arv 1. <br \/> T\u00f6\u00f6aeg 5 tundi <br \/> Aku eluiga 24 tundi <br \/> Impedants 32 oomi. <br \/> Reprodutseeritav sagedusvahemik 20-20000 Hz <\/p><\/div><\/div>\n","protected":false},"excerpt":{"rendered":"<p>K\u00f5rvaklappid Apple AirPods 1 + karp + juhe\u00a0 , heas seisu- ja t\u00f6\u00f6korras! Linerite ehitus (avatud) Connect Bluetooth 5.0. Case laadimisliigi v\u00e4lk Mikrofonide arv 2. D\u00fcnaamiliste heitmete t\u00fc\u00fcp Juhtide arv 1. T\u00f6\u00f6aeg 5 tundi Aku eluiga 24 tundi Impedants 32 oomi. Reprodutseeritav sagedusvahemik 20-20000 Hz<\/p>\n","protected":false},"featured_media":22135,"comment_status":"closed","ping_status":"closed","template":"","meta":{"inline_featured_image":false},"product_brand":[],"product_cat":[168],"product_tag":[],"class_list":{"0":"post-22134","1":"product","2":"type-product","3":"status-publish","4":"has-post-thumbnail","6":"product_cat-naushniki","7":"pa_asukoht-mustamae","8":"pa_seisukord-ispolzovano","10":"first","11":"outofstock","12":"taxable","13":"shipping-taxable","14":"purchasable","15":"product-type-simple"},"_links":{"self":[{"href":"https:\/\/a-pant.ee\/ru\/wp-json\/wp\/v2\/product\/22134","targetHints":{"allow":["GET"]}}],"collection":[{"href":"https:\/\/a-pant.ee\/ru\/wp-json\/wp\/v2\/product"}],"about":[{"href":"https:\/\/a-pant.ee\/ru\/wp-json\/wp\/v2\/types\/product"}],"replies":[{"embeddable":true,"href":"https:\/\/a-pant.ee\/ru\/wp-json\/wp\/v2\/comments?post=22134"}],"wp:featuredmedia":[{"embeddable":true,"href":"https:\/\/a-pant.ee\/ru\/wp-json\/wp\/v2\/media\/22135"}],"wp:attachment":[{"href":"https:\/\/a-pant.ee\/ru\/wp-json\/wp\/v2\/media?parent=22134"}],"wp:term":[{"taxonomy":"product_brand","embeddable":true,"href":"https:\/\/a-pant.ee\/ru\/wp-json\/wp\/v2\/product_brand?post=22134"},{"taxonomy":"product_cat","embeddable":true,"href":"https:\/\/a-pant.ee\/ru\/wp-json\/wp\/v2\/product_cat?post=22134"},{"taxonomy":"product_tag","embeddable":true,"href":"https:\/\/a-pant.ee\/ru\/wp-json\/wp\/v2\/product_tag?post=22134"}],"curies":[{"name":"wp","href":"https:\/\/api.w.org\/{rel}","templated":true}]}}