{"id":22121,"date":"2026-02-03T23:25:38","date_gmt":"2026-02-03T20:25:38","guid":{"rendered":"https:\/\/a-pant.ee\/product\/smartfon-igrovoi-razer-phone-2-chehol\/"},"modified":"2026-02-22T12:50:53","modified_gmt":"2026-02-22T09:50:53","slug":"smartfon-igrovoj-razer-phone-2-chehol","status":"publish","type":"product","link":"https:\/\/a-pant.ee\/ru\/product\/smartfon-igrovoj-razer-phone-2-chehol\/","title":{"rendered":"\u0421\u043c\u0430\u0440\u0442\u0444\u043e\u043d \/ \u0418\u0433\u0440\u043e\u0432\u043e\u0439 Razer Phone 2 + \u0447\u0435\u0445\u043e\u043b"},"content":{"rendered":"\n<p> Nutitelefon \/ M\u00e4ngutelefon Razer Phone 2 + \u00fcmbrik, heas seisu- ja t\u00f6\u00f6korras! <\/p><p> KIRJELDUS <\/p><p> NETWORKTechnologyGSM \/ CDMA \/ HSPA \/ LTE <\/p><p> LAUNCHAnnounced2018, October <\/p><p> StatusAvailable. Released 2018, October <\/p><p> BODYDimensions158.5 x 79 x 8.5 mm (6.24 x 3.11 x 0.33 in) <\/p><p> Weight220 g (7.76 oz) <\/p><p> BuildGlass front (Gorilla Glass 5), aluminum back, aluminum frame <\/p><p> SIMNano-SIM <\/p><p> IP67 dust\/water resistant (up to 1m for 30 mins) <br \/> RGB Illuminated Razer Chroma Logo on the back <\/p><p> DISPLAYTypeIGZO IPS LCD, 120Hz, 580 nits (typ) <\/p><p> Size5.72 inches, 90.2 cm2 (~72.0% screen-to-body ratio) <\/p><p> Resolution1440 x 2560 pixels, 16:9 ratio (~513 ppi density) <\/p><p> ProtectionCorning Gorilla Glass 5, oleophobic coating <\/p><p> Wide Colour Gamut <\/p><p> PLATFORMOSAndroid 8.1 (Oreo), upgradable to Android 9.0 (Pie) <\/p><p> ChipsetQualcomm SDM845 Snapdragon 845 (10 nm) <\/p><p> CPUOcta-core (4&#215;2.8 GHz Kryo 385 Gold &amp; 4&#215;1.7 GHz Kryo 385 Silver) <\/p><p> GPUAdreno 630 <\/p><p> MEMORYCard slotmicroSDXC (dedicated slot) <\/p><p> Internal64GB 8GB RAM <\/p><p> UFS 2.1 <\/p><p> MAIN CAMERADual12 MP, f\/1.8, 25mm (wide), 1\/2.55&#8243;, 1.4\u00b5m, dual pixel PDAF, OIS <br \/> 12 MP, f\/2.6, 1\/3.1&#8243;, 1.0\u00b5m, 2x optical zoom <\/p><p> FeaturesDual-LED dual-tone flash, panorama, HDR <\/p><p> Video4K@30\/60fps, 1080p@30\/30\/60\/120fps, stereo sound rec. <\/p><p> SELFIE CAMERASingle8 MP, f\/2.0 <\/p><p> Video1080p@30\/60fps <\/p><p> SOUNDLoudspeakerYes, with Dolby Atmos stereo speakers (THX-certified amplifiers) <\/p><p> 3.5mm jackNo <\/p><p> 24-bit\/192kHz audio <\/p><p> COMMSWLANWi-Fi 802.11 a\/b\/g\/n\/ac, dual-band, Wi-Fi Direct, hotspot <\/p><p> Bluetooth5.0, A2DP, LE <\/p><p> GPSYes, with A-GPS <\/p><p> NFCYes <\/p><p> RadioNo <\/p><p> USBUSB Type-C <\/p><p> FEATURESSensorsFingerprint (side-mounted), accelerometer, gyro, proximity, compass <\/p><p> BATTERYTypeLi-Po 4000 mAh, non-removable <\/p><p> ChargingFast charging 18W <br \/> Quick Charge 4+ <br \/> Fast wireless charging 15W <\/p><p> MISCColorsMirror back, Rugged satin <\/p>\n","protected":false},"excerpt":{"rendered":"<p>Nutitelefon \/ M\u00e4ngutelefon Razer Phone 2 + \u00fcmbrik, heas seisu- ja t\u00f6\u00f6korras! KIRJELDUS NETWORKTechnologyGSM \/ CDMA \/ HSPA \/ LTE LAUNCHAnnounced2018, October StatusAvailable. Released 2018, October BODYDimensions158.5 x 79 x 8.5 mm (6.24 x 3.11 x 0.33 in) Weight220 g (7.76 oz) BuildGlass front (Gorilla Glass 5), aluminum back, aluminum frame SIMNano-SIM IP67 dust\/water resistant [&hellip;]<\/p>\n","protected":false},"featured_media":22122,"comment_status":"closed","ping_status":"closed","template":"","meta":{"inline_featured_image":false},"product_brand":[],"product_cat":[171],"product_tag":[],"class_list":{"0":"post-22121","1":"product","2":"type-product","3":"status-publish","4":"has-post-thumbnail","6":"product_cat-mobilnye-telefony","7":"pa_asukoht-mustamae","8":"pa_seisukord-ispolzovano","10":"first","11":"outofstock","12":"taxable","13":"shipping-taxable","14":"purchasable","15":"product-type-simple"},"_links":{"self":[{"href":"https:\/\/a-pant.ee\/ru\/wp-json\/wp\/v2\/product\/22121","targetHints":{"allow":["GET"]}}],"collection":[{"href":"https:\/\/a-pant.ee\/ru\/wp-json\/wp\/v2\/product"}],"about":[{"href":"https:\/\/a-pant.ee\/ru\/wp-json\/wp\/v2\/types\/product"}],"replies":[{"embeddable":true,"href":"https:\/\/a-pant.ee\/ru\/wp-json\/wp\/v2\/comments?post=22121"}],"wp:featuredmedia":[{"embeddable":true,"href":"https:\/\/a-pant.ee\/ru\/wp-json\/wp\/v2\/media\/22122"}],"wp:attachment":[{"href":"https:\/\/a-pant.ee\/ru\/wp-json\/wp\/v2\/media?parent=22121"}],"wp:term":[{"taxonomy":"product_brand","embeddable":true,"href":"https:\/\/a-pant.ee\/ru\/wp-json\/wp\/v2\/product_brand?post=22121"},{"taxonomy":"product_cat","embeddable":true,"href":"https:\/\/a-pant.ee\/ru\/wp-json\/wp\/v2\/product_cat?post=22121"},{"taxonomy":"product_tag","embeddable":true,"href":"https:\/\/a-pant.ee\/ru\/wp-json\/wp\/v2\/product_tag?post=22121"}],"curies":[{"name":"wp","href":"https:\/\/api.w.org\/{rel}","templated":true}]}}