{"id":22098,"date":"2026-02-03T23:25:38","date_gmt":"2026-02-03T20:25:38","guid":{"rendered":"https:\/\/a-pant.ee\/product\/smartechasy-fibit-versafb505rgpk-rozovyy\/"},"modified":"2026-02-22T12:50:52","modified_gmt":"2026-02-22T09:50:52","slug":"smart-chasy-fibit-versa-fb505rgpk-czvet-rozovyj-polnyj-komplekt","status":"publish","type":"product","link":"https:\/\/a-pant.ee\/ru\/product\/smart-chasy-fibit-versa-fb505rgpk-czvet-rozovyj-polnyj-komplekt\/","title":{"rendered":"\u0421\u043c\u0430\u0440\u0442-\u0447\u0430\u0441\u044b Fibit Versa FB505RGPK \u0426\u0432\u0435\u0442 \u0420\u043e\u0437\u043e\u0432\u044b\u0439 \u041f\u043e\u043b\u043d\u044b\u0439 \u041a\u043e\u043c\u043f\u043b\u0435\u043a\u0442"},"content":{"rendered":"\n<p><b> Nutikell Fibit Versa FB505RGPK V\u00e4rv Roosa T\u00e4iskomplek <\/b> , heas seisu- ja t\u00f6\u00f6korras! <\/p><p> KIRJELDUS <\/p><table cellpadding=\"0\" cellspacing=\"3\"><tbody><tr valign=\"top\"><td width=\"20%\"> Bluetooth <\/td><td> Yes <\/td><\/tr><tr valign=\"top\"><td width=\"20%\"> T\u00fc\u00fcp <\/td><td> Smart fitness watch <\/td><\/tr><tr valign=\"top\"><td width=\"20%\"> Aku t\u00fc\u00fcp <\/td><td> Lithium-polymer <\/td><\/tr><tr valign=\"top\"><td width=\"20%\"> Kokkusobivus <\/td><td> iOS, Android and Windows <\/td><\/tr><tr valign=\"top\"><td width=\"20%\"> Erip\u00e4rad <\/td><td> Sensors &amp; Components: 3-axis accelerometer, 3-axis gyroscope, Optical heart rate monitor, Altimeter, Ambient light sensor, Vibration motor, WiFi antenna (802.11 b\/g\/n) <\/td><\/tr><tr valign=\"top\"><td width=\"20%\"> GPS <\/td><td> Connected GPS <\/td><\/tr><tr valign=\"top\"><td width=\"20%\"> V\u00e4rvus <\/td><td> Black\/Black Aluminum <\/td><\/tr><tr valign=\"top\"><td width=\"20%\"> Ekraani t\u00fc\u00fcp <\/td><td> LCD <\/td><\/tr><tr valign=\"top\"><td width=\"20%\"> Sisseehitatud mikrofon <\/td><td> No <\/td><\/tr><tr valign=\"top\"><td width=\"20%\"> Garantii <\/td><td> 24 month(s) <\/td><\/tr><tr valign=\"top\"><td width=\"20%\"> Toode t\u00fc\u00fcp <\/td><td> Smart watch <\/td><\/tr><tr valign=\"top\"><td width=\"20%\"> Lisakirjeldus <\/td><td> Saves 7 days of detailed motion data \u2013 minute by minute; Saves daily totals for past 30 days; Store and play 300+ songs on your watch; 15+ Exercise Modes; Female Health: Use Versa and the Fitbit app to log your period, record symptoms &amp; compare your cycle <\/td><\/tr><tr valign=\"top\"><td width=\"20%\"> Aku t\u00f6\u00f6iga <\/td><td> 96 h <\/td><\/tr><tr valign=\"top\"><td width=\"20%\"> Waterproof <\/td><td> Yes <\/td><\/tr><tr valign=\"top\"><td width=\"20%\"> Laadimise kestus <\/td><td> 2 h <\/td><\/tr><tr valign=\"top\"><td width=\"20%\"> Puuteekraan <\/td><td> yes <\/td><\/tr><tr valign=\"top\"><td width=\"20%\"> Andurid <\/td><td> 3-axis accelerometer; 3-axis gyroscope; Optical heart rate monitor; Altimeter; Ambient light sensor; Vibration motor; SpO2 sensor; WiFi antenna (802.11 b\/g\/n) <\/td><\/tr><tr valign=\"top\"><td width=\"20%\"> NFC <\/td><td> Yes <\/td><\/tr><tr valign=\"top\"><td width=\"20%\"> Netomass <\/td><td> 0.10 kg <\/td><\/tr><tr valign=\"top\"><td width=\"20%\"> Brutokaalu <\/td><td> 0.33 kg <\/td><\/tr><tr valign=\"top\"><td width=\"20%\"> Aku t\u00fc\u00fcp <\/td><td> Accumulator <\/td><\/tr><tr valign=\"top\"><td width=\"20%\"> Puuteekraan <\/td><td> Yes <\/td><\/tr><tr valign=\"top\"><td width=\"20%\"> Vibrating Alert <\/td><td> Yes <\/td><\/tr><tr valign=\"top\"><td width=\"20%\"> Bluetooth Version <\/td><td> V4.0 <\/td><\/tr><tr valign=\"top\"><td width=\"20%\"> Water Resistance <\/td><td> 50 m <\/td><\/tr><tr valign=\"top\"><td width=\"20%\"> Waterproof up to <\/td><td> 50 m <\/td><\/tr><tr valign=\"top\"><td width=\"20%\"> Display size (HxV) <\/td><td> 2,4 x 2,4 cm mm <\/td><\/tr><tr valign=\"top\"><td width=\"20%\"> Producer product name <\/td><td> Versa <\/td><\/tr><tr valign=\"top\"><td width=\"20%\"> Built-in speaker(s) <\/td><td> No <\/td><\/tr><\/tbody><\/table>\n","protected":false},"excerpt":{"rendered":"<p>Nutikell Fibit Versa FB505RGPK V\u00e4rv Roosa T\u00e4iskomplek , heas seisu- ja t\u00f6\u00f6korras! KIRJELDUS Bluetooth Yes T\u00fc\u00fcp Smart fitness watch Aku t\u00fc\u00fcp Lithium-polymer Kokkusobivus iOS, Android and Windows Erip\u00e4rad Sensors &amp; Components: 3-axis accelerometer, 3-axis gyroscope, Optical heart rate monitor, Altimeter, Ambient light sensor, Vibration motor, WiFi antenna (802.11 b\/g\/n) GPS Connected GPS V\u00e4rvus Black\/Black Aluminum [&hellip;]<\/p>\n","protected":false},"featured_media":22099,"comment_status":"closed","ping_status":"closed","template":"","meta":{"inline_featured_image":false},"product_brand":[],"product_cat":[176],"product_tag":[],"class_list":{"0":"post-22098","1":"product","2":"type-product","3":"status-publish","4":"has-post-thumbnail","6":"product_cat-smart-chasy","7":"pa_asukoht-mustamae","8":"pa_seisukord-ispolzovano","10":"first","11":"outofstock","12":"taxable","13":"shipping-taxable","14":"purchasable","15":"product-type-simple"},"_links":{"self":[{"href":"https:\/\/a-pant.ee\/ru\/wp-json\/wp\/v2\/product\/22098","targetHints":{"allow":["GET"]}}],"collection":[{"href":"https:\/\/a-pant.ee\/ru\/wp-json\/wp\/v2\/product"}],"about":[{"href":"https:\/\/a-pant.ee\/ru\/wp-json\/wp\/v2\/types\/product"}],"replies":[{"embeddable":true,"href":"https:\/\/a-pant.ee\/ru\/wp-json\/wp\/v2\/comments?post=22098"}],"wp:featuredmedia":[{"embeddable":true,"href":"https:\/\/a-pant.ee\/ru\/wp-json\/wp\/v2\/media\/22099"}],"wp:attachment":[{"href":"https:\/\/a-pant.ee\/ru\/wp-json\/wp\/v2\/media?parent=22098"}],"wp:term":[{"taxonomy":"product_brand","embeddable":true,"href":"https:\/\/a-pant.ee\/ru\/wp-json\/wp\/v2\/product_brand?post=22098"},{"taxonomy":"product_cat","embeddable":true,"href":"https:\/\/a-pant.ee\/ru\/wp-json\/wp\/v2\/product_cat?post=22098"},{"taxonomy":"product_tag","embeddable":true,"href":"https:\/\/a-pant.ee\/ru\/wp-json\/wp\/v2\/product_tag?post=22098"}],"curies":[{"name":"wp","href":"https:\/\/api.w.org\/{rel}","templated":true}]}}