{"id":22091,"date":"2026-02-03T23:25:38","date_gmt":"2026-02-03T20:25:38","guid":{"rendered":"https:\/\/a-pant.ee\/product\/svarochniy-apparat-deca-sil-417-korobka\/"},"modified":"2026-02-22T12:50:52","modified_gmt":"2026-02-22T09:50:52","slug":"svarochnyj-apparat-deca-sil-417-korobka","status":"publish","type":"product","link":"https:\/\/a-pant.ee\/ru\/product\/svarochnyj-apparat-deca-sil-417-korobka\/","title":{"rendered":"\u0421\u0432\u0430\u0440\u043e\u0447\u043d\u044b\u0439 \u0410\u043f\u043f\u0430\u0440\u0430\u0442 Deca Sil 417 + \u041a\u043e\u0440\u043e\u0431\u043a\u0430"},"content":{"rendered":"\n<p> Keevitus Deca Sil 417 + Karp,\u00a0\u00a0heas seisu- ja t\u00f6\u00f6korras! <\/p><p> KIRJELDUS <\/p><div><table><tbody><tr><td> Toote t\u00fc\u00fcp <\/td><td><a href=\"https:\/\/www.k-rauta.ee\/c\/tooriistad\/keevitusseadmed-materjalid-ja-tarvikud\/keevitusseadmed\/6d?f=5rye\" rel=\"nofollow noopener\" target=\"_blank\"> Keevitusseadmed <\/a><\/td><\/tr><tr><td> Kaubam\u00e4rk <\/td><td><a href=\"https:\/\/www.k-rauta.ee\/c\/tooriistad\/keevitusseadmed-materjalid-ja-tarvikud\/keevitusseadmed\/6d?f=4668\" rel=\"nofollow noopener\" target=\"_blank\"> Deca <\/a><\/td><\/tr><tr><td> Pikkus <\/td><td> 330 mm <\/td><\/tr><tr><td> Laius <\/td><td> 132 mm <\/td><\/tr><tr><td> K\u00f5rgus <\/td><td> 206 mm <\/td><\/tr><tr><td> Keevitusaparaadi t\u00fc\u00fcp <\/td><td><a href=\"https:\/\/www.k-rauta.ee\/c\/tooriistad\/keevitusseadmed-materjalid-ja-tarvikud\/keevitusseadmed\/6d?f=csap\" rel=\"nofollow noopener\" target=\"_blank\"> Keevitamine glasuuritud elektroodidega (MMA) <\/a><\/td><\/tr><tr><td> \u00dchendatav v\u00f5rku <\/td><td><a href=\"https:\/\/www.k-rauta.ee\/c\/tooriistad\/keevitusseadmed-materjalid-ja-tarvikud\/keevitusseadmed\/6d?f=45f2\" rel=\"nofollow noopener\" target=\"_blank\"> \u00dchefaasilise <\/a><\/td><\/tr><tr><td> Pinge <\/td><td> 102 V <\/td><\/tr><\/tbody><\/table><\/div><div><table><tbody><tr><td> V\u00f5imsus <\/td><td> 4500 W <\/td><\/tr><tr><td> Keevitusvool <\/td><td> 170 A <\/td><\/tr><tr><td> Kasutatavad keevitusmaterjalid <\/td><td><a href=\"https:\/\/www.k-rauta.ee\/c\/tooriistad\/keevitusseadmed-materjalid-ja-tarvikud\/keevitusseadmed\/6d?f=45f3\" rel=\"nofollow noopener\" target=\"_blank\"> Elektroodid <\/a><\/td><\/tr><tr><td> Elektroodi l\u00e4bim\u00f5\u00f5t <\/td><td> 1.6 &#8212; 4 mm <\/td><\/tr><tr><td> T\u00f6\u00f6ts\u00fckkel, % <\/td><td> 40 <\/td><\/tr><tr><td> Kaal <\/td><td> 6.1 kg <\/td><\/tr><\/tbody><\/table><\/div>\n","protected":false},"excerpt":{"rendered":"<p>Keevitus Deca Sil 417 + Karp,\u00a0\u00a0heas seisu- ja t\u00f6\u00f6korras! KIRJELDUS Toote t\u00fc\u00fcp Keevitusseadmed Kaubam\u00e4rk Deca Pikkus 330 mm Laius 132 mm K\u00f5rgus 206 mm Keevitusaparaadi t\u00fc\u00fcp Keevitamine glasuuritud elektroodidega (MMA) \u00dchendatav v\u00f5rku \u00dchefaasilise Pinge 102 V V\u00f5imsus 4500 W Keevitusvool 170 A Kasutatavad keevitusmaterjalid Elektroodid Elektroodi l\u00e4bim\u00f5\u00f5t 1.6 &#8212; 4 mm T\u00f6\u00f6ts\u00fckkel, % 40 Kaal [&hellip;]<\/p>\n","protected":false},"featured_media":22092,"comment_status":"closed","ping_status":"closed","template":"","meta":{"inline_featured_image":false},"product_brand":[],"product_cat":[228],"product_tag":[],"class_list":{"0":"post-22091","1":"product","2":"type-product","3":"status-publish","4":"has-post-thumbnail","6":"product_cat-svarochnye-apparaty","7":"product_shipping_class-oversize","8":"pa_asukoht-mustamae","9":"pa_seisukord-ispolzovano","11":"first","12":"instock","13":"taxable","14":"shipping-taxable","15":"purchasable","16":"product-type-simple"},"_links":{"self":[{"href":"https:\/\/a-pant.ee\/ru\/wp-json\/wp\/v2\/product\/22091","targetHints":{"allow":["GET"]}}],"collection":[{"href":"https:\/\/a-pant.ee\/ru\/wp-json\/wp\/v2\/product"}],"about":[{"href":"https:\/\/a-pant.ee\/ru\/wp-json\/wp\/v2\/types\/product"}],"replies":[{"embeddable":true,"href":"https:\/\/a-pant.ee\/ru\/wp-json\/wp\/v2\/comments?post=22091"}],"wp:featuredmedia":[{"embeddable":true,"href":"https:\/\/a-pant.ee\/ru\/wp-json\/wp\/v2\/media\/22092"}],"wp:attachment":[{"href":"https:\/\/a-pant.ee\/ru\/wp-json\/wp\/v2\/media?parent=22091"}],"wp:term":[{"taxonomy":"product_brand","embeddable":true,"href":"https:\/\/a-pant.ee\/ru\/wp-json\/wp\/v2\/product_brand?post=22091"},{"taxonomy":"product_cat","embeddable":true,"href":"https:\/\/a-pant.ee\/ru\/wp-json\/wp\/v2\/product_cat?post=22091"},{"taxonomy":"product_tag","embeddable":true,"href":"https:\/\/a-pant.ee\/ru\/wp-json\/wp\/v2\/product_tag?post=22091"}],"curies":[{"name":"wp","href":"https:\/\/api.w.org\/{rel}","templated":true}]}}