{"id":22079,"date":"2026-02-03T23:25:38","date_gmt":"2026-02-03T20:25:38","guid":{"rendered":"https:\/\/a-pant.ee\/product\/akkumulyatornaya-drel-shurupovert-makita-df331d\/"},"modified":"2026-02-22T12:50:52","modified_gmt":"2026-02-22T09:50:52","slug":"akkumulyatornaya-drel-shurupovert-makita-df331d","status":"publish","type":"product","link":"https:\/\/a-pant.ee\/ru\/product\/akkumulyatornaya-drel-shurupovert-makita-df331d\/","title":{"rendered":"\u0410\u043a\u043a\u0443\u043c\u0443\u043b\u044f\u0442\u043e\u0440\u043d\u0430\u044f \u0434\u0440\u0435\u043b\u044c-\u0448\u0443\u0440\u0443\u043f\u043e\u0432\u0435\u0440\u0442 Makita DF331D"},"content":{"rendered":"\n<div><div id=\"description\"><div><p> M\u00fc\u00fcakse\u00a0Aku-trell Makita DF331D, heas seisu- ja t\u00f6\u00f6korras! <\/p><p> KIRJELDUS <\/p><p> Aku pinge 10,8V Maksimaalne p\u00f6\u00f6rdemoment 30 Nm Max puuri l\u00e4bim\u00f5\u00f5t (puit) 21 mm Max puuri l\u00e4bim\u00f5\u00f5t (metall) 10 mm Kaal 1,1 kg Aku mahutavus 2 Ah\u00a0 Disainis on spindlilukk, toitenupu lukk, pro\u017eektori lamp Padruni l\u00e4bim\u00f5\u00f5t 0,8 \u2013 10 mm Funktsioonid tagurpidi, kiiruse reguleerimine V\u00f5tmeta padruni t\u00fc\u00fcp Max t\u00fchik\u00e4igul 1700 p\/min <\/p><\/div><\/div><\/div><div><div id=\"getcredit\"><br \/><h3><\/h3><\/div><\/div>\n","protected":false},"excerpt":{"rendered":"<p>M\u00fc\u00fcakse\u00a0Aku-trell Makita DF331D, heas seisu- ja t\u00f6\u00f6korras! KIRJELDUS Aku pinge 10,8V Maksimaalne p\u00f6\u00f6rdemoment 30 Nm Max puuri l\u00e4bim\u00f5\u00f5t (puit) 21 mm Max puuri l\u00e4bim\u00f5\u00f5t (metall) 10 mm Kaal 1,1 kg Aku mahutavus 2 Ah\u00a0 Disainis on spindlilukk, toitenupu lukk, pro\u017eektori lamp Padruni l\u00e4bim\u00f5\u00f5t 0,8 \u2013 10 mm Funktsioonid tagurpidi, kiiruse reguleerimine V\u00f5tmeta padruni t\u00fc\u00fcp Max [&hellip;]<\/p>\n","protected":false},"featured_media":22080,"comment_status":"closed","ping_status":"open","template":"","meta":{"inline_featured_image":false},"product_brand":[],"product_cat":[221],"product_tag":[],"class_list":{"0":"post-22079","1":"product","2":"type-product","3":"status-publish","4":"has-post-thumbnail","6":"product_cat-akkumulyatornye-dreli","7":"pa_asukoht-lasnamae","8":"pa_seisukord-ispolzovano","10":"first","11":"instock","12":"taxable","13":"shipping-taxable","14":"purchasable","15":"product-type-simple"},"_links":{"self":[{"href":"https:\/\/a-pant.ee\/ru\/wp-json\/wp\/v2\/product\/22079","targetHints":{"allow":["GET"]}}],"collection":[{"href":"https:\/\/a-pant.ee\/ru\/wp-json\/wp\/v2\/product"}],"about":[{"href":"https:\/\/a-pant.ee\/ru\/wp-json\/wp\/v2\/types\/product"}],"replies":[{"embeddable":true,"href":"https:\/\/a-pant.ee\/ru\/wp-json\/wp\/v2\/comments?post=22079"}],"wp:featuredmedia":[{"embeddable":true,"href":"https:\/\/a-pant.ee\/ru\/wp-json\/wp\/v2\/media\/22080"}],"wp:attachment":[{"href":"https:\/\/a-pant.ee\/ru\/wp-json\/wp\/v2\/media?parent=22079"}],"wp:term":[{"taxonomy":"product_brand","embeddable":true,"href":"https:\/\/a-pant.ee\/ru\/wp-json\/wp\/v2\/product_brand?post=22079"},{"taxonomy":"product_cat","embeddable":true,"href":"https:\/\/a-pant.ee\/ru\/wp-json\/wp\/v2\/product_cat?post=22079"},{"taxonomy":"product_tag","embeddable":true,"href":"https:\/\/a-pant.ee\/ru\/wp-json\/wp\/v2\/product_tag?post=22079"}],"curies":[{"name":"wp","href":"https:\/\/api.w.org\/{rel}","templated":true}]}}