{"id":22072,"date":"2026-02-03T23:25:38","date_gmt":"2026-02-03T20:25:38","guid":{"rendered":"https:\/\/a-pant.ee\/product\/akudrel-milwaukee-m18-bldd-akku-9-0ah-zaryadka\/"},"modified":"2026-02-22T12:50:52","modified_gmt":"2026-02-22T09:50:52","slug":"akkumulyatornaya-drel-milwaukee-m18bldd-aku-50ach-zaryadka","status":"publish","type":"product","link":"https:\/\/a-pant.ee\/ru\/product\/akkumulyatornaya-drel-milwaukee-m18bldd-aku-50ach-zaryadka\/","title":{"rendered":"\u0410\u043a\u043a\u0443\u043c\u0443\u043b\u044f\u0442\u043e\u0440\u043d\u0430\u044f \u0434\u0440\u0435\u043b\u044c Milwaukee M18BLDD + \u0410\u043a\u0443 5,0\u0410\u0447 + \u0417\u0430\u0440\u044f\u0434\u043a\u0430"},"content":{"rendered":"\n<p> Akutrell Milwaukee M18 BLDD + Aku 9.0Ah + Laadija, heas seisu- ja t\u00f6\u00f6korras! <\/p><p> KIRJELDUS <\/p><p> TootjaMilwaukee <\/p><p> Kaal1.3 kg <\/p><p> Professionaalidele \/ AsjaarmastajateleProfessionaalidele <\/p><p> Mootori t\u00fc\u00fcpAkutoitega <\/p><p> Kas komplekt sisaldab akutEi <\/p><p> AkukeemiaLi-Ion (Liitiumioonaku) <\/p><p> Aku pinge18 V <\/p><p> Kiirus koormuseta0 &#8212; 1800 min-1 <\/p><p> Maksimaalne kiirus1800 \/min <\/p><p> Maksimaalne j\u00f5umoment60 Nm <\/p><p> P\u00f6\u00f6rdemomendi astmete arv2 <\/p><p> Puuriotsaku maksimaalne l\u00e4bim\u00f5\u00f5t puidu puurimiseks38 mm <\/p><p> Puuriotsaku maksimaalne l\u00e4bim\u00f5\u00f5t terase puurimiseks13 mm <\/p><p> K\u00e4ikude arv2 k\u00e4iku <\/p>\n","protected":false},"excerpt":{"rendered":"<p>Akutrell Milwaukee M18 BLDD + Aku 9.0Ah + Laadija, heas seisu- ja t\u00f6\u00f6korras! KIRJELDUS TootjaMilwaukee Kaal1.3 kg Professionaalidele \/ AsjaarmastajateleProfessionaalidele Mootori t\u00fc\u00fcpAkutoitega Kas komplekt sisaldab akutEi AkukeemiaLi-Ion (Liitiumioonaku) Aku pinge18 V Kiirus koormuseta0 &#8212; 1800 min-1 Maksimaalne kiirus1800 \/min Maksimaalne j\u00f5umoment60 Nm P\u00f6\u00f6rdemomendi astmete arv2 Puuriotsaku maksimaalne l\u00e4bim\u00f5\u00f5t puidu puurimiseks38 mm Puuriotsaku maksimaalne l\u00e4bim\u00f5\u00f5t terase [&hellip;]<\/p>\n","protected":false},"featured_media":22073,"comment_status":"closed","ping_status":"open","template":"","meta":{"inline_featured_image":false},"product_brand":[],"product_cat":[221],"product_tag":[],"class_list":{"0":"post-22072","1":"product","2":"type-product","3":"status-publish","4":"has-post-thumbnail","6":"product_cat-akkumulyatornye-dreli","7":"pa_asukoht-lasnamae","8":"pa_seisukord-ispolzovano","10":"first","11":"instock","12":"taxable","13":"shipping-taxable","14":"purchasable","15":"product-type-simple"},"_links":{"self":[{"href":"https:\/\/a-pant.ee\/ru\/wp-json\/wp\/v2\/product\/22072","targetHints":{"allow":["GET"]}}],"collection":[{"href":"https:\/\/a-pant.ee\/ru\/wp-json\/wp\/v2\/product"}],"about":[{"href":"https:\/\/a-pant.ee\/ru\/wp-json\/wp\/v2\/types\/product"}],"replies":[{"embeddable":true,"href":"https:\/\/a-pant.ee\/ru\/wp-json\/wp\/v2\/comments?post=22072"}],"wp:featuredmedia":[{"embeddable":true,"href":"https:\/\/a-pant.ee\/ru\/wp-json\/wp\/v2\/media\/22073"}],"wp:attachment":[{"href":"https:\/\/a-pant.ee\/ru\/wp-json\/wp\/v2\/media?parent=22072"}],"wp:term":[{"taxonomy":"product_brand","embeddable":true,"href":"https:\/\/a-pant.ee\/ru\/wp-json\/wp\/v2\/product_brand?post=22072"},{"taxonomy":"product_cat","embeddable":true,"href":"https:\/\/a-pant.ee\/ru\/wp-json\/wp\/v2\/product_cat?post=22072"},{"taxonomy":"product_tag","embeddable":true,"href":"https:\/\/a-pant.ee\/ru\/wp-json\/wp\/v2\/product_tag?post=22072"}],"curies":[{"name":"wp","href":"https:\/\/api.w.org\/{rel}","templated":true}]}}