{"id":22066,"date":"2026-02-03T23:25:38","date_gmt":"2026-02-03T20:25:38","guid":{"rendered":"https:\/\/a-pant.ee\/product\/krestovoy-lazer-limit-1001-hv-g-chehol\/"},"modified":"2026-02-22T12:50:51","modified_gmt":"2026-02-22T09:50:51","slug":"krestovoj-lazer-limit-1001-hv-g-chehol","status":"publish","type":"product","link":"https:\/\/a-pant.ee\/ru\/product\/krestovoj-lazer-limit-1001-hv-g-chehol\/","title":{"rendered":"\u041a\u0440\u0435\u0441\u0442\u043e\u0432\u043e\u0439 \u043b\u0430\u0437\u0435\u0440 Limit 1001 HV-G + \u0447\u0435\u0445\u043e\u043b"},"content":{"rendered":"\n<p> Ristlaser Limit 1001 HV-G + kott, heas seisu- ja t\u00f6\u00f6korras! <\/p><p> Klass on katki ! aga k\u00f5ik t\u00f6\u00f6tab korralik <\/p><p> KIRJELDUS <\/p><p> Manufacturer\u00b4s description:\u00a01001 HV-G <\/p><p> Laser type:\u00a0Cross line laser <\/p><p> Levelling range:\u00a0\u00b1 3DEGREES <\/p><p> Enclosure class:\u00a0IP 54 <\/p><p> No. of batteries:\u00a03ST <\/p><p> Battery type:\u00a0Alkaline <\/p><p> Battery size:\u00a0AA (1.5 V) <\/p><p> Operating time:\u00a06-8h <\/p><p> Max. working temperature:\u00a050\u00b0C <\/p><p> Work temperature, min:\u00a010\u00b0C <\/p><p> Threaded mount:\u00a01\/4inch <\/p><p> Height:\u00a090MM <\/p><p> Depth:\u00a090MM <\/p>\n","protected":false},"excerpt":{"rendered":"<p>Ristlaser Limit 1001 HV-G + kott, heas seisu- ja t\u00f6\u00f6korras! Klass on katki ! aga k\u00f5ik t\u00f6\u00f6tab korralik KIRJELDUS Manufacturer\u00b4s description:\u00a01001 HV-G Laser type:\u00a0Cross line laser Levelling range:\u00a0\u00b1 3DEGREES Enclosure class:\u00a0IP 54 No. of batteries:\u00a03ST Battery type:\u00a0Alkaline Battery size:\u00a0AA (1.5 V) Operating time:\u00a06-8h Max. working temperature:\u00a050\u00b0C Work temperature, min:\u00a010\u00b0C Threaded mount:\u00a01\/4inch Height:\u00a090MM Depth:\u00a090MM<\/p>\n","protected":false},"featured_media":22067,"comment_status":"closed","ping_status":"open","template":"","meta":{"inline_featured_image":false},"product_brand":[],"product_cat":[232],"product_tag":[],"class_list":{"0":"post-22066","1":"product","2":"type-product","3":"status-publish","4":"has-post-thumbnail","6":"product_cat-lazernye-niveliry","7":"pa_asukoht-mustamae","8":"pa_seisukord-ispolzovano","10":"first","11":"instock","12":"taxable","13":"shipping-taxable","14":"purchasable","15":"product-type-simple"},"_links":{"self":[{"href":"https:\/\/a-pant.ee\/ru\/wp-json\/wp\/v2\/product\/22066","targetHints":{"allow":["GET"]}}],"collection":[{"href":"https:\/\/a-pant.ee\/ru\/wp-json\/wp\/v2\/product"}],"about":[{"href":"https:\/\/a-pant.ee\/ru\/wp-json\/wp\/v2\/types\/product"}],"replies":[{"embeddable":true,"href":"https:\/\/a-pant.ee\/ru\/wp-json\/wp\/v2\/comments?post=22066"}],"wp:featuredmedia":[{"embeddable":true,"href":"https:\/\/a-pant.ee\/ru\/wp-json\/wp\/v2\/media\/22067"}],"wp:attachment":[{"href":"https:\/\/a-pant.ee\/ru\/wp-json\/wp\/v2\/media?parent=22066"}],"wp:term":[{"taxonomy":"product_brand","embeddable":true,"href":"https:\/\/a-pant.ee\/ru\/wp-json\/wp\/v2\/product_brand?post=22066"},{"taxonomy":"product_cat","embeddable":true,"href":"https:\/\/a-pant.ee\/ru\/wp-json\/wp\/v2\/product_cat?post=22066"},{"taxonomy":"product_tag","embeddable":true,"href":"https:\/\/a-pant.ee\/ru\/wp-json\/wp\/v2\/product_tag?post=22066"}],"curies":[{"name":"wp","href":"https:\/\/api.w.org\/{rel}","templated":true}]}}