{"id":22053,"date":"2026-02-03T23:25:38","date_gmt":"2026-02-03T20:25:38","guid":{"rendered":"https:\/\/a-pant.ee\/product\/umnye-chasy-samsung-galaxy-watch-42mm\/"},"modified":"2026-02-22T12:50:51","modified_gmt":"2026-02-22T09:50:51","slug":"smart-chasy-samsung-galaxy-watch-4-classic-zaryadka","status":"publish","type":"product","link":"https:\/\/a-pant.ee\/ru\/product\/smart-chasy-samsung-galaxy-watch-4-classic-zaryadka\/","title":{"rendered":"\u0421\u043c\u0430\u0440\u0442-\u0447\u0430\u0441\u044b Samsung Galaxy Watch 4 Classic + \u0437\u0430\u0440\u044f\u0434\u043a\u0430"},"content":{"rendered":"\n<div id=\"description\"><div><p><b> Nutikell Samsung Galaxy Watch 42mm + karp + laadija <\/b> \u00a0 heas seisu- ja t\u00f6\u00f6korras! <\/p><p> KIRJELDUS <\/p><p> T\u00fc\u00fcp <br \/> nutikell <br \/> Protsessor <br \/> Exynos 9110 <br \/> Protsessori tuumade arv <br \/> 2 <br \/> Protsessori taktsagedus <br \/> 1150 MHz <br \/> Operatsioonis\u00fcsteem <br \/> Tizen <br \/> OS-i \u00fchilduvus <br \/> iOS, Android <br \/> Minimaalselt toetatud Androidi versioon <br \/> 5.0 <br \/> Minimaalselt toetatud iOS-i versioon <br \/> 8 <br \/> Ise\u00e4rasused <br \/> kolmandate osapoolte rakenduste installimine, juhtmevaba laadimine, heli taasesitus <br \/> Lisafunktsioonid <br \/> mikrofon, k\u00f5lar, vibratsioon, g\u00fcroskoop, stopper, taimer, valgusandur <\/p><\/div><\/div>\n","protected":false},"excerpt":{"rendered":"<p>Nutikell Samsung Galaxy Watch 42mm + karp + laadija \u00a0 heas seisu- ja t\u00f6\u00f6korras! KIRJELDUS T\u00fc\u00fcp nutikell Protsessor Exynos 9110 Protsessori tuumade arv 2 Protsessori taktsagedus 1150 MHz Operatsioonis\u00fcsteem Tizen OS-i \u00fchilduvus iOS, Android Minimaalselt toetatud Androidi versioon 5.0 Minimaalselt toetatud iOS-i versioon 8 Ise\u00e4rasused kolmandate osapoolte rakenduste installimine, juhtmevaba laadimine, heli taasesitus Lisafunktsioonid mikrofon, [&hellip;]<\/p>\n","protected":false},"featured_media":22054,"comment_status":"closed","ping_status":"closed","template":"","meta":{"inline_featured_image":false},"product_brand":[],"product_cat":[176],"product_tag":[],"class_list":{"0":"post-22053","1":"product","2":"type-product","3":"status-publish","4":"has-post-thumbnail","6":"product_cat-smart-chasy","7":"pa_asukoht-mustamae","8":"pa_seisukord-ispolzovano","10":"first","11":"outofstock","12":"taxable","13":"shipping-taxable","14":"purchasable","15":"product-type-simple"},"_links":{"self":[{"href":"https:\/\/a-pant.ee\/ru\/wp-json\/wp\/v2\/product\/22053","targetHints":{"allow":["GET"]}}],"collection":[{"href":"https:\/\/a-pant.ee\/ru\/wp-json\/wp\/v2\/product"}],"about":[{"href":"https:\/\/a-pant.ee\/ru\/wp-json\/wp\/v2\/types\/product"}],"replies":[{"embeddable":true,"href":"https:\/\/a-pant.ee\/ru\/wp-json\/wp\/v2\/comments?post=22053"}],"wp:featuredmedia":[{"embeddable":true,"href":"https:\/\/a-pant.ee\/ru\/wp-json\/wp\/v2\/media\/22054"}],"wp:attachment":[{"href":"https:\/\/a-pant.ee\/ru\/wp-json\/wp\/v2\/media?parent=22053"}],"wp:term":[{"taxonomy":"product_brand","embeddable":true,"href":"https:\/\/a-pant.ee\/ru\/wp-json\/wp\/v2\/product_brand?post=22053"},{"taxonomy":"product_cat","embeddable":true,"href":"https:\/\/a-pant.ee\/ru\/wp-json\/wp\/v2\/product_cat?post=22053"},{"taxonomy":"product_tag","embeddable":true,"href":"https:\/\/a-pant.ee\/ru\/wp-json\/wp\/v2\/product_tag?post=22053"}],"curies":[{"name":"wp","href":"https:\/\/api.w.org\/{rel}","templated":true}]}}