{"id":22047,"date":"2026-02-03T23:25:38","date_gmt":"2026-02-03T20:25:38","guid":{"rendered":"https:\/\/a-pant.ee\/product\/akudrel-milwaukee-m18-fpd2-aku-5-0ah\/"},"modified":"2026-02-22T12:50:51","modified_gmt":"2026-02-22T09:50:51","slug":"akudrel-milwaukee-m18-fpd2-aku-5-0ach","status":"publish","type":"product","link":"https:\/\/a-pant.ee\/ru\/product\/akudrel-milwaukee-m18-fpd2-aku-5-0ach\/","title":{"rendered":"\u0410\u043a\u0443\u0434\u0440\u0435\u043b\u044c Milwaukee M18 FPD2 + Aku 5.0\u0410\u0447"},"content":{"rendered":"\n<p> \u00a0Monitor Benq EW2440L 24 &#187; Full HD 1920 x 1080 LED, heas seisu- ja t\u00f6\u00f6korras! <\/p><hr><p> KIRJELDUS <\/p><p> P\u00f6\u00f6rete arv: 0 &#8212; 550 \/ 0 &#8212; 2000 p\/min <br \/> Maks p\u00f6\u00f6rdemoment: 135 Nm <br \/> Suurim l\u00f6\u00f6gisagedus: 0 &#8212; 32,000 l\/min <br \/> Maks metallipuuri m\u00f5\u00f5t: 16 mm <br \/> Maks puidupuuri m\u00f5\u00f5t: 89 mm <br \/> Maks kivipuuri m\u00f5\u00f5t: 16 mm <br \/> Padruni m\u00f5\u00f5t: 13 mm <br \/> Kaal koos 5,0 Ah akuga: 2.2 kg <\/p>\n","protected":false},"excerpt":{"rendered":"<p>\u00a0Monitor Benq EW2440L 24 &#187; Full HD 1920 x 1080 LED, heas seisu- ja t\u00f6\u00f6korras! KIRJELDUS P\u00f6\u00f6rete arv: 0 &#8212; 550 \/ 0 &#8212; 2000 p\/min Maks p\u00f6\u00f6rdemoment: 135 Nm Suurim l\u00f6\u00f6gisagedus: 0 &#8212; 32,000 l\/min Maks metallipuuri m\u00f5\u00f5t: 16 mm Maks puidupuuri m\u00f5\u00f5t: 89 mm Maks kivipuuri m\u00f5\u00f5t: 16 mm Padruni m\u00f5\u00f5t: 13 mm [&hellip;]<\/p>\n","protected":false},"featured_media":22048,"comment_status":"closed","ping_status":"open","template":"","meta":{"inline_featured_image":false},"product_brand":[],"product_cat":[221],"product_tag":[],"class_list":{"0":"post-22047","1":"product","2":"type-product","3":"status-publish","4":"has-post-thumbnail","6":"product_cat-akkumulyatornye-dreli","7":"pa_asukoht-lasnamae","8":"pa_seisukord-ispolzovano","10":"first","11":"instock","12":"taxable","13":"shipping-taxable","14":"purchasable","15":"product-type-simple"},"_links":{"self":[{"href":"https:\/\/a-pant.ee\/ru\/wp-json\/wp\/v2\/product\/22047","targetHints":{"allow":["GET"]}}],"collection":[{"href":"https:\/\/a-pant.ee\/ru\/wp-json\/wp\/v2\/product"}],"about":[{"href":"https:\/\/a-pant.ee\/ru\/wp-json\/wp\/v2\/types\/product"}],"replies":[{"embeddable":true,"href":"https:\/\/a-pant.ee\/ru\/wp-json\/wp\/v2\/comments?post=22047"}],"wp:featuredmedia":[{"embeddable":true,"href":"https:\/\/a-pant.ee\/ru\/wp-json\/wp\/v2\/media\/22048"}],"wp:attachment":[{"href":"https:\/\/a-pant.ee\/ru\/wp-json\/wp\/v2\/media?parent=22047"}],"wp:term":[{"taxonomy":"product_brand","embeddable":true,"href":"https:\/\/a-pant.ee\/ru\/wp-json\/wp\/v2\/product_brand?post=22047"},{"taxonomy":"product_cat","embeddable":true,"href":"https:\/\/a-pant.ee\/ru\/wp-json\/wp\/v2\/product_cat?post=22047"},{"taxonomy":"product_tag","embeddable":true,"href":"https:\/\/a-pant.ee\/ru\/wp-json\/wp\/v2\/product_tag?post=22047"}],"curies":[{"name":"wp","href":"https:\/\/api.w.org\/{rel}","templated":true}]}}