{"id":22035,"date":"2026-02-03T23:25:38","date_gmt":"2026-02-03T20:25:38","guid":{"rendered":"https:\/\/a-pant.ee\/product\/noutbuk-lenovo-g40-45-zaryadka\/"},"modified":"2026-02-22T12:50:51","modified_gmt":"2026-02-22T09:50:51","slug":"noutbuk-lenovo-g40-45-zaryadka","status":"publish","type":"product","link":"https:\/\/a-pant.ee\/ru\/product\/noutbuk-lenovo-g40-45-zaryadka\/","title":{"rendered":"\u041d\u043e\u0443\u0442\u0431\u0443\u043a Lenovo G40-45 + \u0437\u0430\u0440\u044f\u0434\u043a\u0430"},"content":{"rendered":"\n<div id=\"description\"><div><p><b> S\u00fclearvuti Lenovo G40-45 + laadija <\/b> , heas seisu- ja t\u00f6\u00f6korras! <\/p><p> KIRJELDUS <\/p><p> Protsessor (CPU) : AMD E1 -6010 with AND Radeon R2 Graphics (2cpus) &#8212; 1.4ghzz <\/p><p> Operatiiv m\u00e4lu : 4 GB <\/p><p> Videokaart (CPU): AMD Radeon R2 2GB\u00a0 <\/p><p> K\u00f5vaketas: V Series SATA SSD 120GB\u00a0 <\/p><p> Operatsioonis\u00fcsteem:Windows 10 Home <\/p><p> Ekraan 14,1 <\/p><\/div><\/div>\n","protected":false},"excerpt":{"rendered":"<p>S\u00fclearvuti Lenovo G40-45 + laadija , heas seisu- ja t\u00f6\u00f6korras! KIRJELDUS Protsessor (CPU) : AMD E1 -6010 with AND Radeon R2 Graphics (2cpus) &#8212; 1.4ghzz Operatiiv m\u00e4lu : 4 GB Videokaart (CPU): AMD Radeon R2 2GB\u00a0 K\u00f5vaketas: V Series SATA SSD 120GB\u00a0 Operatsioonis\u00fcsteem:Windows 10 Home Ekraan 14,1<\/p>\n","protected":false},"featured_media":22036,"comment_status":"closed","ping_status":"closed","template":"","meta":{"inline_featured_image":false},"product_brand":[],"product_cat":[179],"product_tag":[],"class_list":{"0":"post-22035","1":"product","2":"type-product","3":"status-publish","4":"has-post-thumbnail","6":"product_cat-noutbuki","7":"pa_asukoht-mustamae","8":"pa_seisukord-ispolzovano","10":"first","11":"instock","12":"sale","13":"taxable","14":"shipping-taxable","15":"purchasable","16":"product-type-simple"},"_links":{"self":[{"href":"https:\/\/a-pant.ee\/ru\/wp-json\/wp\/v2\/product\/22035","targetHints":{"allow":["GET"]}}],"collection":[{"href":"https:\/\/a-pant.ee\/ru\/wp-json\/wp\/v2\/product"}],"about":[{"href":"https:\/\/a-pant.ee\/ru\/wp-json\/wp\/v2\/types\/product"}],"replies":[{"embeddable":true,"href":"https:\/\/a-pant.ee\/ru\/wp-json\/wp\/v2\/comments?post=22035"}],"wp:featuredmedia":[{"embeddable":true,"href":"https:\/\/a-pant.ee\/ru\/wp-json\/wp\/v2\/media\/22036"}],"wp:attachment":[{"href":"https:\/\/a-pant.ee\/ru\/wp-json\/wp\/v2\/media?parent=22035"}],"wp:term":[{"taxonomy":"product_brand","embeddable":true,"href":"https:\/\/a-pant.ee\/ru\/wp-json\/wp\/v2\/product_brand?post=22035"},{"taxonomy":"product_cat","embeddable":true,"href":"https:\/\/a-pant.ee\/ru\/wp-json\/wp\/v2\/product_cat?post=22035"},{"taxonomy":"product_tag","embeddable":true,"href":"https:\/\/a-pant.ee\/ru\/wp-json\/wp\/v2\/product_tag?post=22035"}],"curies":[{"name":"wp","href":"https:\/\/api.w.org\/{rel}","templated":true}]}}