{"id":22029,"date":"2026-02-03T23:25:38","date_gmt":"2026-02-03T20:25:38","guid":{"rendered":"https:\/\/a-pant.ee\/product\/noutbuk-acer-swift-sf514-55gt-zaryadka\/"},"modified":"2026-02-22T12:50:51","modified_gmt":"2026-02-22T09:50:51","slug":"noutbuk-acer-swift-sf514-55gt-zaryadka","status":"publish","type":"product","link":"https:\/\/a-pant.ee\/ru\/product\/noutbuk-acer-swift-sf514-55gt-zaryadka\/","title":{"rendered":"\u041d\u043e\u0443\u0442\u0431\u0443\u043a Acer Swift SF514-55GT + \u0437\u0430\u0440\u044f\u0434\u043a\u0430"},"content":{"rendered":"\n<div id=\"description\"><div><p><b> Sulearvuti.Acer Swift SF514-55GT + laadija <\/b> , heas seisu- ja t\u00f6\u00f6korras! <\/p><p> KIRJELDUS <\/p><p> Protsessor (CPU) : Intel Core i5, i5-1135G7 2.40ghzz <\/p><p> Operatiiv m\u00e4lu : 8 GB <\/p><p> Videokaart (CPU): NVIDIA GeForce MX350, GDDR5, 2 GB <\/p><p> K\u00f5vaketas: PDDR4X, SSD 512 GB <\/p><p> Operatsioonis\u00fcsteem:Windows 10 Home <\/p><p> Ekraan 14,1 <\/p><\/div><\/div>\n","protected":false},"excerpt":{"rendered":"<p>Sulearvuti.Acer Swift SF514-55GT + laadija , heas seisu- ja t\u00f6\u00f6korras! KIRJELDUS Protsessor (CPU) : Intel Core i5, i5-1135G7 2.40ghzz Operatiiv m\u00e4lu : 8 GB Videokaart (CPU): NVIDIA GeForce MX350, GDDR5, 2 GB K\u00f5vaketas: PDDR4X, SSD 512 GB Operatsioonis\u00fcsteem:Windows 10 Home Ekraan 14,1<\/p>\n","protected":false},"featured_media":22030,"comment_status":"closed","ping_status":"open","template":"","meta":{"inline_featured_image":false},"product_brand":[],"product_cat":[179],"product_tag":[],"class_list":{"0":"post-22029","1":"product","2":"type-product","3":"status-publish","4":"has-post-thumbnail","6":"product_cat-noutbuki","7":"pa_asukoht-lasnamae","8":"pa_seisukord-ispolzovano","10":"first","11":"instock","12":"taxable","13":"shipping-taxable","14":"purchasable","15":"product-type-simple"},"_links":{"self":[{"href":"https:\/\/a-pant.ee\/ru\/wp-json\/wp\/v2\/product\/22029","targetHints":{"allow":["GET"]}}],"collection":[{"href":"https:\/\/a-pant.ee\/ru\/wp-json\/wp\/v2\/product"}],"about":[{"href":"https:\/\/a-pant.ee\/ru\/wp-json\/wp\/v2\/types\/product"}],"replies":[{"embeddable":true,"href":"https:\/\/a-pant.ee\/ru\/wp-json\/wp\/v2\/comments?post=22029"}],"wp:featuredmedia":[{"embeddable":true,"href":"https:\/\/a-pant.ee\/ru\/wp-json\/wp\/v2\/media\/22030"}],"wp:attachment":[{"href":"https:\/\/a-pant.ee\/ru\/wp-json\/wp\/v2\/media?parent=22029"}],"wp:term":[{"taxonomy":"product_brand","embeddable":true,"href":"https:\/\/a-pant.ee\/ru\/wp-json\/wp\/v2\/product_brand?post=22029"},{"taxonomy":"product_cat","embeddable":true,"href":"https:\/\/a-pant.ee\/ru\/wp-json\/wp\/v2\/product_cat?post=22029"},{"taxonomy":"product_tag","embeddable":true,"href":"https:\/\/a-pant.ee\/ru\/wp-json\/wp\/v2\/product_tag?post=22029"}],"curies":[{"name":"wp","href":"https:\/\/api.w.org\/{rel}","templated":true}]}}