{"id":22023,"date":"2026-02-03T23:25:38","date_gmt":"2026-02-03T20:25:38","guid":{"rendered":"https:\/\/a-pant.ee\/product\/akkumulyatornaya-bolgarka-dewalt-dcg405\/"},"modified":"2026-02-22T12:50:50","modified_gmt":"2026-02-22T09:50:50","slug":"akkumulyatornaya-bolgarka-dewalt-dcg405-bez-aku","status":"publish","type":"product","link":"https:\/\/a-pant.ee\/ru\/product\/akkumulyatornaya-bolgarka-dewalt-dcg405-bez-aku\/","title":{"rendered":"\u0410\u043a\u043a\u0443\u043c\u0443\u043b\u044f\u0442\u043e\u0440\u043d\u0430\u044f \u0431\u043e\u043b\u0433\u0430\u0440\u043a\u0430 Dewalt DCG405 \u0431\u0435\u0437 \u0430\u043a\u0443"},"content":{"rendered":"\n<p> Akurelakas Dewalt DCG405 ilma aku, heas seisu- ja t\u00f6\u00f6korras! <\/p><hr><p> KIRJELDUS <\/p><p> Tehnilised andmed: <\/p><p> Energia tarbimine: 1000W <\/p><p> Kiirus: 9000 aps\/min <\/p><p> Maksimaalne skaala: 125 mm <\/p><p> Spindli keermed: M14 <\/p><p> Pikkus: 310 mm <\/p><p> Vibreerimine \u00f5lgadel \u2013 v\u00e4ike lihvimine: 4,4 m \/ s2 <\/p><p> M\u00f5\u00f5tmise m\u00e4\u00e4ramatus K 1 (vibratsioon): 1,5 m \/ s2 <\/p><p> \u00d5la vibratsiooni-lihvimine: 2,5 m \/ s2 <\/p><p> M\u00f5\u00f5tmise m\u00e4\u00e4ramatus K 2 (vibratsioon): 1,7 m \/ s2 <\/p><p> Helir\u00f5hk: 85 dB (A). <\/p><p> M\u00f5\u00f5tmise m\u00e4\u00e4ramatus K 1 (m\u00fcra): 3 dB (A) <\/p><p> Helir\u00f5hk: 96 dB (A) <\/p><p> M\u00f5\u00f5tmise m\u00e4\u00e4ramatus K 2 (m\u00fcra): 3 dB (A) <\/p><p> Aku: Li-Ion <\/p><p> Pinge: 18V <\/p><p> Aku v\u00f5imsus: 5Ah (ei ole lisatud) <\/p><p> V\u00f5imsus: 800 W <\/p><p> Kaal: 1.65 kg <\/p>\n","protected":false},"excerpt":{"rendered":"<p>Akurelakas Dewalt DCG405 ilma aku, heas seisu- ja t\u00f6\u00f6korras! KIRJELDUS Tehnilised andmed: Energia tarbimine: 1000W Kiirus: 9000 aps\/min Maksimaalne skaala: 125 mm Spindli keermed: M14 Pikkus: 310 mm Vibreerimine \u00f5lgadel \u2013 v\u00e4ike lihvimine: 4,4 m \/ s2 M\u00f5\u00f5tmise m\u00e4\u00e4ramatus K 1 (vibratsioon): 1,5 m \/ s2 \u00d5la vibratsiooni-lihvimine: 2,5 m \/ s2 M\u00f5\u00f5tmise m\u00e4\u00e4ramatus K [&hellip;]<\/p>\n","protected":false},"featured_media":22024,"comment_status":"closed","ping_status":"open","template":"","meta":{"inline_featured_image":false},"product_brand":[],"product_cat":[235],"product_tag":[],"class_list":{"0":"post-22023","1":"product","2":"type-product","3":"status-publish","4":"has-post-thumbnail","6":"product_cat-bolgarki","7":"pa_asukoht-mustamae","8":"pa_seisukord-ispolzovano","10":"first","11":"instock","12":"taxable","13":"shipping-taxable","14":"purchasable","15":"product-type-simple"},"_links":{"self":[{"href":"https:\/\/a-pant.ee\/ru\/wp-json\/wp\/v2\/product\/22023","targetHints":{"allow":["GET"]}}],"collection":[{"href":"https:\/\/a-pant.ee\/ru\/wp-json\/wp\/v2\/product"}],"about":[{"href":"https:\/\/a-pant.ee\/ru\/wp-json\/wp\/v2\/types\/product"}],"replies":[{"embeddable":true,"href":"https:\/\/a-pant.ee\/ru\/wp-json\/wp\/v2\/comments?post=22023"}],"wp:featuredmedia":[{"embeddable":true,"href":"https:\/\/a-pant.ee\/ru\/wp-json\/wp\/v2\/media\/22024"}],"wp:attachment":[{"href":"https:\/\/a-pant.ee\/ru\/wp-json\/wp\/v2\/media?parent=22023"}],"wp:term":[{"taxonomy":"product_brand","embeddable":true,"href":"https:\/\/a-pant.ee\/ru\/wp-json\/wp\/v2\/product_brand?post=22023"},{"taxonomy":"product_cat","embeddable":true,"href":"https:\/\/a-pant.ee\/ru\/wp-json\/wp\/v2\/product_cat?post=22023"},{"taxonomy":"product_tag","embeddable":true,"href":"https:\/\/a-pant.ee\/ru\/wp-json\/wp\/v2\/product_tag?post=22023"}],"curies":[{"name":"wp","href":"https:\/\/api.w.org\/{rel}","templated":true}]}}