{"id":22017,"date":"2026-02-03T23:25:38","date_gmt":"2026-02-03T20:25:38","guid":{"rendered":"https:\/\/a-pant.ee\/product\/akkumulyatornyy-perforator-dewalt-dch133\/"},"modified":"2026-02-22T12:50:50","modified_gmt":"2026-02-22T09:50:50","slug":"akkumulyatornyj-perforator-dewalt-dch133-aku-5-0ach","status":"publish","type":"product","link":"https:\/\/a-pant.ee\/ru\/product\/akkumulyatornyj-perforator-dewalt-dch133-aku-5-0ach\/","title":{"rendered":"\u0410\u043a\u043a\u0443\u043c\u0443\u043b\u044f\u0442\u043e\u0440\u043d\u044b\u0439 \u043f\u0435\u0440\u0444\u043e\u0440\u0430\u0442\u043e\u0440 Dewalt DCH133 + \u0410\u043a\u0443 5.0\u0410\u0447"},"content":{"rendered":"\n<p> \u00a0Akupuurvasar Dewalt DCH133 + Aku 5.0Ah, heas seisu- ja t\u00f6\u00f6korras! <\/p><hr><p> KIRJELDUS <\/p><p> Maksimaalne l\u00f6\u00f6gij\u00f5ud 2.6 J <br \/> SDS-Plus kasseti t\u00fc\u00fcp <br \/> Maksimaalne puurimise l\u00e4bim\u00f5\u00f5t (betoon) 26 mm <br \/> Aku pinge 18 V <br \/> T\u00f6\u00f6re\u017eiimide puurimine, \u00f5itsemine, dumpinguga puurimine <br \/> P\u00f6\u00f6rdfunktsioonid, p\u00f6\u00f6rlemissageduse reguleerimine <br \/> Omadused Disainfinaatmise spindli, ohutus\u00fchendus <br \/> Laetav Dewalt 20v max <br \/> STRIKES sagedus 5680 UD \/ min <br \/> Kaal 2,3 kg <\/p>\n","protected":false},"excerpt":{"rendered":"<p>\u00a0Akupuurvasar Dewalt DCH133 + Aku 5.0Ah, heas seisu- ja t\u00f6\u00f6korras! KIRJELDUS Maksimaalne l\u00f6\u00f6gij\u00f5ud 2.6 J SDS-Plus kasseti t\u00fc\u00fcp Maksimaalne puurimise l\u00e4bim\u00f5\u00f5t (betoon) 26 mm Aku pinge 18 V T\u00f6\u00f6re\u017eiimide puurimine, \u00f5itsemine, dumpinguga puurimine P\u00f6\u00f6rdfunktsioonid, p\u00f6\u00f6rlemissageduse reguleerimine Omadused Disainfinaatmise spindli, ohutus\u00fchendus Laetav Dewalt 20v max STRIKES sagedus 5680 UD \/ min Kaal 2,3 kg<\/p>\n","protected":false},"featured_media":22018,"comment_status":"closed","ping_status":"closed","template":"","meta":{"inline_featured_image":false},"product_brand":[],"product_cat":[239],"product_tag":[],"class_list":{"0":"post-22017","1":"product","2":"type-product","3":"status-publish","4":"has-post-thumbnail","6":"product_cat-perforatory-i-dreli","7":"pa_asukoht-mustamae","8":"pa_seisukord-ispolzovano","10":"first","11":"outofstock","12":"taxable","13":"shipping-taxable","14":"purchasable","15":"product-type-simple"},"_links":{"self":[{"href":"https:\/\/a-pant.ee\/ru\/wp-json\/wp\/v2\/product\/22017","targetHints":{"allow":["GET"]}}],"collection":[{"href":"https:\/\/a-pant.ee\/ru\/wp-json\/wp\/v2\/product"}],"about":[{"href":"https:\/\/a-pant.ee\/ru\/wp-json\/wp\/v2\/types\/product"}],"replies":[{"embeddable":true,"href":"https:\/\/a-pant.ee\/ru\/wp-json\/wp\/v2\/comments?post=22017"}],"wp:featuredmedia":[{"embeddable":true,"href":"https:\/\/a-pant.ee\/ru\/wp-json\/wp\/v2\/media\/22018"}],"wp:attachment":[{"href":"https:\/\/a-pant.ee\/ru\/wp-json\/wp\/v2\/media?parent=22017"}],"wp:term":[{"taxonomy":"product_brand","embeddable":true,"href":"https:\/\/a-pant.ee\/ru\/wp-json\/wp\/v2\/product_brand?post=22017"},{"taxonomy":"product_cat","embeddable":true,"href":"https:\/\/a-pant.ee\/ru\/wp-json\/wp\/v2\/product_cat?post=22017"},{"taxonomy":"product_tag","embeddable":true,"href":"https:\/\/a-pant.ee\/ru\/wp-json\/wp\/v2\/product_tag?post=22017"}],"curies":[{"name":"wp","href":"https:\/\/api.w.org\/{rel}","templated":true}]}}