{"id":22006,"date":"2026-02-03T23:20:48","date_gmt":"2026-02-03T20:20:48","guid":{"rendered":"https:\/\/a-pant.ee\/product\/elektricheskiy-fen-polaris-phd-1241tr\/"},"modified":"2026-02-22T12:50:56","modified_gmt":"2026-02-22T09:50:56","slug":"elektricheskij-fen-polaris-phd-1241tr-instrukcziya-korobka","status":"publish","type":"product","link":"https:\/\/a-pant.ee\/ru\/product\/elektricheskij-fen-polaris-phd-1241tr-instrukcziya-korobka\/","title":{"rendered":"\u042d\u043b\u0435\u043a\u0442\u0440\u0438\u0447\u0435\u0441\u043a\u0438\u0439 \u0444\u0435\u043d Polaris PHD 1241TR + \u0438\u043d\u0441\u0442\u0440\u0443\u043a\u0446\u0438\u044f + \u043a\u043e\u0440\u043e\u0431\u043a\u0430"},"content":{"rendered":"\n<p> \u00a0Elektri f\u00fc\u00fcn Polaris PHD 1241TR + juhend + karp, heas seisu- ja t\u00f6\u00f6korras! <\/p><hr><p> KIRJELDUS <\/p><p> Kakseastmeline v\u00f5imsuse \u00fcmberl\u00fcliti <\/p><p> Mugav haagivastus riputamiseks <\/p><p> Otsapanek-kontsentreerija <\/p><p> \u00dclesoendamise kaitsmine <\/p><p> V\u00f5imsus\u00a0 \u00a01200W <\/p>\n","protected":false},"excerpt":{"rendered":"<p>\u00a0Elektri f\u00fc\u00fcn Polaris PHD 1241TR + juhend + karp, heas seisu- ja t\u00f6\u00f6korras! KIRJELDUS Kakseastmeline v\u00f5imsuse \u00fcmberl\u00fcliti Mugav haagivastus riputamiseks Otsapanek-kontsentreerija \u00dclesoendamise kaitsmine V\u00f5imsus\u00a0 \u00a01200W<\/p>\n","protected":false},"featured_media":22007,"comment_status":"closed","ping_status":"open","template":"","meta":{"inline_featured_image":false},"product_brand":[],"product_cat":[166],"product_tag":[],"class_list":{"0":"post-22006","1":"product","2":"type-product","3":"status-publish","4":"has-post-thumbnail","6":"product_cat-bytovaya-tehnika","7":"pa_asukoht-lasnamae","8":"pa_seisukord-ispolzovano","10":"first","11":"instock","12":"taxable","13":"shipping-taxable","14":"purchasable","15":"product-type-simple"},"_links":{"self":[{"href":"https:\/\/a-pant.ee\/ru\/wp-json\/wp\/v2\/product\/22006","targetHints":{"allow":["GET"]}}],"collection":[{"href":"https:\/\/a-pant.ee\/ru\/wp-json\/wp\/v2\/product"}],"about":[{"href":"https:\/\/a-pant.ee\/ru\/wp-json\/wp\/v2\/types\/product"}],"replies":[{"embeddable":true,"href":"https:\/\/a-pant.ee\/ru\/wp-json\/wp\/v2\/comments?post=22006"}],"wp:featuredmedia":[{"embeddable":true,"href":"https:\/\/a-pant.ee\/ru\/wp-json\/wp\/v2\/media\/22007"}],"wp:attachment":[{"href":"https:\/\/a-pant.ee\/ru\/wp-json\/wp\/v2\/media?parent=22006"}],"wp:term":[{"taxonomy":"product_brand","embeddable":true,"href":"https:\/\/a-pant.ee\/ru\/wp-json\/wp\/v2\/product_brand?post=22006"},{"taxonomy":"product_cat","embeddable":true,"href":"https:\/\/a-pant.ee\/ru\/wp-json\/wp\/v2\/product_cat?post=22006"},{"taxonomy":"product_tag","embeddable":true,"href":"https:\/\/a-pant.ee\/ru\/wp-json\/wp\/v2\/product_tag?post=22006"}],"curies":[{"name":"wp","href":"https:\/\/api.w.org\/{rel}","templated":true}]}}