{"id":21999,"date":"2026-02-03T23:20:48","date_gmt":"2026-02-03T20:20:48","guid":{"rendered":"https:\/\/a-pant.ee\/product\/akudrel-hitachi-ds-36da-akku-hikoki-36v-4-0ah\/"},"modified":"2026-02-22T12:50:56","modified_gmt":"2026-02-22T09:50:56","slug":"akudrel-hitachi-ds-36da-aku-hikoki-36v-4-0ah","status":"publish","type":"product","link":"https:\/\/a-pant.ee\/ru\/product\/akudrel-hitachi-ds-36da-aku-hikoki-36v-4-0ah\/","title":{"rendered":"\u0410\u043a\u0443\u0434\u0440\u0435\u043b\u044c Hitachi DS 36DA + \u0410\u043a\u0443 Hikoki 36V 4.0Ah"},"content":{"rendered":"\n<p> Akutrell Hitachi DS 36DA + Aku Hikoki 36V 4.0Ah, heas seisu- ja t\u00f6\u00f6korras! <\/p><hr><p> KIRJELDUS <\/p><p> Aku maht36V\u00a04,0AH \/ 18V\u00a08,0ah <\/p><p> Aku t\u00fc\u00fcpLi-ion <\/p><p> P\u00f6\u00f6rete arv0-500\/ 0-2100 p\u00f6\u00f6ret\/min <\/p><p> Kaal2,7 kg <\/p><p> Puuriotsaku maksimaalne l\u00e4bim\u00f5\u00f5t terase puurimiseks16 mm <\/p><p> Puuriotsaku maksimaalne l\u00e4bim\u00f5\u00f5t puidu puurimiseks102 mm <\/p><p> Maksimaalne p\u00f6\u00f6rdemoment (k\u00f5va\/pehme)64\/138 Nm <\/p><p> Puuripadruni l\u00e4bim\u00f5\u00f5t1,5-13 mm <\/p><p> Kipsplaadikruvi12x100 mm <\/p><p> Vibratsioonitase2,5 m\/s\u00b2 <\/p><p> Aku pinge36 V <\/p><p> Toote t\u00fc\u00fcpTrell \/ kruvikeeraja <\/p>\n","protected":false},"excerpt":{"rendered":"<p>Akutrell Hitachi DS 36DA + Aku Hikoki 36V 4.0Ah, heas seisu- ja t\u00f6\u00f6korras! KIRJELDUS Aku maht36V\u00a04,0AH \/ 18V\u00a08,0ah Aku t\u00fc\u00fcpLi-ion P\u00f6\u00f6rete arv0-500\/ 0-2100 p\u00f6\u00f6ret\/min Kaal2,7 kg Puuriotsaku maksimaalne l\u00e4bim\u00f5\u00f5t terase puurimiseks16 mm Puuriotsaku maksimaalne l\u00e4bim\u00f5\u00f5t puidu puurimiseks102 mm Maksimaalne p\u00f6\u00f6rdemoment (k\u00f5va\/pehme)64\/138 Nm Puuripadruni l\u00e4bim\u00f5\u00f5t1,5-13 mm Kipsplaadikruvi12x100 mm Vibratsioonitase2,5 m\/s\u00b2 Aku pinge36 V Toote t\u00fc\u00fcpTrell \/ [&hellip;]<\/p>\n","protected":false},"featured_media":22000,"comment_status":"closed","ping_status":"open","template":"","meta":{"inline_featured_image":false},"product_brand":[],"product_cat":[221],"product_tag":[],"class_list":{"0":"post-21999","1":"product","2":"type-product","3":"status-publish","4":"has-post-thumbnail","6":"product_cat-akkumulyatornye-dreli","7":"pa_asukoht-mustamae","8":"pa_seisukord-ispolzovano","10":"first","11":"instock","12":"taxable","13":"shipping-taxable","14":"purchasable","15":"product-type-simple"},"_links":{"self":[{"href":"https:\/\/a-pant.ee\/ru\/wp-json\/wp\/v2\/product\/21999","targetHints":{"allow":["GET"]}}],"collection":[{"href":"https:\/\/a-pant.ee\/ru\/wp-json\/wp\/v2\/product"}],"about":[{"href":"https:\/\/a-pant.ee\/ru\/wp-json\/wp\/v2\/types\/product"}],"replies":[{"embeddable":true,"href":"https:\/\/a-pant.ee\/ru\/wp-json\/wp\/v2\/comments?post=21999"}],"wp:featuredmedia":[{"embeddable":true,"href":"https:\/\/a-pant.ee\/ru\/wp-json\/wp\/v2\/media\/22000"}],"wp:attachment":[{"href":"https:\/\/a-pant.ee\/ru\/wp-json\/wp\/v2\/media?parent=21999"}],"wp:term":[{"taxonomy":"product_brand","embeddable":true,"href":"https:\/\/a-pant.ee\/ru\/wp-json\/wp\/v2\/product_brand?post=21999"},{"taxonomy":"product_cat","embeddable":true,"href":"https:\/\/a-pant.ee\/ru\/wp-json\/wp\/v2\/product_cat?post=21999"},{"taxonomy":"product_tag","embeddable":true,"href":"https:\/\/a-pant.ee\/ru\/wp-json\/wp\/v2\/product_tag?post=21999"}],"curies":[{"name":"wp","href":"https:\/\/api.w.org\/{rel}","templated":true}]}}