{"id":21987,"date":"2026-02-03T23:20:48","date_gmt":"2026-02-03T20:20:48","guid":{"rendered":"https:\/\/a-pant.ee\/product\/noutbuk-hp-probook-455r-g6\/"},"modified":"2026-02-22T12:50:56","modified_gmt":"2026-02-22T09:50:56","slug":"noutbuk-hp-probook-455r-g6-zaryadka-instrukcziya-korobka","status":"publish","type":"product","link":"https:\/\/a-pant.ee\/ru\/product\/noutbuk-hp-probook-455r-g6-zaryadka-instrukcziya-korobka\/","title":{"rendered":"\u041d\u043e\u0443\u0442\u0431\u0443\u043a HP ProBook 455R G6 + \u0417\u0430\u0440\u044f\u0434\u043a\u0430 + \u0418\u043d\u0441\u0442\u0440\u0443\u043a\u0446\u0438\u044f + \u041a\u043e\u0440\u043e\u0431\u043a\u0430"},"content":{"rendered":"\n<p> S\u00fclearvuti HP ProBook 455R G6 + Laadija + Juhend + Karp, heas seisu- ja t\u00f6\u00f6korras! <\/p><hr><p> KIRJELDUS <\/p><p> Protsessor (CPU) : Amd Ryzen 5 3500U (8Cpus) 2,10Ghz <\/p><p> Operatiiv m\u00e4lu : 8 GB <\/p><p> Videokaart (CPU): Amd Radeon Vega 8 Graphics 5071mb <\/p><p> K\u00f5vaketas: SSD WDC PC SN520 256 \u0413\u0431 <\/p><p> Operatsioonis\u00fcsteem: Windows 10 Pro 64bit <\/p><p> Ekraan 15,6 <\/p>\n","protected":false},"excerpt":{"rendered":"<p>S\u00fclearvuti HP ProBook 455R G6 + Laadija + Juhend + Karp, heas seisu- ja t\u00f6\u00f6korras! KIRJELDUS Protsessor (CPU) : Amd Ryzen 5 3500U (8Cpus) 2,10Ghz Operatiiv m\u00e4lu : 8 GB Videokaart (CPU): Amd Radeon Vega 8 Graphics 5071mb K\u00f5vaketas: SSD WDC PC SN520 256 \u0413\u0431 Operatsioonis\u00fcsteem: Windows 10 Pro 64bit Ekraan 15,6<\/p>\n","protected":false},"featured_media":21988,"comment_status":"closed","ping_status":"closed","template":"","meta":{"inline_featured_image":false},"product_brand":[],"product_cat":[179],"product_tag":[],"class_list":{"0":"post-21987","1":"product","2":"type-product","3":"status-publish","4":"has-post-thumbnail","6":"product_cat-noutbuki","7":"pa_asukoht-mustamae","8":"pa_seisukord-ispolzovano","10":"first","11":"instock","12":"sale","13":"taxable","14":"shipping-taxable","15":"purchasable","16":"product-type-simple"},"_links":{"self":[{"href":"https:\/\/a-pant.ee\/ru\/wp-json\/wp\/v2\/product\/21987","targetHints":{"allow":["GET"]}}],"collection":[{"href":"https:\/\/a-pant.ee\/ru\/wp-json\/wp\/v2\/product"}],"about":[{"href":"https:\/\/a-pant.ee\/ru\/wp-json\/wp\/v2\/types\/product"}],"replies":[{"embeddable":true,"href":"https:\/\/a-pant.ee\/ru\/wp-json\/wp\/v2\/comments?post=21987"}],"wp:featuredmedia":[{"embeddable":true,"href":"https:\/\/a-pant.ee\/ru\/wp-json\/wp\/v2\/media\/21988"}],"wp:attachment":[{"href":"https:\/\/a-pant.ee\/ru\/wp-json\/wp\/v2\/media?parent=21987"}],"wp:term":[{"taxonomy":"product_brand","embeddable":true,"href":"https:\/\/a-pant.ee\/ru\/wp-json\/wp\/v2\/product_brand?post=21987"},{"taxonomy":"product_cat","embeddable":true,"href":"https:\/\/a-pant.ee\/ru\/wp-json\/wp\/v2\/product_cat?post=21987"},{"taxonomy":"product_tag","embeddable":true,"href":"https:\/\/a-pant.ee\/ru\/wp-json\/wp\/v2\/product_tag?post=21987"}],"curies":[{"name":"wp","href":"https:\/\/api.w.org\/{rel}","templated":true}]}}