{"id":21977,"date":"2026-02-03T23:20:48","date_gmt":"2026-02-03T20:20:48","guid":{"rendered":"https:\/\/a-pant.ee\/product\/smart-chasy-polar-ignite-wr30m-zaryadka\/"},"modified":"2026-02-22T12:50:55","modified_gmt":"2026-02-22T09:50:55","slug":"smart-chasy-polar-ignite-wr30m-zaryadka","status":"publish","type":"product","link":"https:\/\/a-pant.ee\/ru\/product\/smart-chasy-polar-ignite-wr30m-zaryadka\/","title":{"rendered":"\u0421\u043c\u0430\u0440\u0442-\u0447\u0430\u0441\u044b Polar Ignite WR30M + \u0437\u0430\u0440\u044f\u0434\u043a\u0430"},"content":{"rendered":"\n<p> Nutikellad Polar Ignite WR30M + laadija, heas seisu- ja t\u00f6\u00f6korras! <\/p><p> 2Tk <\/p><hr><p> KIRJELDUS <\/p><p> Ekraani lahutusv\u00f5ime <\/p><p> 240 \u00d7 204 <\/p><p> Puutetundlik <\/p><p> Jah <\/p><p> Funktsionaalsus <\/p><p> Multi-sport <\/p><p> Jah <\/p><p> M\u00f5\u00f5detavad parameetrid <\/p><p> L\u00e4bitud vahemaa <\/p><p> Sensorid <\/p><p> Pulsiandur <\/p><p> Integreeritud <\/p><p> GPS <\/p><p> Jah <\/p><p> \u00dchenduvus <\/p><p> Bluetooth <\/p><p> Jah <\/p><p> Toide <\/p><p> Vooluallikas <\/p><p> Liitium-pol\u00fcmeer aku <\/p><p> \u00dcldine <\/p><p> V\u00e4rvus <\/p><p> Oran\u017e <br \/> Must <\/p><p> Ilmastikukindlus <\/p><p> Veekindel (kuni 30 m s\u00fcgavusel) <\/p><p> M\u00f5\u00f5tmed ja kaalud <\/p><p> Brutokaal <\/p><p> 0.15 kg <\/p><p> Pakendi laius <\/p><p> 7.7 cm <\/p><p> Pakendi k\u00f5rgus <\/p><p> 6.9 cm <\/p><p> Pakendi pikkus <\/p><p> 15.8 cm <\/p>\n","protected":false},"excerpt":{"rendered":"<p>Nutikellad Polar Ignite WR30M + laadija, heas seisu- ja t\u00f6\u00f6korras! 2Tk KIRJELDUS Ekraani lahutusv\u00f5ime 240 \u00d7 204 Puutetundlik Jah Funktsionaalsus Multi-sport Jah M\u00f5\u00f5detavad parameetrid L\u00e4bitud vahemaa Sensorid Pulsiandur Integreeritud GPS Jah \u00dchenduvus Bluetooth Jah Toide Vooluallikas Liitium-pol\u00fcmeer aku \u00dcldine V\u00e4rvus Oran\u017e Must Ilmastikukindlus Veekindel (kuni 30 m s\u00fcgavusel) M\u00f5\u00f5tmed ja kaalud Brutokaal 0.15 kg Pakendi [&hellip;]<\/p>\n","protected":false},"featured_media":21978,"comment_status":"closed","ping_status":"open","template":"","meta":{"inline_featured_image":false},"product_brand":[],"product_cat":[176],"product_tag":[],"class_list":{"0":"post-21977","1":"product","2":"type-product","3":"status-publish","4":"has-post-thumbnail","6":"product_cat-smart-chasy","7":"pa_asukoht-mustamae","8":"pa_seisukord-ispolzovano","10":"first","11":"instock","12":"taxable","13":"shipping-taxable","14":"purchasable","15":"product-type-simple"},"_links":{"self":[{"href":"https:\/\/a-pant.ee\/ru\/wp-json\/wp\/v2\/product\/21977","targetHints":{"allow":["GET"]}}],"collection":[{"href":"https:\/\/a-pant.ee\/ru\/wp-json\/wp\/v2\/product"}],"about":[{"href":"https:\/\/a-pant.ee\/ru\/wp-json\/wp\/v2\/types\/product"}],"replies":[{"embeddable":true,"href":"https:\/\/a-pant.ee\/ru\/wp-json\/wp\/v2\/comments?post=21977"}],"wp:featuredmedia":[{"embeddable":true,"href":"https:\/\/a-pant.ee\/ru\/wp-json\/wp\/v2\/media\/21978"}],"wp:attachment":[{"href":"https:\/\/a-pant.ee\/ru\/wp-json\/wp\/v2\/media?parent=21977"}],"wp:term":[{"taxonomy":"product_brand","embeddable":true,"href":"https:\/\/a-pant.ee\/ru\/wp-json\/wp\/v2\/product_brand?post=21977"},{"taxonomy":"product_cat","embeddable":true,"href":"https:\/\/a-pant.ee\/ru\/wp-json\/wp\/v2\/product_cat?post=21977"},{"taxonomy":"product_tag","embeddable":true,"href":"https:\/\/a-pant.ee\/ru\/wp-json\/wp\/v2\/product_tag?post=21977"}],"curies":[{"name":"wp","href":"https:\/\/api.w.org\/{rel}","templated":true}]}}