{"id":21971,"date":"2026-02-03T23:20:48","date_gmt":"2026-02-03T20:20:48","guid":{"rendered":"https:\/\/a-pant.ee\/product\/akudrel-bosch-gsr-12-2-zaryadka\/"},"modified":"2026-02-22T12:50:55","modified_gmt":"2026-02-22T09:50:55","slug":"akudrel-bosch-gsr-12-2-zaryadka","status":"publish","type":"product","link":"https:\/\/a-pant.ee\/ru\/product\/akudrel-bosch-gsr-12-2-zaryadka\/","title":{"rendered":"\u0410\u043a\u0443\u0434\u0440\u0435\u043b\u044c Bosch GSR 12-2 + \u0437\u0430\u0440\u044f\u0434\u043a\u0430"},"content":{"rendered":"\n<p> \u00a0Akutrell Bosch GSR 12-2 + laadija, heas seisu- ja t\u00f6\u00f6korras! <\/p><hr><p> KIRJELDUS <\/p><p> Aku pinge 12 V <\/p><p> Maksimaalne p\u00f6\u00f6rdemoment 27 n \u00b7 m <\/p><p> Max. L\u00e4bim\u00f5\u00f5t puurimine (puit) 23 mm <\/p><p> Max. Drillimise l\u00e4bim\u00f5\u00f5t (metall) 12 mm <\/p><p> Kaal 1,5 kg <\/p><p> Akumulaatori v\u00f5imsus 1,5 a \u00b7 h <\/p><p> Disain funktsioonide lukustusnuppu, pistikupesa korpuse kinnitusvahendite kinnitus <\/p><p> Max. Kruvide l\u00e4bim\u00f5\u00f5t 7 mm <\/p><p> Kasseti l\u00e4bim\u00f5\u00f5t 1 &#8212; 10 mm <\/p><p> P\u00f6\u00f6rdfunktsioonid, mootori piduri, p\u00f6\u00f6rlemissageduse reguleerimine <\/p><p> Liik kasseti Fast-re\u017eiimi <\/p><p> Max. Nucturing kiiruse arv 1200 p \/ min <\/p>\n","protected":false},"excerpt":{"rendered":"<p>\u00a0Akutrell Bosch GSR 12-2 + laadija, heas seisu- ja t\u00f6\u00f6korras! KIRJELDUS Aku pinge 12 V Maksimaalne p\u00f6\u00f6rdemoment 27 n \u00b7 m Max. L\u00e4bim\u00f5\u00f5t puurimine (puit) 23 mm Max. Drillimise l\u00e4bim\u00f5\u00f5t (metall) 12 mm Kaal 1,5 kg Akumulaatori v\u00f5imsus 1,5 a \u00b7 h Disain funktsioonide lukustusnuppu, pistikupesa korpuse kinnitusvahendite kinnitus Max. Kruvide l\u00e4bim\u00f5\u00f5t 7 mm Kasseti [&hellip;]<\/p>\n","protected":false},"featured_media":21972,"comment_status":"closed","ping_status":"open","template":"","meta":{"inline_featured_image":false},"product_brand":[],"product_cat":[221],"product_tag":[],"class_list":{"0":"post-21971","1":"product","2":"type-product","3":"status-publish","4":"has-post-thumbnail","6":"product_cat-akkumulyatornye-dreli","7":"pa_asukoht-mustamae","8":"pa_seisukord-ispolzovano","10":"first","11":"instock","12":"taxable","13":"shipping-taxable","14":"purchasable","15":"product-type-simple"},"_links":{"self":[{"href":"https:\/\/a-pant.ee\/ru\/wp-json\/wp\/v2\/product\/21971","targetHints":{"allow":["GET"]}}],"collection":[{"href":"https:\/\/a-pant.ee\/ru\/wp-json\/wp\/v2\/product"}],"about":[{"href":"https:\/\/a-pant.ee\/ru\/wp-json\/wp\/v2\/types\/product"}],"replies":[{"embeddable":true,"href":"https:\/\/a-pant.ee\/ru\/wp-json\/wp\/v2\/comments?post=21971"}],"wp:featuredmedia":[{"embeddable":true,"href":"https:\/\/a-pant.ee\/ru\/wp-json\/wp\/v2\/media\/21972"}],"wp:attachment":[{"href":"https:\/\/a-pant.ee\/ru\/wp-json\/wp\/v2\/media?parent=21971"}],"wp:term":[{"taxonomy":"product_brand","embeddable":true,"href":"https:\/\/a-pant.ee\/ru\/wp-json\/wp\/v2\/product_brand?post=21971"},{"taxonomy":"product_cat","embeddable":true,"href":"https:\/\/a-pant.ee\/ru\/wp-json\/wp\/v2\/product_cat?post=21971"},{"taxonomy":"product_tag","embeddable":true,"href":"https:\/\/a-pant.ee\/ru\/wp-json\/wp\/v2\/product_tag?post=21971"}],"curies":[{"name":"wp","href":"https:\/\/api.w.org\/{rel}","templated":true}]}}