{"id":21965,"date":"2026-02-03T23:20:48","date_gmt":"2026-02-03T20:20:48","guid":{"rendered":"https:\/\/a-pant.ee\/product\/bolgraka-metabo-w-10-125-quick\/"},"modified":"2026-02-22T12:50:55","modified_gmt":"2026-02-22T09:50:55","slug":"bolgraka-metabo-w-10-125-quick","status":"publish","type":"product","link":"https:\/\/a-pant.ee\/ru\/product\/bolgraka-metabo-w-10-125-quick\/","title":{"rendered":"\u0411\u043e\u043b\u0433\u0440\u0430\u043a\u0430 Metabo W 10 \u2013 125 Quick"},"content":{"rendered":"\n<p> Relakas Metabo W 10 \u2013 125 Quick, heas seisu- ja t\u00f6\u00f6korras! <\/p><hr><p> KIRJELDUS <\/p><p> Jahvatusketas l\u00e4bim\u00f5\u00f5t: 125 mm <br \/> P\u00f6\u00f6rdemoment: 3 nm <br \/> T\u00fchik\u00e4igukiirus: 10 000 \/ min <br \/> Nominaalne j\u00f5udlus: 1,010 W <br \/> Sardene v\u00f5imsus: 600 W <br \/> Kiirus nominaalkoormus: 6,500 \/ min <br \/> Spindli niit: m 14 <br \/> Kaal ilma toitejuhtmeta: 1,8 kg <\/p>\n","protected":false},"excerpt":{"rendered":"<p>Relakas Metabo W 10 \u2013 125 Quick, heas seisu- ja t\u00f6\u00f6korras! KIRJELDUS Jahvatusketas l\u00e4bim\u00f5\u00f5t: 125 mm P\u00f6\u00f6rdemoment: 3 nm T\u00fchik\u00e4igukiirus: 10 000 \/ min Nominaalne j\u00f5udlus: 1,010 W Sardene v\u00f5imsus: 600 W Kiirus nominaalkoormus: 6,500 \/ min Spindli niit: m 14 Kaal ilma toitejuhtmeta: 1,8 kg<\/p>\n","protected":false},"featured_media":21966,"comment_status":"closed","ping_status":"open","template":"","meta":{"inline_featured_image":false},"product_brand":[],"product_cat":[235],"product_tag":[],"class_list":{"0":"post-21965","1":"product","2":"type-product","3":"status-publish","4":"has-post-thumbnail","6":"product_cat-bolgarki","7":"pa_asukoht-mustamae","8":"pa_seisukord-ispolzovano","10":"first","11":"instock","12":"taxable","13":"shipping-taxable","14":"purchasable","15":"product-type-simple"},"_links":{"self":[{"href":"https:\/\/a-pant.ee\/ru\/wp-json\/wp\/v2\/product\/21965","targetHints":{"allow":["GET"]}}],"collection":[{"href":"https:\/\/a-pant.ee\/ru\/wp-json\/wp\/v2\/product"}],"about":[{"href":"https:\/\/a-pant.ee\/ru\/wp-json\/wp\/v2\/types\/product"}],"replies":[{"embeddable":true,"href":"https:\/\/a-pant.ee\/ru\/wp-json\/wp\/v2\/comments?post=21965"}],"wp:featuredmedia":[{"embeddable":true,"href":"https:\/\/a-pant.ee\/ru\/wp-json\/wp\/v2\/media\/21966"}],"wp:attachment":[{"href":"https:\/\/a-pant.ee\/ru\/wp-json\/wp\/v2\/media?parent=21965"}],"wp:term":[{"taxonomy":"product_brand","embeddable":true,"href":"https:\/\/a-pant.ee\/ru\/wp-json\/wp\/v2\/product_brand?post=21965"},{"taxonomy":"product_cat","embeddable":true,"href":"https:\/\/a-pant.ee\/ru\/wp-json\/wp\/v2\/product_cat?post=21965"},{"taxonomy":"product_tag","embeddable":true,"href":"https:\/\/a-pant.ee\/ru\/wp-json\/wp\/v2\/product_tag?post=21965"}],"curies":[{"name":"wp","href":"https:\/\/api.w.org\/{rel}","templated":true}]}}