{"id":21953,"date":"2026-02-03T23:20:48","date_gmt":"2026-02-03T20:20:48","guid":{"rendered":"https:\/\/a-pant.ee\/product\/solnechnaya-panel-dlya-trekovoy-kamery-trekker\/"},"modified":"2026-02-22T12:50:55","modified_gmt":"2026-02-22T09:50:55","slug":"solnechnaya-panel-dlya-trekovoj-kamery-trekker","status":"publish","type":"product","link":"https:\/\/a-pant.ee\/ru\/product\/solnechnaya-panel-dlya-trekovoj-kamery-trekker\/","title":{"rendered":"\u0421\u043e\u043b\u043d\u0435\u0447\u043d\u0430\u044f \u043f\u0430\u043d\u0435\u043b\u044c \u0434\u043b\u044f \u0442\u0440\u0435\u043a\u043e\u0432\u043e\u0439 \u043a\u0430\u043c\u0435\u0440\u044b Trekker"},"content":{"rendered":"\n<div id=\"description\"><div><p><b> P\u00e4ikesepaneel rajakaamerale Trekker <\/b> , heas seisu- ja t\u00f6\u00f6korras! <\/p><p> KIRJELDUS <\/p><p> Sobib Trekker rajakaamerale. P\u00e4ikesepaneeliga pikendate oma kaamera eluiga. P\u00e4ikesepaneel peaks olema suunatud nii, et see oleks kaua otse p\u00e4ikese ees, nii et laadimisv\u00f5imsus oleks parim. M\u00f5\u00f5tmed: 120 x 80 x 25mm. Korpuse klass IP65. T\u00f6\u00f6temperatuur: -30 kuni 70 \u00b0C <\/p><\/div><\/div>\n","protected":false},"excerpt":{"rendered":"<p>P\u00e4ikesepaneel rajakaamerale Trekker , heas seisu- ja t\u00f6\u00f6korras! KIRJELDUS Sobib Trekker rajakaamerale. P\u00e4ikesepaneeliga pikendate oma kaamera eluiga. P\u00e4ikesepaneel peaks olema suunatud nii, et see oleks kaua otse p\u00e4ikese ees, nii et laadimisv\u00f5imsus oleks parim. M\u00f5\u00f5tmed: 120 x 80 x 25mm. Korpuse klass IP65. T\u00f6\u00f6temperatuur: -30 kuni 70 \u00b0C<\/p>\n","protected":false},"featured_media":21954,"comment_status":"closed","ping_status":"open","template":"","meta":{"inline_featured_image":false},"product_brand":[],"product_cat":[214],"product_tag":[],"class_list":{"0":"post-21953","1":"product","2":"type-product","3":"status-publish","4":"has-post-thumbnail","6":"product_cat-aktivnyj-otdyh","7":"pa_asukoht-mustamae","8":"pa_seisukord-ispolzovano","10":"first","11":"instock","12":"taxable","13":"shipping-taxable","14":"purchasable","15":"product-type-simple"},"_links":{"self":[{"href":"https:\/\/a-pant.ee\/ru\/wp-json\/wp\/v2\/product\/21953","targetHints":{"allow":["GET"]}}],"collection":[{"href":"https:\/\/a-pant.ee\/ru\/wp-json\/wp\/v2\/product"}],"about":[{"href":"https:\/\/a-pant.ee\/ru\/wp-json\/wp\/v2\/types\/product"}],"replies":[{"embeddable":true,"href":"https:\/\/a-pant.ee\/ru\/wp-json\/wp\/v2\/comments?post=21953"}],"wp:featuredmedia":[{"embeddable":true,"href":"https:\/\/a-pant.ee\/ru\/wp-json\/wp\/v2\/media\/21954"}],"wp:attachment":[{"href":"https:\/\/a-pant.ee\/ru\/wp-json\/wp\/v2\/media?parent=21953"}],"wp:term":[{"taxonomy":"product_brand","embeddable":true,"href":"https:\/\/a-pant.ee\/ru\/wp-json\/wp\/v2\/product_brand?post=21953"},{"taxonomy":"product_cat","embeddable":true,"href":"https:\/\/a-pant.ee\/ru\/wp-json\/wp\/v2\/product_cat?post=21953"},{"taxonomy":"product_tag","embeddable":true,"href":"https:\/\/a-pant.ee\/ru\/wp-json\/wp\/v2\/product_tag?post=21953"}],"curies":[{"name":"wp","href":"https:\/\/api.w.org\/{rel}","templated":true}]}}