{"id":21934,"date":"2026-02-03T23:20:48","date_gmt":"2026-02-03T20:20:48","guid":{"rendered":"https:\/\/a-pant.ee\/product\/perforator-kawasaki-k-ehd-1050\/"},"modified":"2026-02-22T12:50:54","modified_gmt":"2026-02-22T09:50:54","slug":"perforator-kawasaki-k-ehd-1050-chemodan","status":"publish","type":"product","link":"https:\/\/a-pant.ee\/ru\/product\/perforator-kawasaki-k-ehd-1050-chemodan\/","title":{"rendered":"\u041f\u0435\u0440\u0444\u043e\u0440\u0430\u0442\u043e\u0440 Kawasaki K-EHD 1050 + \u0447\u0435\u043c\u043e\u0434\u0430\u043d"},"content":{"rendered":"\n<p> Puurvasar Kawasaki K-EHD 1050 + kohver, heas seisu- ja t\u00f6\u00f6korras! <\/p><hr><p> KIRJELDUS <\/p><p> PAKENDI M\u00d5\u00d5DUD <\/p><p> Toote kaal, kg5.5 kg <\/p><p> Pakendi k\u00f5rgus, cm31 cm <\/p><p> Pakendi s\u00fcgavus, cm40 cm <\/p><p> Pakendi laius, cm11 cm <\/p><p> Kaal, kg6 kg <\/p><p> TOOTEANDMED <\/p><p> L\u00f6\u00f6gienergia, J3.5 <\/p><p> L\u00f6\u00f6gisagedus, l\u00f6\u00f6k\/min5200 <\/p><p> Mootori liikelektriline <\/p><p> Padruni t\u00fc\u00fcpSDS plus <\/p><p> P\u00f6\u00f6rlemiskiirus, p\/min1100 <\/p><p> Reguleeritav kiirusJah <\/p><p> Toitejuhtme pikkus, m2 <\/p><p> V\u00f5imsus, W1050 <\/p>\n","protected":false},"excerpt":{"rendered":"<p>Puurvasar Kawasaki K-EHD 1050 + kohver, heas seisu- ja t\u00f6\u00f6korras! KIRJELDUS PAKENDI M\u00d5\u00d5DUD Toote kaal, kg5.5 kg Pakendi k\u00f5rgus, cm31 cm Pakendi s\u00fcgavus, cm40 cm Pakendi laius, cm11 cm Kaal, kg6 kg TOOTEANDMED L\u00f6\u00f6gienergia, J3.5 L\u00f6\u00f6gisagedus, l\u00f6\u00f6k\/min5200 Mootori liikelektriline Padruni t\u00fc\u00fcpSDS plus P\u00f6\u00f6rlemiskiirus, p\/min1100 Reguleeritav kiirusJah Toitejuhtme pikkus, m2 V\u00f5imsus, W1050<\/p>\n","protected":false},"featured_media":21935,"comment_status":"closed","ping_status":"open","template":"","meta":{"inline_featured_image":false},"product_brand":[],"product_cat":[239],"product_tag":[],"class_list":{"0":"post-21934","1":"product","2":"type-product","3":"status-publish","4":"has-post-thumbnail","6":"product_cat-perforatory-i-dreli","7":"pa_asukoht-mustamae","8":"pa_seisukord-ispolzovano","10":"first","11":"instock","12":"taxable","13":"shipping-taxable","14":"purchasable","15":"product-type-simple"},"_links":{"self":[{"href":"https:\/\/a-pant.ee\/ru\/wp-json\/wp\/v2\/product\/21934","targetHints":{"allow":["GET"]}}],"collection":[{"href":"https:\/\/a-pant.ee\/ru\/wp-json\/wp\/v2\/product"}],"about":[{"href":"https:\/\/a-pant.ee\/ru\/wp-json\/wp\/v2\/types\/product"}],"replies":[{"embeddable":true,"href":"https:\/\/a-pant.ee\/ru\/wp-json\/wp\/v2\/comments?post=21934"}],"wp:featuredmedia":[{"embeddable":true,"href":"https:\/\/a-pant.ee\/ru\/wp-json\/wp\/v2\/media\/21935"}],"wp:attachment":[{"href":"https:\/\/a-pant.ee\/ru\/wp-json\/wp\/v2\/media?parent=21934"}],"wp:term":[{"taxonomy":"product_brand","embeddable":true,"href":"https:\/\/a-pant.ee\/ru\/wp-json\/wp\/v2\/product_brand?post=21934"},{"taxonomy":"product_cat","embeddable":true,"href":"https:\/\/a-pant.ee\/ru\/wp-json\/wp\/v2\/product_cat?post=21934"},{"taxonomy":"product_tag","embeddable":true,"href":"https:\/\/a-pant.ee\/ru\/wp-json\/wp\/v2\/product_tag?post=21934"}],"curies":[{"name":"wp","href":"https:\/\/api.w.org\/{rel}","templated":true}]}}