{"id":21910,"date":"2026-02-03T23:20:48","date_gmt":"2026-02-03T20:20:48","guid":{"rendered":"https:\/\/a-pant.ee\/product\/bluetooth-naushniki-jbl-reflect-flow\/"},"modified":"2026-02-22T12:50:54","modified_gmt":"2026-02-22T09:50:54","slug":"bluetooth-naushniki-jbl-reflect-flow","status":"publish","type":"product","link":"https:\/\/a-pant.ee\/ru\/product\/bluetooth-naushniki-jbl-reflect-flow\/","title":{"rendered":"Bluetooth \u041d\u0430\u0443\u0448\u043d\u0438\u043a\u0438 JBL Reflect Flow"},"content":{"rendered":"\n<p> \u00a0Bluetooth k\u00f5rvaklapid JBL Reflect Flow, heas seisu- ja t\u00f6\u00f6korras! <\/p><hr><p> KIRJELDUS <\/p><p> JBL REFLECT FLOW. \u00dchenduvustehnoloogia: Juhtmevaba, Bluetooth. Kandmisviis: K\u00f5rvasisene. K\u00f5rvakinniti: K\u00f5rvasisene, K\u00f5rvaklappide sagedus: 20 &#8212; 20000 Hz, K\u00f5rvaklappide tundlikkus: 102 dB, N\u00e4ivtakistus: 14 \u03a9, Juhtseade: 5,8 mm. Kaal: 85 g. Toote v\u00e4rv: Must, Hall <\/p>\n","protected":false},"excerpt":{"rendered":"<p>\u00a0Bluetooth k\u00f5rvaklapid JBL Reflect Flow, heas seisu- ja t\u00f6\u00f6korras! KIRJELDUS JBL REFLECT FLOW. \u00dchenduvustehnoloogia: Juhtmevaba, Bluetooth. Kandmisviis: K\u00f5rvasisene. K\u00f5rvakinniti: K\u00f5rvasisene, K\u00f5rvaklappide sagedus: 20 &#8212; 20000 Hz, K\u00f5rvaklappide tundlikkus: 102 dB, N\u00e4ivtakistus: 14 \u03a9, Juhtseade: 5,8 mm. Kaal: 85 g. Toote v\u00e4rv: Must, Hall<\/p>\n","protected":false},"featured_media":21911,"comment_status":"closed","ping_status":"closed","template":"","meta":{"inline_featured_image":false},"product_brand":[],"product_cat":[168],"product_tag":[],"class_list":{"0":"post-21910","1":"product","2":"type-product","3":"status-publish","4":"has-post-thumbnail","6":"product_cat-naushniki","7":"pa_asukoht-mustamae","8":"pa_seisukord-ispolzovano","10":"first","11":"outofstock","12":"taxable","13":"shipping-taxable","14":"purchasable","15":"product-type-simple"},"_links":{"self":[{"href":"https:\/\/a-pant.ee\/ru\/wp-json\/wp\/v2\/product\/21910","targetHints":{"allow":["GET"]}}],"collection":[{"href":"https:\/\/a-pant.ee\/ru\/wp-json\/wp\/v2\/product"}],"about":[{"href":"https:\/\/a-pant.ee\/ru\/wp-json\/wp\/v2\/types\/product"}],"replies":[{"embeddable":true,"href":"https:\/\/a-pant.ee\/ru\/wp-json\/wp\/v2\/comments?post=21910"}],"wp:featuredmedia":[{"embeddable":true,"href":"https:\/\/a-pant.ee\/ru\/wp-json\/wp\/v2\/media\/21911"}],"wp:attachment":[{"href":"https:\/\/a-pant.ee\/ru\/wp-json\/wp\/v2\/media?parent=21910"}],"wp:term":[{"taxonomy":"product_brand","embeddable":true,"href":"https:\/\/a-pant.ee\/ru\/wp-json\/wp\/v2\/product_brand?post=21910"},{"taxonomy":"product_cat","embeddable":true,"href":"https:\/\/a-pant.ee\/ru\/wp-json\/wp\/v2\/product_cat?post=21910"},{"taxonomy":"product_tag","embeddable":true,"href":"https:\/\/a-pant.ee\/ru\/wp-json\/wp\/v2\/product_tag?post=21910"}],"curies":[{"name":"wp","href":"https:\/\/api.w.org\/{rel}","templated":true}]}}