{"id":21905,"date":"2026-02-03T23:20:48","date_gmt":"2026-02-03T20:20:48","guid":{"rendered":"https:\/\/a-pant.ee\/product\/akkumulyator-milwaukee-m18-b5-5-0-ah\/"},"modified":"2026-02-22T12:50:54","modified_gmt":"2026-02-22T09:50:54","slug":"akkumulyator-milwaukee-m18-b5-5-0-ach","status":"publish","type":"product","link":"https:\/\/a-pant.ee\/ru\/product\/akkumulyator-milwaukee-m18-b5-5-0-ach\/","title":{"rendered":"\u0410\u043a\u043a\u0443\u043c\u0443\u043b\u044f\u0442\u043e\u0440 Milwaukee M18 B5 5.0 \u0410\u0447"},"content":{"rendered":"\n<p> Milwaukee M18 B5 aku; 18 V; 5,0 Ah; Li-ioon, heas seisu- ja t\u00f6\u00f6korras! <\/p><hr><p> KIRJELDUSKaubam\u00e4rk Milwaukee <br \/> Saadetise kogukaal 0,3 kg <br \/> Professionaalne \/ amat\u00f6\u00f6r <br \/> Toote pakend 1 tk. <br \/> Aku t\u00fc\u00fcp Li-Ion (Li-ion aku) <br \/> Aku pinge 18 V <br \/> Aku maht 5,0 Ah <br \/> laadimistaseme indikaator Jah <br \/> ESP (elektrooniliste komponentide kaitse) Jah <br \/> Aku laadimisaeg 100 min <\/p>\n","protected":false},"excerpt":{"rendered":"<p>Milwaukee M18 B5 aku; 18 V; 5,0 Ah; Li-ioon, heas seisu- ja t\u00f6\u00f6korras! KIRJELDUSKaubam\u00e4rk Milwaukee Saadetise kogukaal 0,3 kg Professionaalne \/ amat\u00f6\u00f6r Toote pakend 1 tk. Aku t\u00fc\u00fcp Li-Ion (Li-ion aku) Aku pinge 18 V Aku maht 5,0 Ah laadimistaseme indikaator Jah ESP (elektrooniliste komponentide kaitse) Jah Aku laadimisaeg 100 min<\/p>\n","protected":false},"featured_media":21906,"comment_status":"closed","ping_status":"open","template":"","meta":{"inline_featured_image":false},"product_brand":[],"product_cat":[223],"product_tag":[],"class_list":{"0":"post-21905","1":"product","2":"type-product","3":"status-publish","4":"has-post-thumbnail","6":"product_cat-vsyo-dlya-instrumenta","7":"pa_asukoht-mustamae","8":"pa_seisukord-ispolzovano","10":"first","11":"instock","12":"taxable","13":"shipping-taxable","14":"purchasable","15":"product-type-simple"},"_links":{"self":[{"href":"https:\/\/a-pant.ee\/ru\/wp-json\/wp\/v2\/product\/21905","targetHints":{"allow":["GET"]}}],"collection":[{"href":"https:\/\/a-pant.ee\/ru\/wp-json\/wp\/v2\/product"}],"about":[{"href":"https:\/\/a-pant.ee\/ru\/wp-json\/wp\/v2\/types\/product"}],"replies":[{"embeddable":true,"href":"https:\/\/a-pant.ee\/ru\/wp-json\/wp\/v2\/comments?post=21905"}],"wp:featuredmedia":[{"embeddable":true,"href":"https:\/\/a-pant.ee\/ru\/wp-json\/wp\/v2\/media\/21906"}],"wp:attachment":[{"href":"https:\/\/a-pant.ee\/ru\/wp-json\/wp\/v2\/media?parent=21905"}],"wp:term":[{"taxonomy":"product_brand","embeddable":true,"href":"https:\/\/a-pant.ee\/ru\/wp-json\/wp\/v2\/product_brand?post=21905"},{"taxonomy":"product_cat","embeddable":true,"href":"https:\/\/a-pant.ee\/ru\/wp-json\/wp\/v2\/product_cat?post=21905"},{"taxonomy":"product_tag","embeddable":true,"href":"https:\/\/a-pant.ee\/ru\/wp-json\/wp\/v2\/product_tag?post=21905"}],"curies":[{"name":"wp","href":"https:\/\/api.w.org\/{rel}","templated":true}]}}