{"id":21879,"date":"2026-02-03T23:20:48","date_gmt":"2026-02-03T20:20:48","guid":{"rendered":"https:\/\/a-pant.ee\/product\/akkumulyatornaya-drrel-shurupovert-makita-dhp482\/"},"modified":"2026-02-22T12:50:53","modified_gmt":"2026-02-22T09:50:53","slug":"akudrel-makita-dhp482-3ah","status":"publish","type":"product","link":"https:\/\/a-pant.ee\/ru\/product\/akudrel-makita-dhp482-3ah\/","title":{"rendered":"\u0410\u043a\u0443\u0434\u0440\u0435\u043b\u044c Makita DHP482 + 3ah"},"content":{"rendered":"\n<p> Akutrell \u00a0Makita DHP482 + 3ah, heas seisu- ja t\u00f6\u00f6korras! <\/p><p> KIRJELDUS <\/p><p> Aku pinge 18 V <br \/> Maksimaalne p\u00f6\u00f6rdemoment 62 N \u00b7 m <br \/> Max. Puurimise l\u00e4bim\u00f5\u00f5t (puit) 38 mm <br \/> Max. Puurimise l\u00e4bim\u00f5\u00f5t (metall) 13 mm <br \/> Kaal 1,8 kg <br \/> Makita 18V LXT Laetav s\u00fcsteem <br \/> Pakkekast <br \/> Omadused Disainfinaatmise spindli, lukustusv\u00f5imsuse sisse l\u00fclitatud, punkt kerge lamp <br \/> Max. Drillimise l\u00e4bim\u00f5\u00f5t (betoon) 13 mm <br \/> Max. Kruvide l\u00e4bim\u00f5\u00f5t 10 mm <br \/> Kasseti l\u00e4bim\u00f5\u00f5t 1,5 &#8212; 13 mm <br \/> P\u00f6\u00f6rdfunktsioonid, p\u00f6\u00f6rlemissageduse reguleerimine <br \/> Liik kasseti Fast-re\u017eiimi <br \/> Max. Tundide arv 1900 p\u00f6\u00f6ret minutis <\/p>\n","protected":false},"excerpt":{"rendered":"<p>Akutrell \u00a0Makita DHP482 + 3ah, heas seisu- ja t\u00f6\u00f6korras! KIRJELDUS Aku pinge 18 V Maksimaalne p\u00f6\u00f6rdemoment 62 N \u00b7 m Max. Puurimise l\u00e4bim\u00f5\u00f5t (puit) 38 mm Max. Puurimise l\u00e4bim\u00f5\u00f5t (metall) 13 mm Kaal 1,8 kg Makita 18V LXT Laetav s\u00fcsteem Pakkekast Omadused Disainfinaatmise spindli, lukustusv\u00f5imsuse sisse l\u00fclitatud, punkt kerge lamp Max. Drillimise l\u00e4bim\u00f5\u00f5t (betoon) 13 [&hellip;]<\/p>\n","protected":false},"featured_media":21880,"comment_status":"closed","ping_status":"open","template":"","meta":{"inline_featured_image":false},"product_brand":[],"product_cat":[221],"product_tag":[],"class_list":{"0":"post-21879","1":"product","2":"type-product","3":"status-publish","4":"has-post-thumbnail","6":"product_cat-akkumulyatornye-dreli","7":"pa_asukoht-mustamae","8":"pa_seisukord-ispolzovano","10":"first","11":"instock","12":"taxable","13":"shipping-taxable","14":"purchasable","15":"product-type-simple"},"_links":{"self":[{"href":"https:\/\/a-pant.ee\/ru\/wp-json\/wp\/v2\/product\/21879","targetHints":{"allow":["GET"]}}],"collection":[{"href":"https:\/\/a-pant.ee\/ru\/wp-json\/wp\/v2\/product"}],"about":[{"href":"https:\/\/a-pant.ee\/ru\/wp-json\/wp\/v2\/types\/product"}],"replies":[{"embeddable":true,"href":"https:\/\/a-pant.ee\/ru\/wp-json\/wp\/v2\/comments?post=21879"}],"wp:featuredmedia":[{"embeddable":true,"href":"https:\/\/a-pant.ee\/ru\/wp-json\/wp\/v2\/media\/21880"}],"wp:attachment":[{"href":"https:\/\/a-pant.ee\/ru\/wp-json\/wp\/v2\/media?parent=21879"}],"wp:term":[{"taxonomy":"product_brand","embeddable":true,"href":"https:\/\/a-pant.ee\/ru\/wp-json\/wp\/v2\/product_brand?post=21879"},{"taxonomy":"product_cat","embeddable":true,"href":"https:\/\/a-pant.ee\/ru\/wp-json\/wp\/v2\/product_cat?post=21879"},{"taxonomy":"product_tag","embeddable":true,"href":"https:\/\/a-pant.ee\/ru\/wp-json\/wp\/v2\/product_tag?post=21879"}],"curies":[{"name":"wp","href":"https:\/\/api.w.org\/{rel}","templated":true}]}}