{"id":21873,"date":"2026-02-03T23:20:48","date_gmt":"2026-02-03T20:20:48","guid":{"rendered":"https:\/\/a-pant.ee\/product\/akkumulyatornyy-shurupovert-makita-dtd152\/"},"modified":"2026-02-22T12:50:53","modified_gmt":"2026-02-22T09:50:53","slug":"aku-drel-makita-dtd152","status":"publish","type":"product","link":"https:\/\/a-pant.ee\/ru\/product\/aku-drel-makita-dtd152\/","title":{"rendered":"\u0410\u043a\u0443-\u0434\u0440\u0435\u043b\u044c Makita DTD152"},"content":{"rendered":"\n<div id=\"description\"><div><p><b> Akutrell Makita DTD152 <\/b> , heas seisu- ja t\u00f6\u00f6korras! <\/p><p> KIRJELDUS <\/p><p> Aku pinge 18 V <br \/> Maksimaalne p\u00f6\u00f6rdemoment <br \/> 165 n \u00b7 m <br \/> Makita 18V LXT Laetav s\u00fcsteem <br \/> Omadused Design Lamp Point Valgustus <br \/> P\u00f6\u00f6rdfunktsioonid, mootori piduri, p\u00f6\u00f6rlemissageduse reguleerimine <br \/> Liik kasseti bitti all <br \/> Max. Noktuuride kiiruse arv 2900 RPM <br \/> \u00a0 <\/p><\/div><\/div>\n","protected":false},"excerpt":{"rendered":"<p>Akutrell Makita DTD152 , heas seisu- ja t\u00f6\u00f6korras! KIRJELDUS Aku pinge 18 V Maksimaalne p\u00f6\u00f6rdemoment 165 n \u00b7 m Makita 18V LXT Laetav s\u00fcsteem Omadused Design Lamp Point Valgustus P\u00f6\u00f6rdfunktsioonid, mootori piduri, p\u00f6\u00f6rlemissageduse reguleerimine Liik kasseti bitti all Max. Noktuuride kiiruse arv 2900 RPM \u00a0<\/p>\n","protected":false},"featured_media":21874,"comment_status":"closed","ping_status":"open","template":"","meta":{"inline_featured_image":false},"product_brand":[],"product_cat":[221],"product_tag":[],"class_list":{"0":"post-21873","1":"product","2":"type-product","3":"status-publish","4":"has-post-thumbnail","6":"product_cat-akkumulyatornye-dreli","7":"pa_asukoht-mustamae","8":"pa_seisukord-ispolzovano","10":"first","11":"instock","12":"taxable","13":"shipping-taxable","14":"purchasable","15":"product-type-simple"},"_links":{"self":[{"href":"https:\/\/a-pant.ee\/ru\/wp-json\/wp\/v2\/product\/21873","targetHints":{"allow":["GET"]}}],"collection":[{"href":"https:\/\/a-pant.ee\/ru\/wp-json\/wp\/v2\/product"}],"about":[{"href":"https:\/\/a-pant.ee\/ru\/wp-json\/wp\/v2\/types\/product"}],"replies":[{"embeddable":true,"href":"https:\/\/a-pant.ee\/ru\/wp-json\/wp\/v2\/comments?post=21873"}],"wp:featuredmedia":[{"embeddable":true,"href":"https:\/\/a-pant.ee\/ru\/wp-json\/wp\/v2\/media\/21874"}],"wp:attachment":[{"href":"https:\/\/a-pant.ee\/ru\/wp-json\/wp\/v2\/media?parent=21873"}],"wp:term":[{"taxonomy":"product_brand","embeddable":true,"href":"https:\/\/a-pant.ee\/ru\/wp-json\/wp\/v2\/product_brand?post=21873"},{"taxonomy":"product_cat","embeddable":true,"href":"https:\/\/a-pant.ee\/ru\/wp-json\/wp\/v2\/product_cat?post=21873"},{"taxonomy":"product_tag","embeddable":true,"href":"https:\/\/a-pant.ee\/ru\/wp-json\/wp\/v2\/product_tag?post=21873"}],"curies":[{"name":"wp","href":"https:\/\/api.w.org\/{rel}","templated":true}]}}