{"id":21860,"date":"2026-02-03T23:16:07","date_gmt":"2026-02-03T20:16:07","guid":{"rendered":"https:\/\/a-pant.ee\/product\/elektricheskiy-mikser-grone-2500-141800\/"},"modified":"2026-02-22T12:52:28","modified_gmt":"2026-02-22T09:52:28","slug":"elektricheskij-mikser-grone-2500-141800","status":"publish","type":"product","link":"https:\/\/a-pant.ee\/ru\/product\/elektricheskij-mikser-grone-2500-141800\/","title":{"rendered":"\u042d\u043b\u0435\u043a\u0442\u0440\u0438\u0447\u0435\u0441\u043a\u0438\u0439 \u043c\u0438\u043a\u0441\u0435\u0440 GR\u00d6NE 2500-141800"},"content":{"rendered":"\n<p> Elektriline mikser GR\u00d6NE 2500-141800, heas seisu- ja t\u00f6\u00f6korras! <\/p><hr><p> KIRJELDUS <\/p><p> Pinge 230 V \/ 50 Hz <\/p><p> V\u00f5imsus\u00a01800 W <\/p><p> Kiirus I k\u00e4iguga 0 \u2013 430 rpm; II k\u00e4iguga 0 \u2013 750 p.\/min <\/p><p> Soovitatav segumikseri l\u00e4bim\u00f5\u00f5t\u00a0120\/140 mm <\/p><p> Kaal 6.5 kg <\/p>\n","protected":false},"excerpt":{"rendered":"<p>Elektriline mikser GR\u00d6NE 2500-141800, heas seisu- ja t\u00f6\u00f6korras! KIRJELDUS Pinge 230 V \/ 50 Hz V\u00f5imsus\u00a01800 W Kiirus I k\u00e4iguga 0 \u2013 430 rpm; II k\u00e4iguga 0 \u2013 750 p.\/min Soovitatav segumikseri l\u00e4bim\u00f5\u00f5t\u00a0120\/140 mm Kaal 6.5 kg<\/p>\n","protected":false},"featured_media":21861,"comment_status":"closed","ping_status":"closed","template":"","meta":{"inline_featured_image":false},"product_brand":[],"product_cat":[241],"product_tag":[],"class_list":{"0":"post-21860","1":"product","2":"type-product","3":"status-publish","4":"has-post-thumbnail","6":"product_cat-miksery","7":"product_shipping_class-oversize","8":"pa_asukoht-mustamae","9":"pa_seisukord-ispolzovano","11":"first","12":"instock","13":"taxable","14":"shipping-taxable","15":"purchasable","16":"product-type-simple"},"_links":{"self":[{"href":"https:\/\/a-pant.ee\/ru\/wp-json\/wp\/v2\/product\/21860","targetHints":{"allow":["GET"]}}],"collection":[{"href":"https:\/\/a-pant.ee\/ru\/wp-json\/wp\/v2\/product"}],"about":[{"href":"https:\/\/a-pant.ee\/ru\/wp-json\/wp\/v2\/types\/product"}],"replies":[{"embeddable":true,"href":"https:\/\/a-pant.ee\/ru\/wp-json\/wp\/v2\/comments?post=21860"}],"wp:featuredmedia":[{"embeddable":true,"href":"https:\/\/a-pant.ee\/ru\/wp-json\/wp\/v2\/media\/21861"}],"wp:attachment":[{"href":"https:\/\/a-pant.ee\/ru\/wp-json\/wp\/v2\/media?parent=21860"}],"wp:term":[{"taxonomy":"product_brand","embeddable":true,"href":"https:\/\/a-pant.ee\/ru\/wp-json\/wp\/v2\/product_brand?post=21860"},{"taxonomy":"product_cat","embeddable":true,"href":"https:\/\/a-pant.ee\/ru\/wp-json\/wp\/v2\/product_cat?post=21860"},{"taxonomy":"product_tag","embeddable":true,"href":"https:\/\/a-pant.ee\/ru\/wp-json\/wp\/v2\/product_tag?post=21860"}],"curies":[{"name":"wp","href":"https:\/\/api.w.org\/{rel}","templated":true}]}}