{"id":21853,"date":"2026-02-03T23:16:07","date_gmt":"2026-02-03T20:16:07","guid":{"rendered":"https:\/\/a-pant.ee\/product\/umnye-chasy-polar-unite-zaryadka\/"},"modified":"2026-02-22T12:52:27","modified_gmt":"2026-02-22T09:52:27","slug":"smart-chasy-polar-unite-zaryadka-korobka","status":"publish","type":"product","link":"https:\/\/a-pant.ee\/ru\/product\/smart-chasy-polar-unite-zaryadka-korobka\/","title":{"rendered":"\u0421\u043c\u0430\u0440\u0442-\u0447\u0430\u0441\u044b Polar Unite + \u0417\u0430\u0440\u044f\u0434\u043a\u0430 + \u041a\u043e\u0440\u043e\u0431\u043a\u0430"},"content":{"rendered":"\n<p> Nutikellad Polar Unite + laadija\u00a0, heas seisu- ja t\u00f6\u00f6korras! <\/p><hr><p> KIRJELDUS <\/p><p> T\u00fc\u00fcp:\u00a0 \u00a0\u00a0Nutikellad <\/p><p> Kaubam\u00e4rk:\u00a0 \u00a0 \u00a0Polar <\/p><p> V\u00e4rv:\u00a0 \u00a0\u00a0Valge <\/p><p> Puutetundlik ekraan:\u00a0 \u00a0\u00a0Jah <\/p><p> K\u00e4ev\u00f5ru t\u00fc\u00fcp:\u00a0 \u00a0\u00a0Silikoon <\/p><p> Veekindlus:\u00a0 \u00a0\u00a0Jah <\/p><p> Veekindluse tase:\u00a0 \u00a0 \u00a03 ATM <\/p><p> \u00dchilduvus:\u00a0 \u00a0 \u00a0iOS,\u00a0Android <\/p><p> Lisafunktsioonid:\u00a0 \u00a0 \u00a0Une j\u00e4lgimine, Pedomeeter, \u00c4ratus, Kalender, SMS-i ja k\u00f5ne m\u00e4rguanded, S\u00fcdame l\u00f6\u00f6gisageduse m\u00f5\u00f5tja, E-kirjad, Muusika Kaugjuhtimine, Stopper, P\u00f5letatud kalorite arvutamine, 100 erinevat spordiala <\/p><p> Pulsomeeter(HR):\u00a0 \u00a0 \u00a0Jah <\/p><p> Randme \u00fcmberm\u00f5\u00f5t (cm):\u00a0 \u00a0\u00a013 &#8212; 21 <\/p><p> \u00dchendused:\u00a0 \u00a0 \u00a0usb, Bluetooth <\/p><p> Vaade:\u00a0 \u00a0\u00a0Polar, nutikellad nutikellad (smartwatch) <\/p><p> K\u00f5ik tooted sellelt kaubam\u00e4rgilt:\u00a0 \u00a0 \u00a0K\u00f5ik POLAR tooted <\/p>\n","protected":false},"excerpt":{"rendered":"<p>Nutikellad Polar Unite + laadija\u00a0, heas seisu- ja t\u00f6\u00f6korras! KIRJELDUS T\u00fc\u00fcp:\u00a0 \u00a0\u00a0Nutikellad Kaubam\u00e4rk:\u00a0 \u00a0 \u00a0Polar V\u00e4rv:\u00a0 \u00a0\u00a0Valge Puutetundlik ekraan:\u00a0 \u00a0\u00a0Jah K\u00e4ev\u00f5ru t\u00fc\u00fcp:\u00a0 \u00a0\u00a0Silikoon Veekindlus:\u00a0 \u00a0\u00a0Jah Veekindluse tase:\u00a0 \u00a0 \u00a03 ATM \u00dchilduvus:\u00a0 \u00a0 \u00a0iOS,\u00a0Android Lisafunktsioonid:\u00a0 \u00a0 \u00a0Une j\u00e4lgimine, Pedomeeter, \u00c4ratus, Kalender, SMS-i ja k\u00f5ne m\u00e4rguanded, S\u00fcdame l\u00f6\u00f6gisageduse m\u00f5\u00f5tja, E-kirjad, Muusika Kaugjuhtimine, Stopper, P\u00f5letatud kalorite arvutamine, 100 [&hellip;]<\/p>\n","protected":false},"featured_media":21854,"comment_status":"closed","ping_status":"open","template":"","meta":{"inline_featured_image":false},"product_brand":[],"product_cat":[176],"product_tag":[],"class_list":{"0":"post-21853","1":"product","2":"type-product","3":"status-publish","4":"has-post-thumbnail","6":"product_cat-smart-chasy","7":"pa_asukoht-lasnamae","8":"pa_seisukord-ispolzovano","10":"first","11":"instock","12":"taxable","13":"shipping-taxable","14":"purchasable","15":"product-type-simple"},"_links":{"self":[{"href":"https:\/\/a-pant.ee\/ru\/wp-json\/wp\/v2\/product\/21853","targetHints":{"allow":["GET"]}}],"collection":[{"href":"https:\/\/a-pant.ee\/ru\/wp-json\/wp\/v2\/product"}],"about":[{"href":"https:\/\/a-pant.ee\/ru\/wp-json\/wp\/v2\/types\/product"}],"replies":[{"embeddable":true,"href":"https:\/\/a-pant.ee\/ru\/wp-json\/wp\/v2\/comments?post=21853"}],"wp:featuredmedia":[{"embeddable":true,"href":"https:\/\/a-pant.ee\/ru\/wp-json\/wp\/v2\/media\/21854"}],"wp:attachment":[{"href":"https:\/\/a-pant.ee\/ru\/wp-json\/wp\/v2\/media?parent=21853"}],"wp:term":[{"taxonomy":"product_brand","embeddable":true,"href":"https:\/\/a-pant.ee\/ru\/wp-json\/wp\/v2\/product_brand?post=21853"},{"taxonomy":"product_cat","embeddable":true,"href":"https:\/\/a-pant.ee\/ru\/wp-json\/wp\/v2\/product_cat?post=21853"},{"taxonomy":"product_tag","embeddable":true,"href":"https:\/\/a-pant.ee\/ru\/wp-json\/wp\/v2\/product_tag?post=21853"}],"curies":[{"name":"wp","href":"https:\/\/api.w.org\/{rel}","templated":true}]}}