{"id":21837,"date":"2026-02-03T23:16:07","date_gmt":"2026-02-03T20:16:07","guid":{"rendered":"https:\/\/a-pant.ee\/product\/beprovodnye-naushniki-jbl-tune-220-tws-2\/"},"modified":"2026-02-22T12:52:27","modified_gmt":"2026-02-22T09:52:27","slug":"besprovodnye-naushniki-jbl-tune-220-tws-3","status":"publish","type":"product","link":"https:\/\/a-pant.ee\/ru\/product\/besprovodnye-naushniki-jbl-tune-220-tws-3\/","title":{"rendered":"\u0411\u0435\u0441\u043f\u0440\u043e\u0432\u043e\u0434\u043d\u044b\u0435 \u043d\u0430\u0443\u0448\u043d\u0438\u043a\u0438 JBL Tune 220 TWS"},"content":{"rendered":"\n<p> K\u00f5rvaklapid JBL Tune 220 TWS, heas seisu- ja t\u00f6\u00f6korras! <\/p><p> KIRJELDUS <\/p><p> Disain: Lisab <br \/> \u00dchendus: Bluetooth 5.0 <br \/> Case laadimise t\u00fc\u00fcp: Micro USB <br \/> V\u00e4listoodete t\u00fc\u00fcp: d\u00fcnaamiline <br \/> Juhtide arv: 1 <br \/> Toetatud koodekid: AAC <br \/> Lahtiolekuajad: 3 tundi <br \/> Aku eluiga juhul: 19 h <br \/> Impedants: 32 ohm <br \/> Reprodutseeritav sagedusvahemik: 20-20000 Hz <br \/> Tundlikkus: 105 dB \/ MW <br \/> Kaal: 56 g <\/p>\n","protected":false},"excerpt":{"rendered":"<p>K\u00f5rvaklapid JBL Tune 220 TWS, heas seisu- ja t\u00f6\u00f6korras! KIRJELDUS Disain: Lisab \u00dchendus: Bluetooth 5.0 Case laadimise t\u00fc\u00fcp: Micro USB V\u00e4listoodete t\u00fc\u00fcp: d\u00fcnaamiline Juhtide arv: 1 Toetatud koodekid: AAC Lahtiolekuajad: 3 tundi Aku eluiga juhul: 19 h Impedants: 32 ohm Reprodutseeritav sagedusvahemik: 20-20000 Hz Tundlikkus: 105 dB \/ MW Kaal: 56 g<\/p>\n","protected":false},"featured_media":21838,"comment_status":"closed","ping_status":"open","template":"","meta":{"inline_featured_image":false},"product_brand":[],"product_cat":[168],"product_tag":[],"class_list":{"0":"post-21837","1":"product","2":"type-product","3":"status-publish","4":"has-post-thumbnail","6":"product_cat-naushniki","7":"pa_asukoht-mustamae","8":"pa_seisukord-ispolzovano","10":"first","11":"instock","12":"taxable","13":"shipping-taxable","14":"purchasable","15":"product-type-simple"},"_links":{"self":[{"href":"https:\/\/a-pant.ee\/ru\/wp-json\/wp\/v2\/product\/21837","targetHints":{"allow":["GET"]}}],"collection":[{"href":"https:\/\/a-pant.ee\/ru\/wp-json\/wp\/v2\/product"}],"about":[{"href":"https:\/\/a-pant.ee\/ru\/wp-json\/wp\/v2\/types\/product"}],"replies":[{"embeddable":true,"href":"https:\/\/a-pant.ee\/ru\/wp-json\/wp\/v2\/comments?post=21837"}],"wp:featuredmedia":[{"embeddable":true,"href":"https:\/\/a-pant.ee\/ru\/wp-json\/wp\/v2\/media\/21838"}],"wp:attachment":[{"href":"https:\/\/a-pant.ee\/ru\/wp-json\/wp\/v2\/media?parent=21837"}],"wp:term":[{"taxonomy":"product_brand","embeddable":true,"href":"https:\/\/a-pant.ee\/ru\/wp-json\/wp\/v2\/product_brand?post=21837"},{"taxonomy":"product_cat","embeddable":true,"href":"https:\/\/a-pant.ee\/ru\/wp-json\/wp\/v2\/product_cat?post=21837"},{"taxonomy":"product_tag","embeddable":true,"href":"https:\/\/a-pant.ee\/ru\/wp-json\/wp\/v2\/product_tag?post=21837"}],"curies":[{"name":"wp","href":"https:\/\/api.w.org\/{rel}","templated":true}]}}