{"id":21829,"date":"2026-02-03T23:16:07","date_gmt":"2026-02-03T20:16:07","guid":{"rendered":"https:\/\/a-pant.ee\/product\/gvozdevoj-pistolet-bostitch-gbt1850k\/"},"modified":"2026-02-22T12:52:27","modified_gmt":"2026-02-22T09:52:27","slug":"gvozdevoj-pistolet-bostitch-gbt1850k-chemodan-zaryadka","status":"publish","type":"product","link":"https:\/\/a-pant.ee\/ru\/product\/gvozdevoj-pistolet-bostitch-gbt1850k-chemodan-zaryadka\/","title":{"rendered":"\u0413\u0432\u043e\u0437\u0434\u0435\u0432\u043e\u0439 \u043f\u0438\u0441\u0442\u043e\u043b\u0435\u0442 BOSTITCH GBT1850K + \u0447\u0435\u043c\u043e\u0434\u0430\u043d + \u0437\u0430\u0440\u044f\u0434\u043a\u0430"},"content":{"rendered":"\n<p> Naelap\u00fcstol BOSTITCH GBT1850K + kohver + gaas + laadija, heas seisu- ja t\u00f6\u00f6korras! <\/p><hr><p> KIRJELDUS <\/p><p> Power typeGas <\/p><p> Weight1.70 kg <\/p><p> Width85 mm <\/p><p> Length270 mm <\/p><p> Height281 mm <\/p><p> Magazine capacity (max)100 <\/p><p> Working ambient temperature0-40\u00b0C <\/p><p> Input power sourceAC 230V 50Hz <\/p><p> BT13 Series Fasteners: <\/p><p> Diameter (mm)1 (min) <\/p><p> Length (mm)15 (min) <\/p><p> Head (mm)2 (min) <\/p><p> BT13-FC Series Fasteners: <\/p><p> Diameter (mm)1 (min) <\/p><p> Length (mm)15 (min) <\/p><p> Head (mm)2 (min) <\/p><p> Charger type9B12071R-EU <\/p><p> Charging Time60 mins <\/p><p> Charging Voltage3.6V <\/p><p> Charging Current1.5A <\/p><p> Charger Weight0.2 <\/p><p> Battery Weight0.08 <\/p><p> Battery Type9B12070R-EU (1.5Ah) Li-ion 3.6 <\/p><p> Fuel Cell30ml <\/p>\n","protected":false},"excerpt":{"rendered":"<p>Naelap\u00fcstol BOSTITCH GBT1850K + kohver + gaas + laadija, heas seisu- ja t\u00f6\u00f6korras! KIRJELDUS Power typeGas Weight1.70 kg Width85 mm Length270 mm Height281 mm Magazine capacity (max)100 Working ambient temperature0-40\u00b0C Input power sourceAC 230V 50Hz BT13 Series Fasteners: Diameter (mm)1 (min) Length (mm)15 (min) Head (mm)2 (min) BT13-FC Series Fasteners: Diameter (mm)1 (min) Length (mm)15 [&hellip;]<\/p>\n","protected":false},"featured_media":21830,"comment_status":"closed","ping_status":"open","template":"","meta":{"inline_featured_image":false},"product_brand":[],"product_cat":[224],"product_tag":[],"class_list":{"0":"post-21829","1":"product","2":"type-product","3":"status-publish","4":"has-post-thumbnail","6":"product_cat-gazovye-pistolety","7":"pa_asukoht-mustamae","8":"pa_seisukord-ispolzovano","10":"first","11":"instock","12":"taxable","13":"shipping-taxable","14":"purchasable","15":"product-type-simple"},"_links":{"self":[{"href":"https:\/\/a-pant.ee\/ru\/wp-json\/wp\/v2\/product\/21829","targetHints":{"allow":["GET"]}}],"collection":[{"href":"https:\/\/a-pant.ee\/ru\/wp-json\/wp\/v2\/product"}],"about":[{"href":"https:\/\/a-pant.ee\/ru\/wp-json\/wp\/v2\/types\/product"}],"replies":[{"embeddable":true,"href":"https:\/\/a-pant.ee\/ru\/wp-json\/wp\/v2\/comments?post=21829"}],"wp:featuredmedia":[{"embeddable":true,"href":"https:\/\/a-pant.ee\/ru\/wp-json\/wp\/v2\/media\/21830"}],"wp:attachment":[{"href":"https:\/\/a-pant.ee\/ru\/wp-json\/wp\/v2\/media?parent=21829"}],"wp:term":[{"taxonomy":"product_brand","embeddable":true,"href":"https:\/\/a-pant.ee\/ru\/wp-json\/wp\/v2\/product_brand?post=21829"},{"taxonomy":"product_cat","embeddable":true,"href":"https:\/\/a-pant.ee\/ru\/wp-json\/wp\/v2\/product_cat?post=21829"},{"taxonomy":"product_tag","embeddable":true,"href":"https:\/\/a-pant.ee\/ru\/wp-json\/wp\/v2\/product_tag?post=21829"}],"curies":[{"name":"wp","href":"https:\/\/api.w.org\/{rel}","templated":true}]}}