{"id":21816,"date":"2026-02-03T23:16:07","date_gmt":"2026-02-03T20:16:07","guid":{"rendered":"https:\/\/a-pant.ee\/product\/pogruznaya-pila-bosch-gkt-55-gce-fsn-1600\/"},"modified":"2026-02-22T12:52:26","modified_gmt":"2026-02-22T09:52:26","slug":"pogruzhnaya-pila-bosch-gkt-55-gce-napravlyayushhij-rels-fsn-1600","status":"publish","type":"product","link":"https:\/\/a-pant.ee\/ru\/product\/pogruzhnaya-pila-bosch-gkt-55-gce-napravlyayushhij-rels-fsn-1600\/","title":{"rendered":"\u041f\u043e\u0433\u0440\u0443\u0436\u043d\u0430\u044f \u043f\u0438\u043b\u0430 Bosch GKT 55 GCE+ \u043d\u0430\u043f\u0440\u0430\u0432\u043b\u044f\u044e\u0449\u0438\u0439 \u0440\u0435\u043b\u044c\u0441 FSN 1600"},"content":{"rendered":"\n<p> Sukeldussaag Bosch GKT 55 GCE + juhtr\u00f6\u00f6bast FSN 1600, heas seisu- ja t\u00f6\u00f6korras! <\/p><hr><p> KIRJELDUS <\/p><p> Kaal 5.14 kg <\/p><p> Mootori t\u00fc\u00fcp Elektri <\/p><p> Professionaalidele \/ Asjaarmastajatele Professionaalidele <\/p><p> Ketta maksimaalne l\u00e4bim\u00f5\u00f5t 165 mm <\/p><p> Kiirus koormuseta 3600-6250 min-1 <\/p><p> Maksimaalne kiirus 6250 \/min <\/p><p> Sisendv\u00f5imsus 1400 W <\/p><p> L\u00f5ikes\u00fcgavus 45\u00b0\/90\u00b042\/57 mm <\/p><p> Siseava l\u00e4bim\u00f5\u00f5t 20,0 mm <\/p><p> Sisendpinge \/ sagedus 210 &#8212; 240 V \/ 50 &#8212; 60 Hz \/ AC <\/p>\n","protected":false},"excerpt":{"rendered":"<p>Sukeldussaag Bosch GKT 55 GCE + juhtr\u00f6\u00f6bast FSN 1600, heas seisu- ja t\u00f6\u00f6korras! KIRJELDUS Kaal 5.14 kg Mootori t\u00fc\u00fcp Elektri Professionaalidele \/ Asjaarmastajatele Professionaalidele Ketta maksimaalne l\u00e4bim\u00f5\u00f5t 165 mm Kiirus koormuseta 3600-6250 min-1 Maksimaalne kiirus 6250 \/min Sisendv\u00f5imsus 1400 W L\u00f5ikes\u00fcgavus 45\u00b0\/90\u00b042\/57 mm Siseava l\u00e4bim\u00f5\u00f5t 20,0 mm Sisendpinge \/ sagedus 210 &#8212; 240 V \/ [&hellip;]<\/p>\n","protected":false},"featured_media":21817,"comment_status":"closed","ping_status":"closed","template":"","meta":{"inline_featured_image":false},"product_brand":[],"product_cat":[230],"product_tag":[],"class_list":{"0":"post-21816","1":"product","2":"type-product","3":"status-publish","4":"has-post-thumbnail","6":"product_cat-czirkulyarnye-pily","7":"product_shipping_class-oversize","8":"pa_asukoht-mustamae","9":"pa_seisukord-ispolzovano","11":"first","12":"instock","13":"taxable","14":"shipping-taxable","15":"purchasable","16":"product-type-simple"},"_links":{"self":[{"href":"https:\/\/a-pant.ee\/ru\/wp-json\/wp\/v2\/product\/21816","targetHints":{"allow":["GET"]}}],"collection":[{"href":"https:\/\/a-pant.ee\/ru\/wp-json\/wp\/v2\/product"}],"about":[{"href":"https:\/\/a-pant.ee\/ru\/wp-json\/wp\/v2\/types\/product"}],"replies":[{"embeddable":true,"href":"https:\/\/a-pant.ee\/ru\/wp-json\/wp\/v2\/comments?post=21816"}],"wp:featuredmedia":[{"embeddable":true,"href":"https:\/\/a-pant.ee\/ru\/wp-json\/wp\/v2\/media\/21817"}],"wp:attachment":[{"href":"https:\/\/a-pant.ee\/ru\/wp-json\/wp\/v2\/media?parent=21816"}],"wp:term":[{"taxonomy":"product_brand","embeddable":true,"href":"https:\/\/a-pant.ee\/ru\/wp-json\/wp\/v2\/product_brand?post=21816"},{"taxonomy":"product_cat","embeddable":true,"href":"https:\/\/a-pant.ee\/ru\/wp-json\/wp\/v2\/product_cat?post=21816"},{"taxonomy":"product_tag","embeddable":true,"href":"https:\/\/a-pant.ee\/ru\/wp-json\/wp\/v2\/product_tag?post=21816"}],"curies":[{"name":"wp","href":"https:\/\/api.w.org\/{rel}","templated":true}]}}