{"id":21796,"date":"2026-02-03T23:16:07","date_gmt":"2026-02-03T20:16:07","guid":{"rendered":"https:\/\/a-pant.ee\/product\/akkumulyatornyy-udarnyy-instrument-wurth-ass-12-a\/"},"modified":"2026-02-22T12:52:26","modified_gmt":"2026-02-22T09:52:26","slug":"akkumulyatornyj-udarnyj-instrument-wurth-ass-12-a-20ah-zaryadnoe-ustrojstvo","status":"publish","type":"product","link":"https:\/\/a-pant.ee\/ru\/product\/akkumulyatornyj-udarnyj-instrument-wurth-ass-12-a-20ah-zaryadnoe-ustrojstvo\/","title":{"rendered":"\u0410\u043a\u043a\u0443\u043c\u0443\u043b\u044f\u0442\u043e\u0440\u043d\u044b\u0439 \u0443\u0434\u0430\u0440\u043d\u044b\u0439 \u0438\u043d\u0441\u0442\u0440\u0443\u043c\u0435\u043d\u0442 W\u00fcrth ASS 12-A + 2,0Ah + \u0437\u0430\u0440\u044f\u0434\u043d\u043e\u0435 \u0443\u0441\u0442\u0440\u043e\u0439\u0441\u0442\u0432\u043e"},"content":{"rendered":"\n<p> Juhtmeta l\u00f6\u00f6kkruvikeeraja W\u00fcrth ASS 12-A + 2.0Ah + laadija, heas seisu- ja t\u00f6\u00f6korras! <\/p><hr><p> KIRJELDUS <\/p><p> Nimipinge 12 V\/DC <br \/> Min.\/maks. t\u00fchik\u00e4igu kiirus 0-2600 U\/min (rpm) <br \/> Min.\/maks. l\u00f6\u00f6gisagedus 0-3100 U\/min (rpm) <br \/> Max p\u00f6\u00f6rdemoment k\u00f5va kruvimise korral 105 Nm <br \/> Sobib kruvile M4 &#8212; M12 <br \/> T\u00f6\u00f6riista hoidmise seade 1\/4-tolline kuusnurkne pesa <br \/> Pikkus 137 mm <br \/> Laius 55 mm <br \/> K\u00f5rgus 178 mm <br \/> Laetava akuga masina kaal 0,96 kg <\/p>\n","protected":false},"excerpt":{"rendered":"<p>Juhtmeta l\u00f6\u00f6kkruvikeeraja W\u00fcrth ASS 12-A + 2.0Ah + laadija, heas seisu- ja t\u00f6\u00f6korras! KIRJELDUS Nimipinge 12 V\/DC Min.\/maks. t\u00fchik\u00e4igu kiirus 0-2600 U\/min (rpm) Min.\/maks. l\u00f6\u00f6gisagedus 0-3100 U\/min (rpm) Max p\u00f6\u00f6rdemoment k\u00f5va kruvimise korral 105 Nm Sobib kruvile M4 &#8212; M12 T\u00f6\u00f6riista hoidmise seade 1\/4-tolline kuusnurkne pesa Pikkus 137 mm Laius 55 mm K\u00f5rgus 178 mm [&hellip;]<\/p>\n","protected":false},"featured_media":21797,"comment_status":"closed","ping_status":"open","template":"","meta":{"inline_featured_image":false},"product_brand":[],"product_cat":[231],"product_tag":[],"class_list":{"0":"post-21796","1":"product","2":"type-product","3":"status-publish","4":"has-post-thumbnail","6":"product_cat-shurupoverty","7":"pa_asukoht-lasnamae","8":"pa_seisukord-ispolzovano","10":"first","11":"instock","12":"taxable","13":"shipping-taxable","14":"purchasable","15":"product-type-simple"},"_links":{"self":[{"href":"https:\/\/a-pant.ee\/ru\/wp-json\/wp\/v2\/product\/21796","targetHints":{"allow":["GET"]}}],"collection":[{"href":"https:\/\/a-pant.ee\/ru\/wp-json\/wp\/v2\/product"}],"about":[{"href":"https:\/\/a-pant.ee\/ru\/wp-json\/wp\/v2\/types\/product"}],"replies":[{"embeddable":true,"href":"https:\/\/a-pant.ee\/ru\/wp-json\/wp\/v2\/comments?post=21796"}],"wp:featuredmedia":[{"embeddable":true,"href":"https:\/\/a-pant.ee\/ru\/wp-json\/wp\/v2\/media\/21797"}],"wp:attachment":[{"href":"https:\/\/a-pant.ee\/ru\/wp-json\/wp\/v2\/media?parent=21796"}],"wp:term":[{"taxonomy":"product_brand","embeddable":true,"href":"https:\/\/a-pant.ee\/ru\/wp-json\/wp\/v2\/product_brand?post=21796"},{"taxonomy":"product_cat","embeddable":true,"href":"https:\/\/a-pant.ee\/ru\/wp-json\/wp\/v2\/product_cat?post=21796"},{"taxonomy":"product_tag","embeddable":true,"href":"https:\/\/a-pant.ee\/ru\/wp-json\/wp\/v2\/product_tag?post=21796"}],"curies":[{"name":"wp","href":"https:\/\/api.w.org\/{rel}","templated":true}]}}