{"id":21785,"date":"2026-02-03T23:16:07","date_gmt":"2026-02-03T20:16:07","guid":{"rendered":"https:\/\/a-pant.ee\/product\/akkumulyatornaya-pila-wurth-stp-18-a\/"},"modified":"2026-02-22T12:50:57","modified_gmt":"2026-02-22T09:50:57","slug":"akkumulyatornaya-vozvratno-postupatelnaya-pila-wurth-stp-18-a-akkumulyator-50-ach-zaryadnoe-ustrojstvo","status":"publish","type":"product","link":"https:\/\/a-pant.ee\/ru\/product\/akkumulyatornaya-vozvratno-postupatelnaya-pila-wurth-stp-18-a-akkumulyator-50-ach-zaryadnoe-ustrojstvo\/","title":{"rendered":"\u0410\u043a\u043a\u0443\u043c\u0443\u043b\u044f\u0442\u043e\u0440\u043d\u0430\u044f \u0432\u043e\u0437\u0432\u0440\u0430\u0442\u043d\u043e-\u043f\u043e\u0441\u0442\u0443\u043f\u0430\u0442\u0435\u043b\u044c\u043d\u0430\u044f \u043f\u0438\u043b\u0430 W\u00fcrth STP 18-A + \u0430\u043a\u043a\u0443\u043c\u0443\u043b\u044f\u0442\u043e\u0440 5,0 \u0410\u0447 + \u0437\u0430\u0440\u044f\u0434\u043d\u043e\u0435 \u0443\u0441\u0442\u0440\u043e\u0439\u0441\u0442\u0432\u043e"},"content":{"rendered":"\n<p> Juhtmevaba tikksaag W\u00fcrth STP 18-A + 5.0Ah aku, heas seisu- ja t\u00f6\u00f6korras! <\/p><hr><p> KIRJELDUS <\/p><p> Nimipinge: 18 V \/ DC <\/p><p> Min.\/maks. t\u00fchik\u00e4igul\u00f6\u00f6kide arv: 550-2700 p\/min <\/p><p> K\u00e4igu pikkus: 23 mm <\/p><p> Kaldenurk max.: 0 kraadi <\/p><p> T\u00f6\u00f6riistahoidik: kiirvahetushoidik <\/p><p> L\u00f5ikes\u00fcgavus puidus max .: 120 mm <\/p><p> L\u00f5ikes\u00fcgavus alumiiniumis max .: 20 mm <\/p><p> Kaal koos akuga: 2,4 kg <\/p>\n","protected":false},"excerpt":{"rendered":"<p>Juhtmevaba tikksaag W\u00fcrth STP 18-A + 5.0Ah aku, heas seisu- ja t\u00f6\u00f6korras! KIRJELDUS Nimipinge: 18 V \/ DC Min.\/maks. t\u00fchik\u00e4igul\u00f6\u00f6kide arv: 550-2700 p\/min K\u00e4igu pikkus: 23 mm Kaldenurk max.: 0 kraadi T\u00f6\u00f6riistahoidik: kiirvahetushoidik L\u00f5ikes\u00fcgavus puidus max .: 120 mm L\u00f5ikes\u00fcgavus alumiiniumis max .: 20 mm Kaal koos akuga: 2,4 kg<\/p>\n","protected":false},"featured_media":21786,"comment_status":"closed","ping_status":"open","template":"","meta":{"inline_featured_image":false},"product_brand":[],"product_cat":[244],"product_tag":[],"class_list":{"0":"post-21785","1":"product","2":"type-product","3":"status-publish","4":"has-post-thumbnail","6":"product_cat-lobziki","7":"pa_asukoht-lasnamae","8":"pa_seisukord-ispolzovano","10":"first","11":"instock","12":"taxable","13":"shipping-taxable","14":"purchasable","15":"product-type-simple"},"_links":{"self":[{"href":"https:\/\/a-pant.ee\/ru\/wp-json\/wp\/v2\/product\/21785","targetHints":{"allow":["GET"]}}],"collection":[{"href":"https:\/\/a-pant.ee\/ru\/wp-json\/wp\/v2\/product"}],"about":[{"href":"https:\/\/a-pant.ee\/ru\/wp-json\/wp\/v2\/types\/product"}],"replies":[{"embeddable":true,"href":"https:\/\/a-pant.ee\/ru\/wp-json\/wp\/v2\/comments?post=21785"}],"wp:featuredmedia":[{"embeddable":true,"href":"https:\/\/a-pant.ee\/ru\/wp-json\/wp\/v2\/media\/21786"}],"wp:attachment":[{"href":"https:\/\/a-pant.ee\/ru\/wp-json\/wp\/v2\/media?parent=21785"}],"wp:term":[{"taxonomy":"product_brand","embeddable":true,"href":"https:\/\/a-pant.ee\/ru\/wp-json\/wp\/v2\/product_brand?post=21785"},{"taxonomy":"product_cat","embeddable":true,"href":"https:\/\/a-pant.ee\/ru\/wp-json\/wp\/v2\/product_cat?post=21785"},{"taxonomy":"product_tag","embeddable":true,"href":"https:\/\/a-pant.ee\/ru\/wp-json\/wp\/v2\/product_tag?post=21785"}],"curies":[{"name":"wp","href":"https:\/\/api.w.org\/{rel}","templated":true}]}}