{"id":21781,"date":"2026-02-03T23:16:07","date_gmt":"2026-02-03T20:16:07","guid":{"rendered":"https:\/\/a-pant.ee\/product\/bluetooth-kolonka-powerplus-a10-novaya\/"},"modified":"2026-02-22T12:50:57","modified_gmt":"2026-02-22T09:50:57","slug":"bluetooth-kolonka-powerplus-a10-korobka-novaya","status":"publish","type":"product","link":"https:\/\/a-pant.ee\/ru\/product\/bluetooth-kolonka-powerplus-a10-korobka-novaya\/","title":{"rendered":"Bluetooth \u043a\u043e\u043b\u043e\u043d\u043a\u0430 PowerPlus A10 + \u043a\u043e\u0440\u043e\u0431\u043a\u0430, \u043d\u043e\u0432\u0430\u044f"},"content":{"rendered":"\n<p> Bluetotooth K\u00f5lar PowerPlus A10 + karp uus, heas seisu- ja t\u00f6\u00f6korras! <\/p><hr><p> KIRJELDUS <\/p><p> Pracovn\u00ed rozsah10\u00a0m <\/p><p> Pracovn\u00ed \u010das2\u00a0h <\/p><p> V\u00fdkon3\u00a0W <\/p><p> Pr\u016fm\u011br52\u00a0mm <\/p><p> Doba nab\u00edjen\u00ed baterie2\u00a0h <\/p>\n","protected":false},"excerpt":{"rendered":"<p>Bluetotooth K\u00f5lar PowerPlus A10 + karp uus, heas seisu- ja t\u00f6\u00f6korras! KIRJELDUS Pracovn\u00ed rozsah10\u00a0m Pracovn\u00ed \u010das2\u00a0h V\u00fdkon3\u00a0W Pr\u016fm\u011br52\u00a0mm Doba nab\u00edjen\u00ed baterie2\u00a0h<\/p>\n","protected":false},"featured_media":21782,"comment_status":"closed","ping_status":"open","template":"","meta":{"inline_featured_image":false},"product_brand":[],"product_cat":[167],"product_tag":[],"class_list":{"0":"post-21781","1":"product","2":"type-product","3":"status-publish","4":"has-post-thumbnail","6":"product_cat-kolonki","7":"pa_asukoht-mustamae","8":"pa_seisukord-ispolzovano","10":"first","11":"instock","12":"taxable","13":"shipping-taxable","14":"purchasable","15":"product-type-simple"},"_links":{"self":[{"href":"https:\/\/a-pant.ee\/ru\/wp-json\/wp\/v2\/product\/21781","targetHints":{"allow":["GET"]}}],"collection":[{"href":"https:\/\/a-pant.ee\/ru\/wp-json\/wp\/v2\/product"}],"about":[{"href":"https:\/\/a-pant.ee\/ru\/wp-json\/wp\/v2\/types\/product"}],"replies":[{"embeddable":true,"href":"https:\/\/a-pant.ee\/ru\/wp-json\/wp\/v2\/comments?post=21781"}],"wp:featuredmedia":[{"embeddable":true,"href":"https:\/\/a-pant.ee\/ru\/wp-json\/wp\/v2\/media\/21782"}],"wp:attachment":[{"href":"https:\/\/a-pant.ee\/ru\/wp-json\/wp\/v2\/media?parent=21781"}],"wp:term":[{"taxonomy":"product_brand","embeddable":true,"href":"https:\/\/a-pant.ee\/ru\/wp-json\/wp\/v2\/product_brand?post=21781"},{"taxonomy":"product_cat","embeddable":true,"href":"https:\/\/a-pant.ee\/ru\/wp-json\/wp\/v2\/product_cat?post=21781"},{"taxonomy":"product_tag","embeddable":true,"href":"https:\/\/a-pant.ee\/ru\/wp-json\/wp\/v2\/product_tag?post=21781"}],"curies":[{"name":"wp","href":"https:\/\/api.w.org\/{rel}","templated":true}]}}