{"id":21764,"date":"2026-02-03T23:16:07","date_gmt":"2026-02-03T20:16:07","guid":{"rendered":"https:\/\/a-pant.ee\/product\/nivelir-spectra-precision-gl422\/"},"modified":"2026-02-22T12:50:57","modified_gmt":"2026-02-22T09:50:57","slug":"nivelir-spectra-precision-gl422-chemodan-kreplenie","status":"publish","type":"product","link":"https:\/\/a-pant.ee\/ru\/product\/nivelir-spectra-precision-gl422-chemodan-kreplenie\/","title":{"rendered":"\u041d\u0438\u0432\u0435\u043b\u0438\u0440 Spectra Precision GL422 + \u0427\u0435\u043c\u043e\u0434\u0430\u043d + \u043a\u0440\u0435\u043f\u043b\u0435\u043d\u0438\u0435"},"content":{"rendered":"\n<p> Nevelir Spectra Precision GL422, heas seisu- ja t\u00f6\u00f6korras! <\/p><p> pult on katki \/\/ <\/p><p> KIRJELDUS <\/p><p><br \/> Tootja Spectra Precision <br \/> Kasutatud lasert\u00fc\u00fcp 635nm, 3A \/ 3R <br \/> Seadme t\u00f6\u00f6ulatus (horisontaalne \/ vertikaalne), m kuni 400 m <br \/> P\u00f6\u00f6rlemiskiirus, p\/min 300, 600 p\/min <br \/> V\u00f5imalus t\u00f6\u00f6tada kiirgusvastuv\u00f5tjaga \/ ulatus, m kuni 400 m <br \/> Nivelleerimine \/ kompensaatori valik Automaatne kompensaator <br \/> Joonistamise t\u00e4psus (horisontaalne \/ vertikaalne) mm \/ m 0,05 <br \/> Kalde seadistus Vahemik -10 kuni + 15% kahel teljel <br \/> V\u00e4lise juhtimise v\u00f5imalus (pult), t\u00f6\u00f6ulatus RC402 kaugjuhtimispuldiga kuni 100 m <br \/> Toide \/ t\u00f6\u00f6aeg \/ aku indikaator 4xD NiMH laetavad akud \/ 27 tundi <br \/> Tolmu- ja niiskuskaitse IP66 <br \/> T\u00f6\u00f6temperatuur, \u00b0 \u0421 -20 \u00b0 C kuni + 45 \u00b0 C <br \/> M\u00f5\u00f5dud, mm 210 x 180 x 200 mm <br \/> Kaal, kg 3,1 kg <\/p>\n","protected":false},"excerpt":{"rendered":"<p>Nevelir Spectra Precision GL422, heas seisu- ja t\u00f6\u00f6korras! pult on katki \/\/ KIRJELDUS Tootja Spectra Precision Kasutatud lasert\u00fc\u00fcp 635nm, 3A \/ 3R Seadme t\u00f6\u00f6ulatus (horisontaalne \/ vertikaalne), m kuni 400 m P\u00f6\u00f6rlemiskiirus, p\/min 300, 600 p\/min V\u00f5imalus t\u00f6\u00f6tada kiirgusvastuv\u00f5tjaga \/ ulatus, m kuni 400 m Nivelleerimine \/ kompensaatori valik Automaatne kompensaator Joonistamise t\u00e4psus (horisontaalne \/ [&hellip;]<\/p>\n","protected":false},"featured_media":21765,"comment_status":"closed","ping_status":"closed","template":"","meta":{"inline_featured_image":false},"product_brand":[],"product_cat":[234],"product_tag":[],"class_list":{"0":"post-21764","1":"product","2":"type-product","3":"status-publish","4":"has-post-thumbnail","6":"product_cat-izmeritelnye-pribory","7":"product_shipping_class-oversize","8":"pa_asukoht-mustamae","9":"pa_seisukord-ispolzovano","11":"first","12":"instock","13":"taxable","14":"shipping-taxable","15":"purchasable","16":"product-type-simple"},"_links":{"self":[{"href":"https:\/\/a-pant.ee\/ru\/wp-json\/wp\/v2\/product\/21764","targetHints":{"allow":["GET"]}}],"collection":[{"href":"https:\/\/a-pant.ee\/ru\/wp-json\/wp\/v2\/product"}],"about":[{"href":"https:\/\/a-pant.ee\/ru\/wp-json\/wp\/v2\/types\/product"}],"replies":[{"embeddable":true,"href":"https:\/\/a-pant.ee\/ru\/wp-json\/wp\/v2\/comments?post=21764"}],"wp:featuredmedia":[{"embeddable":true,"href":"https:\/\/a-pant.ee\/ru\/wp-json\/wp\/v2\/media\/21765"}],"wp:attachment":[{"href":"https:\/\/a-pant.ee\/ru\/wp-json\/wp\/v2\/media?parent=21764"}],"wp:term":[{"taxonomy":"product_brand","embeddable":true,"href":"https:\/\/a-pant.ee\/ru\/wp-json\/wp\/v2\/product_brand?post=21764"},{"taxonomy":"product_cat","embeddable":true,"href":"https:\/\/a-pant.ee\/ru\/wp-json\/wp\/v2\/product_cat?post=21764"},{"taxonomy":"product_tag","embeddable":true,"href":"https:\/\/a-pant.ee\/ru\/wp-json\/wp\/v2\/product_tag?post=21764"}],"curies":[{"name":"wp","href":"https:\/\/api.w.org\/{rel}","templated":true}]}}