{"id":21755,"date":"2026-02-03T23:16:07","date_gmt":"2026-02-03T20:16:07","guid":{"rendered":"https:\/\/a-pant.ee\/product\/teplovoy-ventilyator-joel-9kw\/"},"modified":"2026-02-22T12:50:56","modified_gmt":"2026-02-22T09:50:56","slug":"teplovoj-ventilyator-joel-9kw-model-ifh-90-m-novyj","status":"publish","type":"product","link":"https:\/\/a-pant.ee\/ru\/product\/teplovoj-ventilyator-joel-9kw-model-ifh-90-m-novyj\/","title":{"rendered":"\u0422\u0435\u043f\u043b\u043e\u0432\u043e\u0439 \u0432\u0435\u043d\u0442\u0438\u043b\u044f\u0442\u043e\u0440  JOEL 9KW ( model IFH &#8212; 90\/M ) \u041d\u043e\u0432\u044b\u0439"},"content":{"rendered":"\n<p> Soojusventilaatorid \u00a0JOEL \u00a09KW \u00a0( model IFH &#8212; 90\/M ) \u00a0Uus\u00a0, heas seisu- ja t\u00f6\u00f6korras! <\/p><hr><p> KIRJELDUS <\/p><p> Toote t\u00fc\u00fcp\u00a0 Soojusventilaatorid <\/p><p> Mudel\u00a0 IFH 01-90\/M <\/p><p> Elektrilise soojendi t\u00fc\u00fcp\u00a0 \u00a0Ventilaator <\/p><p> Materjal\u00a0 Metall <\/p><p> V\u00f5imsus ja j\u00f5udlus <\/p><p> V\u00f5imsus\u00a0 \u00a09kW <\/p><p> V\u00f5imsuse tasemed\u00a0 3 <\/p>\n","protected":false},"excerpt":{"rendered":"<p>Soojusventilaatorid \u00a0JOEL \u00a09KW \u00a0( model IFH &#8212; 90\/M ) \u00a0Uus\u00a0, heas seisu- ja t\u00f6\u00f6korras! KIRJELDUS Toote t\u00fc\u00fcp\u00a0 Soojusventilaatorid Mudel\u00a0 IFH 01-90\/M Elektrilise soojendi t\u00fc\u00fcp\u00a0 \u00a0Ventilaator Materjal\u00a0 Metall V\u00f5imsus ja j\u00f5udlus V\u00f5imsus\u00a0 \u00a09kW V\u00f5imsuse tasemed\u00a0 3<\/p>\n","protected":false},"featured_media":21756,"comment_status":"closed","ping_status":"open","template":"","meta":{"inline_featured_image":false},"product_brand":[],"product_cat":[246],"product_tag":[],"class_list":{"0":"post-21755","1":"product","2":"type-product","3":"status-publish","4":"has-post-thumbnail","6":"product_cat-instrumenty-drugoe","7":"pa_asukoht-lasnamae","8":"pa_seisukord-ispolzovano","10":"first","11":"instock","12":"taxable","13":"shipping-taxable","14":"purchasable","15":"product-type-simple"},"_links":{"self":[{"href":"https:\/\/a-pant.ee\/ru\/wp-json\/wp\/v2\/product\/21755","targetHints":{"allow":["GET"]}}],"collection":[{"href":"https:\/\/a-pant.ee\/ru\/wp-json\/wp\/v2\/product"}],"about":[{"href":"https:\/\/a-pant.ee\/ru\/wp-json\/wp\/v2\/types\/product"}],"replies":[{"embeddable":true,"href":"https:\/\/a-pant.ee\/ru\/wp-json\/wp\/v2\/comments?post=21755"}],"wp:featuredmedia":[{"embeddable":true,"href":"https:\/\/a-pant.ee\/ru\/wp-json\/wp\/v2\/media\/21756"}],"wp:attachment":[{"href":"https:\/\/a-pant.ee\/ru\/wp-json\/wp\/v2\/media?parent=21755"}],"wp:term":[{"taxonomy":"product_brand","embeddable":true,"href":"https:\/\/a-pant.ee\/ru\/wp-json\/wp\/v2\/product_brand?post=21755"},{"taxonomy":"product_cat","embeddable":true,"href":"https:\/\/a-pant.ee\/ru\/wp-json\/wp\/v2\/product_cat?post=21755"},{"taxonomy":"product_tag","embeddable":true,"href":"https:\/\/a-pant.ee\/ru\/wp-json\/wp\/v2\/product_tag?post=21755"}],"curies":[{"name":"wp","href":"https:\/\/api.w.org\/{rel}","templated":true}]}}