{"id":21742,"date":"2026-02-03T23:16:07","date_gmt":"2026-02-03T20:16:07","guid":{"rendered":"https:\/\/a-pant.ee\/product\/lazer-bosch-gll-3-80-sumka\/"},"modified":"2026-02-22T12:50:56","modified_gmt":"2026-02-22T09:50:56","slug":"lazer-bosch-gll-3-80-sumka","status":"publish","type":"product","link":"https:\/\/a-pant.ee\/ru\/product\/lazer-bosch-gll-3-80-sumka\/","title":{"rendered":"\u041b\u0430\u0437\u0435\u0440 Bosch GLL 3-80 + \u0421\u0443\u043c\u043a\u0430"},"content":{"rendered":"\n<p> Laser Bosch GLL 3-80 + Kott, heas seisu- ja t\u00f6\u00f6korras! <\/p><hr><p> KIRJELDUS <\/p><p> Mootori t\u00fc\u00fcp Akutoitega <\/p><p> Aku maht ja suurus 4&#215;1,5 V <\/p><p> Toimeaeg 240 min <\/p><p> Laseri klass 2 <\/p><p> Laseri lainepikkus 650 nm <\/p><p> T\u00e4psus \u00b1 0.2 mm\/m <\/p><p> Loodi t\u00e4psus \u00b1 4\u00b0 <\/p><p> T\u00f6\u00f6ulatus 30 m <\/p><p> Maks. t\u00f6\u00f6ulatus vastuv\u00f5tjaga 120 m <\/p><p> T\u00f6\u00f6temperatuur -10 \u2013 40 \u00b0C <\/p><p> Kaitseklass IP 54 <\/p><p> Seadme kinnituskeere 1\/4&#8243;, 5\/8&#8243; <\/p>\n","protected":false},"excerpt":{"rendered":"<p>Laser Bosch GLL 3-80 + Kott, heas seisu- ja t\u00f6\u00f6korras! KIRJELDUS Mootori t\u00fc\u00fcp Akutoitega Aku maht ja suurus 4&#215;1,5 V Toimeaeg 240 min Laseri klass 2 Laseri lainepikkus 650 nm T\u00e4psus \u00b1 0.2 mm\/m Loodi t\u00e4psus \u00b1 4\u00b0 T\u00f6\u00f6ulatus 30 m Maks. t\u00f6\u00f6ulatus vastuv\u00f5tjaga 120 m T\u00f6\u00f6temperatuur -10 \u2013 40 \u00b0C Kaitseklass IP 54 Seadme [&hellip;]<\/p>\n","protected":false},"featured_media":21743,"comment_status":"closed","ping_status":"open","template":"","meta":{"inline_featured_image":false},"product_brand":[],"product_cat":[232],"product_tag":[],"class_list":{"0":"post-21742","1":"product","2":"type-product","3":"status-publish","4":"has-post-thumbnail","6":"product_cat-lazernye-niveliry","7":"pa_asukoht-mustamae","8":"pa_seisukord-ispolzovano","10":"first","11":"instock","12":"taxable","13":"shipping-taxable","14":"purchasable","15":"product-type-simple"},"_links":{"self":[{"href":"https:\/\/a-pant.ee\/ru\/wp-json\/wp\/v2\/product\/21742","targetHints":{"allow":["GET"]}}],"collection":[{"href":"https:\/\/a-pant.ee\/ru\/wp-json\/wp\/v2\/product"}],"about":[{"href":"https:\/\/a-pant.ee\/ru\/wp-json\/wp\/v2\/types\/product"}],"replies":[{"embeddable":true,"href":"https:\/\/a-pant.ee\/ru\/wp-json\/wp\/v2\/comments?post=21742"}],"wp:featuredmedia":[{"embeddable":true,"href":"https:\/\/a-pant.ee\/ru\/wp-json\/wp\/v2\/media\/21743"}],"wp:attachment":[{"href":"https:\/\/a-pant.ee\/ru\/wp-json\/wp\/v2\/media?parent=21742"}],"wp:term":[{"taxonomy":"product_brand","embeddable":true,"href":"https:\/\/a-pant.ee\/ru\/wp-json\/wp\/v2\/product_brand?post=21742"},{"taxonomy":"product_cat","embeddable":true,"href":"https:\/\/a-pant.ee\/ru\/wp-json\/wp\/v2\/product_cat?post=21742"},{"taxonomy":"product_tag","embeddable":true,"href":"https:\/\/a-pant.ee\/ru\/wp-json\/wp\/v2\/product_tag?post=21742"}],"curies":[{"name":"wp","href":"https:\/\/api.w.org\/{rel}","templated":true}]}}