{"id":21735,"date":"2026-02-03T23:16:07","date_gmt":"2026-02-03T20:16:07","guid":{"rendered":"https:\/\/a-pant.ee\/product\/beprovodnye-naushniki-sony-wf-1000x\/"},"modified":"2026-02-22T12:50:56","modified_gmt":"2026-02-22T09:50:56","slug":"besprovodnye-naushniki-sony-wf-1000x-in-ear","status":"publish","type":"product","link":"https:\/\/a-pant.ee\/ru\/product\/besprovodnye-naushniki-sony-wf-1000x-in-ear\/","title":{"rendered":"\u0411\u0435\u0441\u043f\u0440\u043e\u0432\u043e\u0434\u043d\u044b\u0435 \u043d\u0430\u0443\u0448\u043d\u0438\u043a\u0438 Sony WF-1000X in-ear"},"content":{"rendered":"\n<p> Juhtmevabad k\u00f5rvaklapid Sony WF-1000X\u00a0in-ear, heas seisu- ja t\u00f6\u00f6korras! <\/p><hr><p> KIRJELDUS <\/p><p> Aku laadimine1,5 h <\/p><p> Sagedus20 &#8212; 20000 Hz <\/p><p> K\u00f5rvaklappide t\u00fc\u00fcpK\u00f5rva sisemised <\/p><p> Juhtmevabad k\u00f5rvaklapidJah <\/p><p> Mikrofoniga k\u00f5rvaklapidJah <\/p><p> \u00dchendusBluetooth <\/p><p> VeekindlusEi <\/p><p> M\u00fcra v\u00e4hendamineJah <\/p><p> Aku t\u00f6\u00f6igaKuni 6 H <\/p>\n","protected":false},"excerpt":{"rendered":"<p>Juhtmevabad k\u00f5rvaklapid Sony WF-1000X\u00a0in-ear, heas seisu- ja t\u00f6\u00f6korras! KIRJELDUS Aku laadimine1,5 h Sagedus20 &#8212; 20000 Hz K\u00f5rvaklappide t\u00fc\u00fcpK\u00f5rva sisemised Juhtmevabad k\u00f5rvaklapidJah Mikrofoniga k\u00f5rvaklapidJah \u00dchendusBluetooth VeekindlusEi M\u00fcra v\u00e4hendamineJah Aku t\u00f6\u00f6igaKuni 6 H<\/p>\n","protected":false},"featured_media":21736,"comment_status":"closed","ping_status":"closed","template":"","meta":{"inline_featured_image":false},"product_brand":[],"product_cat":[168],"product_tag":[],"class_list":{"0":"post-21735","1":"product","2":"type-product","3":"status-publish","4":"has-post-thumbnail","6":"product_cat-naushniki","7":"pa_asukoht-mustamae","8":"pa_seisukord-ispolzovano","10":"first","11":"instock","12":"sale","13":"taxable","14":"shipping-taxable","15":"purchasable","16":"product-type-simple"},"_links":{"self":[{"href":"https:\/\/a-pant.ee\/ru\/wp-json\/wp\/v2\/product\/21735","targetHints":{"allow":["GET"]}}],"collection":[{"href":"https:\/\/a-pant.ee\/ru\/wp-json\/wp\/v2\/product"}],"about":[{"href":"https:\/\/a-pant.ee\/ru\/wp-json\/wp\/v2\/types\/product"}],"replies":[{"embeddable":true,"href":"https:\/\/a-pant.ee\/ru\/wp-json\/wp\/v2\/comments?post=21735"}],"wp:featuredmedia":[{"embeddable":true,"href":"https:\/\/a-pant.ee\/ru\/wp-json\/wp\/v2\/media\/21736"}],"wp:attachment":[{"href":"https:\/\/a-pant.ee\/ru\/wp-json\/wp\/v2\/media?parent=21735"}],"wp:term":[{"taxonomy":"product_brand","embeddable":true,"href":"https:\/\/a-pant.ee\/ru\/wp-json\/wp\/v2\/product_brand?post=21735"},{"taxonomy":"product_cat","embeddable":true,"href":"https:\/\/a-pant.ee\/ru\/wp-json\/wp\/v2\/product_cat?post=21735"},{"taxonomy":"product_tag","embeddable":true,"href":"https:\/\/a-pant.ee\/ru\/wp-json\/wp\/v2\/product_tag?post=21735"}],"curies":[{"name":"wp","href":"https:\/\/api.w.org\/{rel}","templated":true}]}}