{"id":21728,"date":"2026-02-03T23:06:00","date_gmt":"2026-02-03T20:06:00","guid":{"rendered":"https:\/\/a-pant.ee\/product\/akudrel-milwaukee-m18-bldd-5-0ah-18v\/"},"modified":"2026-02-22T12:52:31","modified_gmt":"2026-02-22T09:52:31","slug":"akudrel-milwaukee-m18-bldd-5-0ah-18-v-bez-zaryadki","status":"publish","type":"product","link":"https:\/\/a-pant.ee\/ru\/product\/akudrel-milwaukee-m18-bldd-5-0ah-18-v-bez-zaryadki\/","title":{"rendered":"\u0410\u043a\u0443\u0434\u0440\u0435\u043b\u044c Milwaukee M18 BLDD + 5.0Ah 18 V (\u0411\u0435\u0437 \u0417\u0430\u0440\u044f\u0434\u043a\u0438)"},"content":{"rendered":"\n<p> Akutrell Milwaukee M18 BLDD + 5.0Ah 18 V (ilma laadijata), heas seisu- ja t\u00f6\u00f6korras! <\/p><hr><p> KIRJELDUS <\/p><table cellspacing=\"0\" id=\"product-attribute-specs-table\"><tbody><tr><td> Tootja <\/td><td> Milwaukee <\/td><\/tr><tr><td> Kaal <\/td><td> 1.3 kg <\/td><\/tr><tr><td> Professionaalidele \/ Asjaarmastajatele <\/td><td> Professionaalidele <\/td><\/tr><tr><td> Mootori t\u00fc\u00fcp <\/td><td> Akutoitega <\/td><\/tr><tr><td> Kas komplekt sisaldab akut <\/td><td> Ei <\/td><\/tr><tr><td> Akukeemia <\/td><td> Li-Ion (Liitiumioonaku) <\/td><\/tr><tr><td> Aku pinge <\/td><td> 18 V <\/td><\/tr><tr><td> Kiirus koormuseta <\/td><td> 0 &#8212; 1800 min-1 <\/td><\/tr><tr><td> Maksimaalne kiirus <\/td><td> 1800 \/min <\/td><\/tr><tr><td> Maksimaalne j\u00f5umoment <\/td><td> 60 Nm <\/td><\/tr><tr><td> P\u00f6\u00f6rdemomendi astmete arv <\/td><td> 2 <\/td><\/tr><tr><td> Puuriotsaku maksimaalne l\u00e4bim\u00f5\u00f5t puidu puurimiseks <\/td><td> 38 mm <\/td><\/tr><tr><td> Puuriotsaku maksimaalne l\u00e4bim\u00f5\u00f5t terase puurimiseks <\/td><td> 13 mm <\/td><\/tr><tr><td> K\u00e4ikude arv <\/td><td> 2 k\u00e4iku <\/td><\/tr><\/tbody><\/table>\n","protected":false},"excerpt":{"rendered":"<p>Akutrell Milwaukee M18 BLDD + 5.0Ah 18 V (ilma laadijata), heas seisu- ja t\u00f6\u00f6korras! KIRJELDUS Tootja Milwaukee Kaal 1.3 kg Professionaalidele \/ Asjaarmastajatele Professionaalidele Mootori t\u00fc\u00fcp Akutoitega Kas komplekt sisaldab akut Ei Akukeemia Li-Ion (Liitiumioonaku) Aku pinge 18 V Kiirus koormuseta 0 &#8212; 1800 min-1 Maksimaalne kiirus 1800 \/min Maksimaalne j\u00f5umoment 60 Nm P\u00f6\u00f6rdemomendi astmete [&hellip;]<\/p>\n","protected":false},"featured_media":21729,"comment_status":"closed","ping_status":"open","template":"","meta":{"inline_featured_image":false},"product_brand":[],"product_cat":[221],"product_tag":[],"class_list":{"0":"post-21728","1":"product","2":"type-product","3":"status-publish","4":"has-post-thumbnail","6":"product_cat-akkumulyatornye-dreli","7":"pa_asukoht-mustamae","8":"pa_seisukord-ispolzovano","10":"first","11":"instock","12":"taxable","13":"shipping-taxable","14":"purchasable","15":"product-type-simple"},"_links":{"self":[{"href":"https:\/\/a-pant.ee\/ru\/wp-json\/wp\/v2\/product\/21728","targetHints":{"allow":["GET"]}}],"collection":[{"href":"https:\/\/a-pant.ee\/ru\/wp-json\/wp\/v2\/product"}],"about":[{"href":"https:\/\/a-pant.ee\/ru\/wp-json\/wp\/v2\/types\/product"}],"replies":[{"embeddable":true,"href":"https:\/\/a-pant.ee\/ru\/wp-json\/wp\/v2\/comments?post=21728"}],"wp:featuredmedia":[{"embeddable":true,"href":"https:\/\/a-pant.ee\/ru\/wp-json\/wp\/v2\/media\/21729"}],"wp:attachment":[{"href":"https:\/\/a-pant.ee\/ru\/wp-json\/wp\/v2\/media?parent=21728"}],"wp:term":[{"taxonomy":"product_brand","embeddable":true,"href":"https:\/\/a-pant.ee\/ru\/wp-json\/wp\/v2\/product_brand?post=21728"},{"taxonomy":"product_cat","embeddable":true,"href":"https:\/\/a-pant.ee\/ru\/wp-json\/wp\/v2\/product_cat?post=21728"},{"taxonomy":"product_tag","embeddable":true,"href":"https:\/\/a-pant.ee\/ru\/wp-json\/wp\/v2\/product_tag?post=21728"}],"curies":[{"name":"wp","href":"https:\/\/api.w.org\/{rel}","templated":true}]}}