{"id":21714,"date":"2026-02-03T23:06:00","date_gmt":"2026-02-03T20:06:00","guid":{"rendered":"https:\/\/a-pant.ee\/product\/drel-shurupovert-bosch-gsr-12v-zaryadka\/"},"modified":"2026-02-22T12:52:31","modified_gmt":"2026-02-22T09:52:31","slug":"drel-shurupovert-bosch-gsr-12v-zaryadka","status":"publish","type":"product","link":"https:\/\/a-pant.ee\/ru\/product\/drel-shurupovert-bosch-gsr-12v-zaryadka\/","title":{"rendered":"\u0414\u0440\u0435\u043b\u044c-\u0448\u0443\u0440\u0443\u043f\u043e\u0432\u0435\u0440\u0442  Bosch GSR 12V + \u0437\u0430\u0440\u044f\u0434\u043a\u0430"},"content":{"rendered":"\n<p> \u00a0Akukruvikeeraja-trell \u00a0 Bosch GSR 12V + laadija\u00a0, heas seisu- ja t\u00f6\u00f6korras! <\/p><hr><p> KIRJELDUS <\/p><p> Kaubam\u00e4rk\u00a0 \u00a0Bosch <\/p><p> P\u00f6\u00f6rete arv t\u00fchik\u00e4igul\u00a0 \u00a00-1200 <\/p><p> Maksimaalne p\u00f6\u00f6rdemoment, Nm 27 <\/p><p> Haaratsi l\u00e4bim\u00f5\u00f5t\u00a0 \u00a010 mm <\/p><p> Maks. puurimisaugu l\u00e4bim\u00f5\u00f5t puidus\u00a0 \u00a0 19 mm <\/p><p> Maks. puurimisaugu l\u00e4bim\u00f5\u00f5t terases\u00a0 \u00a010 mm <\/p><p> Maks. puurimisaugu l\u00e4bim\u00f5\u00f5t betoonis\u00a0 \u00a010 mm <\/p><p> Aku t\u00fc\u00fcp\u00a0 \u00a0Li-ion <\/p><p> Aku \u00a01,5A <\/p>\n","protected":false},"excerpt":{"rendered":"<p>\u00a0Akukruvikeeraja-trell \u00a0 Bosch GSR 12V + laadija\u00a0, heas seisu- ja t\u00f6\u00f6korras! KIRJELDUS Kaubam\u00e4rk\u00a0 \u00a0Bosch P\u00f6\u00f6rete arv t\u00fchik\u00e4igul\u00a0 \u00a00-1200 Maksimaalne p\u00f6\u00f6rdemoment, Nm 27 Haaratsi l\u00e4bim\u00f5\u00f5t\u00a0 \u00a010 mm Maks. puurimisaugu l\u00e4bim\u00f5\u00f5t puidus\u00a0 \u00a0 19 mm Maks. puurimisaugu l\u00e4bim\u00f5\u00f5t terases\u00a0 \u00a010 mm Maks. puurimisaugu l\u00e4bim\u00f5\u00f5t betoonis\u00a0 \u00a010 mm Aku t\u00fc\u00fcp\u00a0 \u00a0Li-ion Aku \u00a01,5A<\/p>\n","protected":false},"featured_media":21715,"comment_status":"closed","ping_status":"open","template":"","meta":{"inline_featured_image":false},"product_brand":[],"product_cat":[221],"product_tag":[],"class_list":{"0":"post-21714","1":"product","2":"type-product","3":"status-publish","4":"has-post-thumbnail","6":"product_cat-akkumulyatornye-dreli","7":"pa_asukoht-lasnamae","8":"pa_seisukord-ispolzovano","10":"first","11":"instock","12":"taxable","13":"shipping-taxable","14":"purchasable","15":"product-type-simple"},"_links":{"self":[{"href":"https:\/\/a-pant.ee\/ru\/wp-json\/wp\/v2\/product\/21714","targetHints":{"allow":["GET"]}}],"collection":[{"href":"https:\/\/a-pant.ee\/ru\/wp-json\/wp\/v2\/product"}],"about":[{"href":"https:\/\/a-pant.ee\/ru\/wp-json\/wp\/v2\/types\/product"}],"replies":[{"embeddable":true,"href":"https:\/\/a-pant.ee\/ru\/wp-json\/wp\/v2\/comments?post=21714"}],"wp:featuredmedia":[{"embeddable":true,"href":"https:\/\/a-pant.ee\/ru\/wp-json\/wp\/v2\/media\/21715"}],"wp:attachment":[{"href":"https:\/\/a-pant.ee\/ru\/wp-json\/wp\/v2\/media?parent=21714"}],"wp:term":[{"taxonomy":"product_brand","embeddable":true,"href":"https:\/\/a-pant.ee\/ru\/wp-json\/wp\/v2\/product_brand?post=21714"},{"taxonomy":"product_cat","embeddable":true,"href":"https:\/\/a-pant.ee\/ru\/wp-json\/wp\/v2\/product_cat?post=21714"},{"taxonomy":"product_tag","embeddable":true,"href":"https:\/\/a-pant.ee\/ru\/wp-json\/wp\/v2\/product_tag?post=21714"}],"curies":[{"name":"wp","href":"https:\/\/api.w.org\/{rel}","templated":true}]}}