{"id":21706,"date":"2026-02-03T23:06:00","date_gmt":"2026-02-03T20:06:00","guid":{"rendered":"https:\/\/a-pant.ee\/product\/monitor-samsung-lt24e310ex-24-tv-tuner\/"},"modified":"2026-02-22T12:52:31","modified_gmt":"2026-02-22T09:52:31","slug":"monitor-samsung-lt24e310ex-s-tv-tyunerom-24-pult-kabel","status":"publish","type":"product","link":"https:\/\/a-pant.ee\/ru\/product\/monitor-samsung-lt24e310ex-s-tv-tyunerom-24-pult-kabel\/","title":{"rendered":"\u041c\u043e\u043d\u0438\u0442\u043e\u0440 Samsung LT24E310EX \u0441 \u0422\u0412-\u0442\u044e\u043d\u0435\u0440\u043e\u043c 24&#8243; + \u043f\u0443\u043b\u044c\u0442 + \u043a\u0430\u0431\u0435\u043b\u044c"},"content":{"rendered":"\n<p> Monitor Samsung LT24E310EX 24&#8243; TV tuuneriga + pult + juhe, heas seisu- ja t\u00f6\u00f6korras! <\/p><p> tv jalg on puudub <\/p><hr><p> KIRJELDUS <\/p><p> EKRAAN <br \/> Ekraanitehnoloogia LED <br \/> Ekraani suurus 24 &#187; <br \/> Eraldusv\u00f5ime 1366 x 768 <\/p><p><br \/> PILDI KVALITEET <br \/> Heledus 300 cd\/m\u00b2 <br \/> Natiivne kontrastsussuhe 3000:1 <br \/> D\u00fcnaamiline kontrastsuse suhe Mega <\/p><p><br \/> \u00dcHENDUS <br \/> \u00dchendused \u2013 HDMI x 2 (ARC-\u00fchilduv x 1) <br \/> &#8212; SCART x 1 <br \/> &#8212; Komponendi sisend x 1 <br \/> &#8212; Komposiitsisend x 1 <br \/> &#8212; USB 2.0 x 1 <\/p><p> TUNER <br \/> TV-tuuner TVPlus <\/p><p><br \/> AUDIO <br \/> K\u00f5larid 2 <br \/> Heliv\u00f5imsus 5 W <br \/> Heliparandus \u2013 DTS Studio Sound <br \/> &#8212; Seinale paigaldatud helire\u017eiim <\/p><p><br \/> FUNKTSIOONID <br \/> Kaugjuhtimispult Jah <br \/> VESA seinakinnituse m\u00f5\u00f5dud 75 x 75 <br \/> Lauapealne alus Jah <br \/> Muud funktsioonid Unetaimer <\/p><p><br \/> ENERGIATARBE <br \/> Energiat\u00f5hususe klass A <br \/> Energiatarve sissel\u00fclitatud re\u017eiimis 35 W <br \/> Aastane energiatarve 36 kWh <\/p><p><br \/> \u00dcLDINE <br \/> V\u00e4rv L\u00e4ikiv must <br \/> Sisemen\u00fc\u00fc keeled 27 keelt <br \/> Karbi sisu &#8212; Samsung T24310EX 24 -tolline LED -teler <br \/> &#8212; Tavaline kaugjuhtimispult <br \/> &#8212; Vahelduvvoolu toitekaabel <\/p>\n","protected":false},"excerpt":{"rendered":"<p>Monitor Samsung LT24E310EX 24&#8243; TV tuuneriga + pult + juhe, heas seisu- ja t\u00f6\u00f6korras! tv jalg on puudub KIRJELDUS EKRAAN Ekraanitehnoloogia LED Ekraani suurus 24 &#187; Eraldusv\u00f5ime 1366 x 768 PILDI KVALITEET Heledus 300 cd\/m\u00b2 Natiivne kontrastsussuhe 3000:1 D\u00fcnaamiline kontrastsuse suhe Mega \u00dcHENDUS \u00dchendused \u2013 HDMI x 2 (ARC-\u00fchilduv x 1) &#8212; SCART x 1 [&hellip;]<\/p>\n","protected":false},"featured_media":21707,"comment_status":"closed","ping_status":"closed","template":"","meta":{"inline_featured_image":false},"product_brand":[],"product_cat":[173],"product_tag":[],"class_list":{"0":"post-21706","1":"product","2":"type-product","3":"status-publish","4":"has-post-thumbnail","6":"product_cat-monitory","7":"product_shipping_class-oversize","8":"pa_asukoht-mustamae","9":"pa_seisukord-ispolzovano","11":"first","12":"instock","13":"taxable","14":"shipping-taxable","15":"purchasable","16":"product-type-simple"},"_links":{"self":[{"href":"https:\/\/a-pant.ee\/ru\/wp-json\/wp\/v2\/product\/21706","targetHints":{"allow":["GET"]}}],"collection":[{"href":"https:\/\/a-pant.ee\/ru\/wp-json\/wp\/v2\/product"}],"about":[{"href":"https:\/\/a-pant.ee\/ru\/wp-json\/wp\/v2\/types\/product"}],"replies":[{"embeddable":true,"href":"https:\/\/a-pant.ee\/ru\/wp-json\/wp\/v2\/comments?post=21706"}],"wp:featuredmedia":[{"embeddable":true,"href":"https:\/\/a-pant.ee\/ru\/wp-json\/wp\/v2\/media\/21707"}],"wp:attachment":[{"href":"https:\/\/a-pant.ee\/ru\/wp-json\/wp\/v2\/media?parent=21706"}],"wp:term":[{"taxonomy":"product_brand","embeddable":true,"href":"https:\/\/a-pant.ee\/ru\/wp-json\/wp\/v2\/product_brand?post=21706"},{"taxonomy":"product_cat","embeddable":true,"href":"https:\/\/a-pant.ee\/ru\/wp-json\/wp\/v2\/product_cat?post=21706"},{"taxonomy":"product_tag","embeddable":true,"href":"https:\/\/a-pant.ee\/ru\/wp-json\/wp\/v2\/product_tag?post=21706"}],"curies":[{"name":"wp","href":"https:\/\/api.w.org\/{rel}","templated":true}]}}