{"id":21700,"date":"2026-02-03T23:06:00","date_gmt":"2026-02-03T20:06:00","guid":{"rendered":"https:\/\/a-pant.ee\/product\/elektricheskij-samokat-xiaomi-mi-scooter-1s\/"},"modified":"2026-02-22T12:52:31","modified_gmt":"2026-02-22T09:52:31","slug":"elektrosamokat-xiaomi-electric-scooter-pro-2","status":"publish","type":"product","link":"https:\/\/a-pant.ee\/ru\/product\/elektrosamokat-xiaomi-electric-scooter-pro-2\/","title":{"rendered":"\u042d\u043b\u0435\u043a\u0442\u0440\u043e\u0441\u0430\u043c\u043e\u043a\u0430\u0442 Xiaomi Electric Scooter Pro 2"},"content":{"rendered":"\n<p> Elektriline T\u00f5ukeratas Xiaomi Mi 1S, Must + Laadija, heas seisu- ja t\u00f6\u00f6korras! <\/p><p><strong> Esi ja taga ammort, uus rehvid <\/strong><\/p><p> KIRJELDUS <\/p><table><tbody><tr><td> Kategooria: <\/td><td><a href=\"https:\/\/kaup24.ee\/et\/elektritoukerattad\" rel=\"nofollow noopener\" target=\"_blank\"> Elektrit\u00f5ukerattad <\/a><\/td><\/tr><tr><td> Tootepakendite arv: <\/td><td> 1 tk. <\/td><\/tr><tr><td> Paki suurus ja kaal (1):\u00a0 <div><img decoding=\"async\" src=\"https:\/\/ee2.pigugroup.eu\/static\/design\/ico\/info-icon.svg\" alt=\"info-icon.svg\" \/><\/div><\/td><td> 1.04 x 0.52 x 0.185 m, 16.5 kg <\/td><\/tr><tr><td> Kaubam\u00e4rk: <\/td><td><a href=\"https:\/\/kaup24.ee\/et\/elektritoukerattad\/f\/xiaomi\" rel=\"nofollow noopener\" target=\"_blank\"> Xiaomi <\/a><\/td><\/tr><tr><td> Nominaalne v\u00f5imsus: <\/td><td> 250 W <\/td><\/tr><tr><td> Maksimaalne kasutaja kaal: <\/td><td> 100 kg <\/td><\/tr><tr><td> Ratta l\u00e4bim\u00f5\u00f5t: <\/td><td><a href=\"https:\/\/kaup24.ee\/et\/elektritoukerattad?f%5B6551%5D%5B6987712%5D=85-216-cm\" rel=\"nofollow noopener\" target=\"_blank\"> 8.5&#8243; (21.6 cm) <\/a><\/td><\/tr><\/tbody><\/table>\n","protected":false},"excerpt":{"rendered":"<p>Elektriline T\u00f5ukeratas Xiaomi Mi 1S, Must + Laadija, heas seisu- ja t\u00f6\u00f6korras! Esi ja taga ammort, uus rehvid KIRJELDUS Kategooria: Elektrit\u00f5ukerattad Tootepakendite arv: 1 tk. Paki suurus ja kaal (1):\u00a0 1.04 x 0.52 x 0.185 m, 16.5 kg Kaubam\u00e4rk: Xiaomi Nominaalne v\u00f5imsus: 250 W Maksimaalne kasutaja kaal: 100 kg Ratta l\u00e4bim\u00f5\u00f5t: 8.5&#8243; (21.6 cm)<\/p>\n","protected":false},"featured_media":21701,"comment_status":"closed","ping_status":"closed","template":"","meta":{"inline_featured_image":false},"product_brand":[],"product_cat":[215],"product_tag":[],"class_list":{"0":"post-21700","1":"product","2":"type-product","3":"status-publish","4":"has-post-thumbnail","6":"product_cat-elektricheskie-samokaty","7":"product_shipping_class-oversize","8":"pa_asukoht-mustamae","9":"pa_seisukord-ispolzovano","11":"first","12":"outofstock","13":"taxable","14":"shipping-taxable","15":"purchasable","16":"product-type-simple"},"_links":{"self":[{"href":"https:\/\/a-pant.ee\/ru\/wp-json\/wp\/v2\/product\/21700","targetHints":{"allow":["GET"]}}],"collection":[{"href":"https:\/\/a-pant.ee\/ru\/wp-json\/wp\/v2\/product"}],"about":[{"href":"https:\/\/a-pant.ee\/ru\/wp-json\/wp\/v2\/types\/product"}],"replies":[{"embeddable":true,"href":"https:\/\/a-pant.ee\/ru\/wp-json\/wp\/v2\/comments?post=21700"}],"wp:featuredmedia":[{"embeddable":true,"href":"https:\/\/a-pant.ee\/ru\/wp-json\/wp\/v2\/media\/21701"}],"wp:attachment":[{"href":"https:\/\/a-pant.ee\/ru\/wp-json\/wp\/v2\/media?parent=21700"}],"wp:term":[{"taxonomy":"product_brand","embeddable":true,"href":"https:\/\/a-pant.ee\/ru\/wp-json\/wp\/v2\/product_brand?post=21700"},{"taxonomy":"product_cat","embeddable":true,"href":"https:\/\/a-pant.ee\/ru\/wp-json\/wp\/v2\/product_cat?post=21700"},{"taxonomy":"product_tag","embeddable":true,"href":"https:\/\/a-pant.ee\/ru\/wp-json\/wp\/v2\/product_tag?post=21700"}],"curies":[{"name":"wp","href":"https:\/\/api.w.org\/{rel}","templated":true}]}}