{"id":21675,"date":"2026-02-03T23:06:00","date_gmt":"2026-02-03T20:06:00","guid":{"rendered":"https:\/\/a-pant.ee\/product\/chasy-pierre-balmain-b13413322\/"},"modified":"2026-02-22T12:52:30","modified_gmt":"2026-02-22T09:52:30","slug":"chasy-pierre-balmain-b13413322-korobka-garantiya","status":"publish","type":"product","link":"https:\/\/a-pant.ee\/ru\/product\/chasy-pierre-balmain-b13413322-korobka-garantiya\/","title":{"rendered":"\u0427\u0430\u0441\u044b Pierre Balmain B13413322 + \u041a\u043e\u0440\u043e\u0431\u043a\u0430 + \u0413\u0430\u0440\u0430\u043d\u0442\u0438\u044f"},"content":{"rendered":"\n<p> K\u00e4ekell Pierre Balmain B13413322 + Karp + Garantii, heas seisu- ja t\u00f6\u00f6korras! <\/p><p> Ostetud 19.10.2021 <\/p><p> KIRJELDUS <\/p><table id=\"product-attribute-specs-table\"><tbody><tr><th> Korpuse m\u00f5\u00f5t <\/th><td id=\"table_row_product_attribute_case_size\"> 40 mm <\/td><\/tr><tr><th> Korpuse materjal <\/th><td id=\"table_row_product_attribute_case_material\"> Roostevaba teras <\/td><\/tr><tr><th> Mehhanism <\/th><td id=\"table_row_product_attribute_movement\"> Kvarts <\/td><\/tr><tr><th> Veekindlus <\/th><td id=\"table_row_product_attribute_water_resistance\"> 5 ATM <\/td><\/tr><tr><th> Klaasi t\u00fc\u00fcp <\/th><td id=\"table_row_product_attribute_watch_glass_type\"> Safiir <\/td><\/tr><tr><th> Rihma materjal <\/th><td id=\"table_row_product_attribute_strap_material\"> Roostevaba teras <\/td><\/tr><tr><th> Rihma v\u00e4rv <\/th><td id=\"table_row_product_attribute_strap_color\"> H\u00f5bedane <\/td><\/tr><tr><th> Stiil <\/th><td id=\"table_row_product_attribute_style\"> \u0160veitsi kell <\/td><\/tr><tr><th> V\u00e4rv <\/th><td id=\"table_row_product_attribute_color\"> H\u00f5bedane <\/td><\/tr><tr><th> Br\u00e4nd <\/th><td id=\"table_row_product_attribute_brand\"> Balmain <\/td><\/tr><\/tbody><\/table>\n","protected":false},"excerpt":{"rendered":"<p>K\u00e4ekell Pierre Balmain B13413322 + Karp + Garantii, heas seisu- ja t\u00f6\u00f6korras! Ostetud 19.10.2021 KIRJELDUS Korpuse m\u00f5\u00f5t 40 mm Korpuse materjal Roostevaba teras Mehhanism Kvarts Veekindlus 5 ATM Klaasi t\u00fc\u00fcp Safiir Rihma materjal Roostevaba teras Rihma v\u00e4rv H\u00f5bedane Stiil \u0160veitsi kell V\u00e4rv H\u00f5bedane Br\u00e4nd Balmain<\/p>\n","protected":false},"featured_media":21676,"comment_status":"closed","ping_status":"open","template":"","meta":{"inline_featured_image":false},"product_brand":[],"product_cat":[211],"product_tag":[],"class_list":{"0":"post-21675","1":"product","2":"type-product","3":"status-publish","4":"has-post-thumbnail","6":"product_cat-muzhskie-chasy","7":"pa_asukoht-mustamae","8":"pa_seisukord-ispolzovano","10":"first","11":"instock","12":"taxable","13":"shipping-taxable","14":"purchasable","15":"product-type-simple"},"_links":{"self":[{"href":"https:\/\/a-pant.ee\/ru\/wp-json\/wp\/v2\/product\/21675","targetHints":{"allow":["GET"]}}],"collection":[{"href":"https:\/\/a-pant.ee\/ru\/wp-json\/wp\/v2\/product"}],"about":[{"href":"https:\/\/a-pant.ee\/ru\/wp-json\/wp\/v2\/types\/product"}],"replies":[{"embeddable":true,"href":"https:\/\/a-pant.ee\/ru\/wp-json\/wp\/v2\/comments?post=21675"}],"wp:featuredmedia":[{"embeddable":true,"href":"https:\/\/a-pant.ee\/ru\/wp-json\/wp\/v2\/media\/21676"}],"wp:attachment":[{"href":"https:\/\/a-pant.ee\/ru\/wp-json\/wp\/v2\/media?parent=21675"}],"wp:term":[{"taxonomy":"product_brand","embeddable":true,"href":"https:\/\/a-pant.ee\/ru\/wp-json\/wp\/v2\/product_brand?post=21675"},{"taxonomy":"product_cat","embeddable":true,"href":"https:\/\/a-pant.ee\/ru\/wp-json\/wp\/v2\/product_cat?post=21675"},{"taxonomy":"product_tag","embeddable":true,"href":"https:\/\/a-pant.ee\/ru\/wp-json\/wp\/v2\/product_tag?post=21675"}],"curies":[{"name":"wp","href":"https:\/\/api.w.org\/{rel}","templated":true}]}}