{"id":21668,"date":"2026-02-03T23:06:00","date_gmt":"2026-02-03T20:06:00","guid":{"rendered":"https:\/\/a-pant.ee\/product\/shlif-mashina-po-betonu-flex-ld-15-10-125-r\/"},"modified":"2026-02-22T12:52:30","modified_gmt":"2026-02-22T09:52:30","slug":"shlif-mashina-po-betonu-flex-ld-15-10-125-r","status":"publish","type":"product","link":"https:\/\/a-pant.ee\/ru\/product\/shlif-mashina-po-betonu-flex-ld-15-10-125-r\/","title":{"rendered":"\u0428\u043b\u0438\u0444-\u043c\u0430\u0448\u0438\u043d\u0430 \u043f\u043e \u0411\u0435\u0442\u043e\u043d\u0443 FLEX LD 15-10 125 R"},"content":{"rendered":"\n<p> Betoonilihvija FLEX LD 15-10 125 R, heas seisu- ja t\u00f6\u00f6korras! <\/p><p> KIRJELDUS <\/p><table><tbody><tr><td> P\u00f6\u00f6rete arv <\/td><td> 10000 p\u00f6\u00f6ret\/min <\/td><\/tr><tr><td> Kaal <\/td><td> 2,9 kg <\/td><\/tr><tr><td> Lihvimisketta l\u00e4bim\u00f5\u00f5t <\/td><td> 125 mm <\/td><\/tr><tr><td> V\u00f5nge <\/td><td> 6,4 m\/s2 <\/td><\/tr><tr><td> Spindlikeere <\/td><td> M14 <\/td><\/tr><tr><td> Mootori v\u00f5imsus <\/td><td> 1450 W <\/td><\/tr><tr><td> Toote t\u00fc\u00fcp <\/td><td> Betoonilihvija <\/td><\/tr><\/tbody><\/table>\n","protected":false},"excerpt":{"rendered":"<p>Betoonilihvija FLEX LD 15-10 125 R, heas seisu- ja t\u00f6\u00f6korras! KIRJELDUS P\u00f6\u00f6rete arv 10000 p\u00f6\u00f6ret\/min Kaal 2,9 kg Lihvimisketta l\u00e4bim\u00f5\u00f5t 125 mm V\u00f5nge 6,4 m\/s2 Spindlikeere M14 Mootori v\u00f5imsus 1450 W Toote t\u00fc\u00fcp Betoonilihvija<\/p>\n","protected":false},"featured_media":21669,"comment_status":"closed","ping_status":"open","template":"","meta":{"inline_featured_image":false},"product_brand":[],"product_cat":[233],"product_tag":[],"class_list":{"0":"post-21668","1":"product","2":"type-product","3":"status-publish","4":"has-post-thumbnail","6":"product_cat-shlifovalnyj-instrument","7":"pa_asukoht-lasnamae","8":"pa_seisukord-ispolzovano","10":"first","11":"instock","12":"taxable","13":"shipping-taxable","14":"purchasable","15":"product-type-simple"},"_links":{"self":[{"href":"https:\/\/a-pant.ee\/ru\/wp-json\/wp\/v2\/product\/21668","targetHints":{"allow":["GET"]}}],"collection":[{"href":"https:\/\/a-pant.ee\/ru\/wp-json\/wp\/v2\/product"}],"about":[{"href":"https:\/\/a-pant.ee\/ru\/wp-json\/wp\/v2\/types\/product"}],"replies":[{"embeddable":true,"href":"https:\/\/a-pant.ee\/ru\/wp-json\/wp\/v2\/comments?post=21668"}],"wp:featuredmedia":[{"embeddable":true,"href":"https:\/\/a-pant.ee\/ru\/wp-json\/wp\/v2\/media\/21669"}],"wp:attachment":[{"href":"https:\/\/a-pant.ee\/ru\/wp-json\/wp\/v2\/media?parent=21668"}],"wp:term":[{"taxonomy":"product_brand","embeddable":true,"href":"https:\/\/a-pant.ee\/ru\/wp-json\/wp\/v2\/product_brand?post=21668"},{"taxonomy":"product_cat","embeddable":true,"href":"https:\/\/a-pant.ee\/ru\/wp-json\/wp\/v2\/product_cat?post=21668"},{"taxonomy":"product_tag","embeddable":true,"href":"https:\/\/a-pant.ee\/ru\/wp-json\/wp\/v2\/product_tag?post=21668"}],"curies":[{"name":"wp","href":"https:\/\/api.w.org\/{rel}","templated":true}]}}