{"id":21650,"date":"2026-02-03T23:06:00","date_gmt":"2026-02-03T20:06:00","guid":{"rendered":"https:\/\/a-pant.ee\/product\/rems-amigo-2-compact-nasadki-yashchik\/"},"modified":"2026-02-22T12:52:29","modified_gmt":"2026-02-22T09:52:29","slug":"rems-amigo-2-compact-nasadki-yashhik","status":"publish","type":"product","link":"https:\/\/a-pant.ee\/ru\/product\/rems-amigo-2-compact-nasadki-yashhik\/","title":{"rendered":"REMS Amigo 2 Compact + \u043d\u0430\u0441\u0430\u0434\u043a\u0438 + \u044f\u0449\u0438\u043a"},"content":{"rendered":"\n<div id=\"description\"><div><p><b> Elektriline keermel\u00f5ikur REMS Amigo 2 Compact + kohver\u00a0 <\/b> , heas seisu- ja t\u00f6\u00f6korras! <\/p><p> KIRJELDUS <\/p><p> V\u00f5imsus\u00a0\u00a0 \u00a01200 <br \/> Pinge\/sagedus\u00a0\u00a0 \u00a0230 V \/ 50 Hz <br \/> Toru l\u00e4bim\u00f5\u00f5t\u00a0\u00a0 \u00a016 &#8212; 50 mm (1\/2 &#8212; 2&#8243;) <br \/> Keermepead\u00a0\u00a0 \u00a0R \u00bd&#187; &#8212; \u00be&#187;-1&#8243; &#8212; 1\u00bc&#187; &#8212; 1\u00bd&#187; &#8212; 2&#8243; <br \/> Komplekti kuuluvad standard lisad\u00a0\u00a0 \u00a0Torutugi, kiirvahetus-l\u00f5ikepead, vastupidav teraskarp <br \/><br \/><\/p><\/div><\/div>\n","protected":false},"excerpt":{"rendered":"<p>Elektriline keermel\u00f5ikur REMS Amigo 2 Compact + kohver\u00a0 , heas seisu- ja t\u00f6\u00f6korras! KIRJELDUS V\u00f5imsus\u00a0\u00a0 \u00a01200 Pinge\/sagedus\u00a0\u00a0 \u00a0230 V \/ 50 Hz Toru l\u00e4bim\u00f5\u00f5t\u00a0\u00a0 \u00a016 &#8212; 50 mm (1\/2 &#8212; 2&#8243;) Keermepead\u00a0\u00a0 \u00a0R \u00bd&#187; &#8212; \u00be&#187;-1&#8243; &#8212; 1\u00bc&#187; &#8212; 1\u00bd&#187; &#8212; 2&#8243; Komplekti kuuluvad standard lisad\u00a0\u00a0 \u00a0Torutugi, kiirvahetus-l\u00f5ikepead, vastupidav teraskarp<\/p>\n","protected":false},"featured_media":21651,"comment_status":"closed","ping_status":"open","template":"","meta":{"inline_featured_image":false},"product_brand":[],"product_cat":[246],"product_tag":[],"class_list":{"0":"post-21650","1":"product","2":"type-product","3":"status-publish","4":"has-post-thumbnail","6":"product_cat-instrumenty-drugoe","7":"pa_asukoht-mustamae","8":"pa_seisukord-ispolzovano","10":"first","11":"instock","12":"taxable","13":"shipping-taxable","14":"purchasable","15":"product-type-simple"},"_links":{"self":[{"href":"https:\/\/a-pant.ee\/ru\/wp-json\/wp\/v2\/product\/21650","targetHints":{"allow":["GET"]}}],"collection":[{"href":"https:\/\/a-pant.ee\/ru\/wp-json\/wp\/v2\/product"}],"about":[{"href":"https:\/\/a-pant.ee\/ru\/wp-json\/wp\/v2\/types\/product"}],"replies":[{"embeddable":true,"href":"https:\/\/a-pant.ee\/ru\/wp-json\/wp\/v2\/comments?post=21650"}],"wp:featuredmedia":[{"embeddable":true,"href":"https:\/\/a-pant.ee\/ru\/wp-json\/wp\/v2\/media\/21651"}],"wp:attachment":[{"href":"https:\/\/a-pant.ee\/ru\/wp-json\/wp\/v2\/media?parent=21650"}],"wp:term":[{"taxonomy":"product_brand","embeddable":true,"href":"https:\/\/a-pant.ee\/ru\/wp-json\/wp\/v2\/product_brand?post=21650"},{"taxonomy":"product_cat","embeddable":true,"href":"https:\/\/a-pant.ee\/ru\/wp-json\/wp\/v2\/product_cat?post=21650"},{"taxonomy":"product_tag","embeddable":true,"href":"https:\/\/a-pant.ee\/ru\/wp-json\/wp\/v2\/product_tag?post=21650"}],"curies":[{"name":"wp","href":"https:\/\/api.w.org\/{rel}","templated":true}]}}