{"id":21638,"date":"2026-02-03T23:06:00","date_gmt":"2026-02-03T20:06:00","guid":{"rendered":"https:\/\/a-pant.ee\/product\/kompyuternye-naushniki-urage-soundz-310\/"},"modified":"2026-02-22T12:52:29","modified_gmt":"2026-02-22T09:52:29","slug":"kompyuternye-naushniki-urage-soundz-310-korobka","status":"publish","type":"product","link":"https:\/\/a-pant.ee\/ru\/product\/kompyuternye-naushniki-urage-soundz-310-korobka\/","title":{"rendered":"\u041a\u043e\u043c\u043f\u044c\u044e\u0442\u0435\u0440\u043d\u044b\u0435 \u041d\u0430\u0443\u0448\u043d\u0438\u043a\u0438 Urage Soundz 310 + \u041a\u043e\u0440\u043e\u0431\u043a\u0430"},"content":{"rendered":"\n<p> Arvuti K\u00f5rvaklapid Urage Soundz 310 + Karp, heas seisu- ja t\u00f6\u00f6korras! <\/p><hr><p> KIRJELDUS <\/p><p> m\u00e4ngu\u00a0disain: t\u00e4issuuruses \u00fchendus: juhtmega pistik: USB reprodutseerimise sagedus 20-20000 Hz juhtelemendid: helitugevus, vaigistamine <\/p>\n","protected":false},"excerpt":{"rendered":"<p>Arvuti K\u00f5rvaklapid Urage Soundz 310 + Karp, heas seisu- ja t\u00f6\u00f6korras! KIRJELDUS m\u00e4ngu\u00a0disain: t\u00e4issuuruses \u00fchendus: juhtmega pistik: USB reprodutseerimise sagedus 20-20000 Hz juhtelemendid: helitugevus, vaigistamine<\/p>\n","protected":false},"featured_media":21639,"comment_status":"closed","ping_status":"open","template":"","meta":{"inline_featured_image":false},"product_brand":[],"product_cat":[157,168],"product_tag":[],"class_list":{"0":"post-21638","1":"product","2":"type-product","3":"status-publish","4":"has-post-thumbnail","6":"product_cat-vse-dlya-kompyutera","7":"product_cat-naushniki","8":"pa_asukoht-mustamae","9":"pa_seisukord-ispolzovano","11":"first","12":"instock","13":"taxable","14":"shipping-taxable","15":"purchasable","16":"product-type-simple"},"_links":{"self":[{"href":"https:\/\/a-pant.ee\/ru\/wp-json\/wp\/v2\/product\/21638","targetHints":{"allow":["GET"]}}],"collection":[{"href":"https:\/\/a-pant.ee\/ru\/wp-json\/wp\/v2\/product"}],"about":[{"href":"https:\/\/a-pant.ee\/ru\/wp-json\/wp\/v2\/types\/product"}],"replies":[{"embeddable":true,"href":"https:\/\/a-pant.ee\/ru\/wp-json\/wp\/v2\/comments?post=21638"}],"wp:featuredmedia":[{"embeddable":true,"href":"https:\/\/a-pant.ee\/ru\/wp-json\/wp\/v2\/media\/21639"}],"wp:attachment":[{"href":"https:\/\/a-pant.ee\/ru\/wp-json\/wp\/v2\/media?parent=21638"}],"wp:term":[{"taxonomy":"product_brand","embeddable":true,"href":"https:\/\/a-pant.ee\/ru\/wp-json\/wp\/v2\/product_brand?post=21638"},{"taxonomy":"product_cat","embeddable":true,"href":"https:\/\/a-pant.ee\/ru\/wp-json\/wp\/v2\/product_cat?post=21638"},{"taxonomy":"product_tag","embeddable":true,"href":"https:\/\/a-pant.ee\/ru\/wp-json\/wp\/v2\/product_tag?post=21638"}],"curies":[{"name":"wp","href":"https:\/\/api.w.org\/{rel}","templated":true}]}}