{"id":21632,"date":"2026-02-03T23:06:00","date_gmt":"2026-02-03T20:06:00","guid":{"rendered":"https:\/\/a-pant.ee\/product\/perforator-milwaukee-plh-32-xe\/"},"modified":"2026-02-22T12:52:28","modified_gmt":"2026-02-22T09:52:28","slug":"perforator-milwaukee-plh-32-xe","status":"publish","type":"product","link":"https:\/\/a-pant.ee\/ru\/product\/perforator-milwaukee-plh-32-xe\/","title":{"rendered":"\u041f\u0435\u0440\u0444\u043e\u0440\u0430\u0442\u043e\u0440 MILWAUKEE PLH 32 XE"},"content":{"rendered":"\n<p> Puurvasar \u00a0MILWAUKEE PLH 32 XE, heas seisu- ja t\u00f6\u00f6korras! <\/p><p> KIRJELDUS <\/p><p> Vibratsioonitase vea v\u00e4ljalaskmisel, m \/ s\u00b2 1,5 <br \/> Viga vibratsioonitaset k\u00fclvamisel betooni, m \/ s\u00b2 1,5 <br \/> Helir\u00f5hk Viga, DBA 3 <br \/> M\u00fcratase viga, dBA 3 <br \/> Vibratsiooni tase k\u00fclvamisel betooni, m \/ s\u00b2 25 <br \/> Helir\u00f5hk, dBA 95 <br \/> M\u00fcratase, dBA 106 <br \/> V\u00f5imsus, W 900 <br \/> Energia Energia EPTA, J 3.8 <br \/> L\u00f6\u00f6gikoormus koormus, ud \/ min 0-4500 <br \/> Koormaga, rpm 0-800 <br \/> T\u00fc\u00fcpi SDS Plus varre <br \/> Max. L\u00e4bim\u00f5\u00f5t puurimine puu, mm 40 <br \/> Max. L\u00e4bim\u00f5\u00f5t puurimine terasest, mm 16 <br \/> Max. L\u00e4bim\u00f5\u00f5t puurimine betooni, mm 32 <br \/> Shock puurimine, m \/ C\u00b2 22 <br \/> Vibratsioonitase ajal part, m \/ s\u00b2 20 <br \/> Kaal, kg 3.6 <\/p>\n","protected":false},"excerpt":{"rendered":"<p>Puurvasar \u00a0MILWAUKEE PLH 32 XE, heas seisu- ja t\u00f6\u00f6korras! KIRJELDUS Vibratsioonitase vea v\u00e4ljalaskmisel, m \/ s\u00b2 1,5 Viga vibratsioonitaset k\u00fclvamisel betooni, m \/ s\u00b2 1,5 Helir\u00f5hk Viga, DBA 3 M\u00fcratase viga, dBA 3 Vibratsiooni tase k\u00fclvamisel betooni, m \/ s\u00b2 25 Helir\u00f5hk, dBA 95 M\u00fcratase, dBA 106 V\u00f5imsus, W 900 Energia Energia EPTA, J 3.8 [&hellip;]<\/p>\n","protected":false},"featured_media":21633,"comment_status":"closed","ping_status":"open","template":"","meta":{"inline_featured_image":false},"product_brand":[],"product_cat":[239],"product_tag":[],"class_list":{"0":"post-21632","1":"product","2":"type-product","3":"status-publish","4":"has-post-thumbnail","6":"product_cat-perforatory-i-dreli","7":"pa_asukoht-mustamae","8":"pa_seisukord-ispolzovano","10":"first","11":"instock","12":"taxable","13":"shipping-taxable","14":"purchasable","15":"product-type-simple"},"_links":{"self":[{"href":"https:\/\/a-pant.ee\/ru\/wp-json\/wp\/v2\/product\/21632","targetHints":{"allow":["GET"]}}],"collection":[{"href":"https:\/\/a-pant.ee\/ru\/wp-json\/wp\/v2\/product"}],"about":[{"href":"https:\/\/a-pant.ee\/ru\/wp-json\/wp\/v2\/types\/product"}],"replies":[{"embeddable":true,"href":"https:\/\/a-pant.ee\/ru\/wp-json\/wp\/v2\/comments?post=21632"}],"wp:featuredmedia":[{"embeddable":true,"href":"https:\/\/a-pant.ee\/ru\/wp-json\/wp\/v2\/media\/21633"}],"wp:attachment":[{"href":"https:\/\/a-pant.ee\/ru\/wp-json\/wp\/v2\/media?parent=21632"}],"wp:term":[{"taxonomy":"product_brand","embeddable":true,"href":"https:\/\/a-pant.ee\/ru\/wp-json\/wp\/v2\/product_brand?post=21632"},{"taxonomy":"product_cat","embeddable":true,"href":"https:\/\/a-pant.ee\/ru\/wp-json\/wp\/v2\/product_cat?post=21632"},{"taxonomy":"product_tag","embeddable":true,"href":"https:\/\/a-pant.ee\/ru\/wp-json\/wp\/v2\/product_tag?post=21632"}],"curies":[{"name":"wp","href":"https:\/\/api.w.org\/{rel}","templated":true}]}}