{"id":21595,"date":"2026-02-03T22:58:11","date_gmt":"2026-02-03T19:58:11","guid":{"rendered":"https:\/\/a-pant.ee\/product\/povorotnyy-lazer-stabila-lapr-150\/"},"modified":"2026-02-22T12:52:34","modified_gmt":"2026-02-22T09:52:34","slug":"povorotnyj-lazer-stabila-lapr-150-priemnik-palka","status":"publish","type":"product","link":"https:\/\/a-pant.ee\/ru\/product\/povorotnyj-lazer-stabila-lapr-150-priemnik-palka\/","title":{"rendered":"\u041f\u043e\u0432\u043e\u0440\u043e\u0442\u043d\u044b\u0439 \u043b\u0430\u0437\u0435\u0440 Stabila LAPR 150 + \u043f\u0440\u0438\u0435\u043c\u043d\u0438\u043a + \u043f\u0430\u043b\u043a\u0430"},"content":{"rendered":"\n<p> \u00a0P\u00f6\u00f6rdlasernivelliir Stabila LAPR 150 + vastuv\u00f5tja, heas seisu- ja t\u00f6\u00f6korras! <\/p><hr><p> KIRJELDUS <\/p><p> Isenivelleeruv p\u00f6\u00f6rdlaser, mis on vajalik igale ehitusplatsidele; <\/p><p> Suur t\u00f6\u00f6piirkond &#8212; kuni 240 m REC 150 vastuv\u00f5tjaga; <\/p><p> K\u00f5ik olulised omadused on antud seadmel olemas: horisontaalne ja vertikaalne p\u00f6\u00f6rlemine, 3-astmeline skaneerimine, lood, 90\u00b0; <\/p><p> Horisontaalne m\u00f5\u00f5tet\u00e4psus: \u00b1 0,2 mm\/m, vertikaalne: \u00b1 0,3 mm\/m; <\/p><p> IP 54 kaitseklass. <\/p>\n","protected":false},"excerpt":{"rendered":"<p>\u00a0P\u00f6\u00f6rdlasernivelliir Stabila LAPR 150 + vastuv\u00f5tja, heas seisu- ja t\u00f6\u00f6korras! KIRJELDUS Isenivelleeruv p\u00f6\u00f6rdlaser, mis on vajalik igale ehitusplatsidele; Suur t\u00f6\u00f6piirkond &#8212; kuni 240 m REC 150 vastuv\u00f5tjaga; K\u00f5ik olulised omadused on antud seadmel olemas: horisontaalne ja vertikaalne p\u00f6\u00f6rlemine, 3-astmeline skaneerimine, lood, 90\u00b0; Horisontaalne m\u00f5\u00f5tet\u00e4psus: \u00b1 0,2 mm\/m, vertikaalne: \u00b1 0,3 mm\/m; IP 54 kaitseklass.<\/p>\n","protected":false},"featured_media":21596,"comment_status":"closed","ping_status":"open","template":"","meta":{"inline_featured_image":false},"product_brand":[],"product_cat":[232],"product_tag":[],"class_list":{"0":"post-21595","1":"product","2":"type-product","3":"status-publish","4":"has-post-thumbnail","6":"product_cat-lazernye-niveliry","7":"pa_asukoht-mustamae","8":"pa_seisukord-ispolzovano","10":"first","11":"instock","12":"taxable","13":"shipping-taxable","14":"purchasable","15":"product-type-simple"},"_links":{"self":[{"href":"https:\/\/a-pant.ee\/ru\/wp-json\/wp\/v2\/product\/21595","targetHints":{"allow":["GET"]}}],"collection":[{"href":"https:\/\/a-pant.ee\/ru\/wp-json\/wp\/v2\/product"}],"about":[{"href":"https:\/\/a-pant.ee\/ru\/wp-json\/wp\/v2\/types\/product"}],"replies":[{"embeddable":true,"href":"https:\/\/a-pant.ee\/ru\/wp-json\/wp\/v2\/comments?post=21595"}],"wp:featuredmedia":[{"embeddable":true,"href":"https:\/\/a-pant.ee\/ru\/wp-json\/wp\/v2\/media\/21596"}],"wp:attachment":[{"href":"https:\/\/a-pant.ee\/ru\/wp-json\/wp\/v2\/media?parent=21595"}],"wp:term":[{"taxonomy":"product_brand","embeddable":true,"href":"https:\/\/a-pant.ee\/ru\/wp-json\/wp\/v2\/product_brand?post=21595"},{"taxonomy":"product_cat","embeddable":true,"href":"https:\/\/a-pant.ee\/ru\/wp-json\/wp\/v2\/product_cat?post=21595"},{"taxonomy":"product_tag","embeddable":true,"href":"https:\/\/a-pant.ee\/ru\/wp-json\/wp\/v2\/product_tag?post=21595"}],"curies":[{"name":"wp","href":"https:\/\/api.w.org\/{rel}","templated":true}]}}